{"id":227,"date":"2024-12-01T08:03:36","date_gmt":"2024-12-01T08:03:36","guid":{"rendered":"https:\/\/fubeshi.com\/maytinh\/?page_id=227"},"modified":"2024-12-09T11:14:12","modified_gmt":"2024-12-09T04:14:12","slug":"bao-hanh-tan-nha","status":"publish","type":"page","link":"https:\/\/shopcongnghehaiphong.com\/?page_id=227","title":{"rendered":"B\u1ea3o h\u00e0nh t\u1eadn nh\u00e0"},"content":{"rendered":"<h3 id=\"heading-0\">I.C\u00c1C B\u01af\u1edaC B\u1ea2O H\u00c0NH S\u1ea2N PH\u1ea8M T\u1ea0I H\u1ea2I PH\u00d2NG COMPUTER<\/h3>\n<ul>\n<li>B\u01b0\u1edbc 1:<\/li>\n<\/ul>\n<p>Khi c\u00f3 nhu c\u1ea7u b\u1ea3o h\u00e0nh s\u1ea3n ph\u1ea9m, kh\u00e1ch h\u00e0ng vui l\u00f2ng li\u00ean h\u1ec7 v\u1edbi H\u1ea3i Ph\u00f2ng Computer qua c\u00e1c h\u00ecnh th\u1ee9c sau:<\/p>\n<p>Hotline: 0899.256.166<\/p>\n<p>Tr\u00f2 chuy\u1ec7n tr\u1ef1c ti\u1ebfp v\u1edbi H\u1ea3i Ph\u00f2ng qua Fanpage<\/p>\n<p>Li\u00ean h\u1ec7 tr\u1ef1c ti\u1ebfp t\u1ea1i c\u1eeda h\u00e0ng<\/p>\n<ul>\n<li>B\u01b0\u1edbc 2:<\/li>\n<\/ul>\n<p>Qu\u00fd kh\u00e1ch g\u1eedi s\u1ea3n ph\u1ea9m ho\u1eb7c mang s\u1ea3n ph\u1ea9m c\u1ea7n b\u1ea3o h\u00e0ng \u0111\u1ebfn:<\/p>\n<p>Kh\u00e1ch h\u00e0ng t\u1ea1i H\u1ea3i Ph\u00f2ng c\u00f3 th\u1ec3 mang s\u1ea3n ph\u1ea9m tr\u1ef1c ti\u1ebfp \u0111\u1ebfn c\u1eeda h\u00e0ng \u0111\u1ecba ch\u1ec9 84 Qu\u00e1n Nam, L\u00ea Ch\u00e2n, H\u1ea3i Ph\u00f2ng.<\/p>\n<p>Kh\u00e1ch h\u00e0ng \u1edf t\u1ec9nh kh\u00e1c: Qu\u00fd kh\u00e1ch c\u00f3 th\u1ec3 \u0111\u1ebfn tr\u1ef1c ti\u1ebfp c\u1eeda h\u00e0ng ho\u1eb7c g\u1eedi s\u1ea3n ph\u1ea9m \u0111\u1ebfn shop th\u00f4ng qua c\u00e1c \u0111\u01a1n v\u1ecb v\u1eadn chuy\u1ec3n uy t\u00edn \u0111\u1ec3 tr\u00e1nh \u1ea3nh h\u01b0\u1edfng \u0111\u1ebfn s\u1ea3n ph\u1ea9m b\u00ean trong.<\/p>\n<ul>\n<li>B\u01b0\u1edbc 3:<\/li>\n<\/ul>\n<p>H\u1ea3i Ph\u00f2ng Computer nh\u1eadn s\u1ea3n ph\u1ea9m, ho\u00e0n t\u1ea5t x\u1eed l\u00fd b\u1ea3o h\u00e0ng v\u00e0 giao s\u1ea3n ph\u1ea9m \u0111\u1ebfn kh\u00e1ch h\u00e0ng.<\/p>\n<h3 id=\"heading-1\"><span id=\"II_DIEU_KIEN_BAO_HANH_SAN_PHAM\" class=\"ez-toc-section\"><\/span>II. \u0110I\u1ec0U KI\u1ec6N B\u1ea2O H\u00c0NH S\u1ea2N PH\u1ea8M<\/h3>\n<p>T\u1ea5t c\u1ea3 c\u00e1c s\u1ea3n ph\u1ea9m do H\u1ea3i Ph\u00f2ng Computer b\u00e1n ra \u0111\u1ec1u \u0111\u01b0\u1ee3c tu\u00e2n th\u1ee7 \u0111i\u1ec1u ki\u1ec7n b\u1ea3o h\u00e0nh c\u1ee7a nh\u00e0 cung c\u1ea5p, h\u00e3ng s\u1ea3n xu\u1ea5t. C\u00e1c tr\u01b0\u1eddng h\u1ee3p sau \u0111\u00e2y b\u1ecb coi l\u00e0 vi ph\u1ea1m \u0111i\u1ec1u ki\u1ec7n b\u1ea3o h\u00e0nh v\u00e0 kh\u00f4ng \u0111\u01b0\u1ee3c b\u1ea3o h\u00e0nh:<\/p>\n<p>\u2013 S\u1ea3n ph\u1ea9m b\u1ecb ti\u00eau hao trong qu\u00e1 tr\u00ecnh s\u1eed d\u1ee5ng (c\u00e1c lo\u1ea1i c\u00e1p, n\u1eafn d\u00f2ng, c\u00f4ng t\u1eafc ngu\u1ed3n, \u2026).<\/p>\n<p>\u2013 C\u00e1c ph\u1ea7n m\u1ec1m \u0111\u01b0\u1ee3c cung c\u1ea5p k\u00e8m theo m\u00e1y.<\/p>\n<p>\u2013 Kh\u00f4ng c\u00f3 phi\u1ebfu b\u1ea3o h\u00e0nh ho\u1eb7c c\u00f3 phi\u1ebfu b\u1ea3o h\u00e0nh nh\u01b0ng phi\u1ebfu b\u1ea3o h\u00e0nh kh\u00f4ng h\u1ee3p l\u1ec7 (<em>kh\u00f4ng c\u00f2n nguy\u00ean v\u1eb9n; b\u1ecb nh\u00e0u, n\u00e1t kh\u00f4ng \u0111\u1ecdc \u0111\u01b0\u1ee3c; b\u1ecb t\u1ea9y, xo\u00e1; b\u1ecb s\u1eeda ch\u1eefa n\u1ed9i dung; th\u00f4ng tin s\u1ea3n ph\u1ea9m \u0111\u01b0\u1ee3c th\u1ec3 hi\u1ec7n tr\u00ean phi\u1ebfu b\u1ea3o h\u00e0nh v\u00e0 tr\u00ean s\u1ea3n ph\u1ea9m l\u1ed7i kh\u00f4ng kh\u1edbp, \u2026<\/em>).<\/p>\n<p>\u2013 S\u1ea3n ph\u1ea9m h\u1ebft th\u1eddi h\u1ea1n b\u1ea3o h\u00e0nh (th\u1eddi h\u1ea1n b\u1ea3o h\u00e0nh s\u1ea3n ph\u1ea9m \u0111\u01b0\u1ee3c th\u1ec3 hi\u1ec7n tr\u00ean phi\u1ebfu b\u1ea3o h\u00e0nh c\u1ee7a s\u1ea3n ph\u1ea9m, \u2026).<\/p>\n<p>\u2013 Kh\u00f4ng c\u00f3 tem b\u1ea3o h\u00e0nh c\u1ee7a C\u00f4ng ty\/nh\u00e0 ph\u00e2n ph\u1ed1i\/h\u00e3ng s\u1ea3n xu\u1ea5t; ho\u1eb7c c\u00f3 nh\u01b0ng tem b\u1ea3o h\u00e0nh \u0111\u00f3 kh\u00f4ng h\u1ee3p l\u1ec7<em>\u00a0(b\u1ecb r\u00e1ch, b\u1ecb t\u1ea9y xo\u00e1, s\u1eeda ch\u1eefa, m\u1edd kh\u00f4ng \u0111\u1ecdc \u0111\u01b0\u1ee3c, bong\/tr\u00f3c, \u2026).<\/em><\/p>\n<p>\u2013 S\u1ed1 serial, m\u00e3 v\u1ea1ch, th\u00f4ng s\u1ed1 k\u1ef9 thu\u1eadt tr\u00ean s\u1ea3n ph\u1ea9m kh\u00f4ng h\u1ee3p l\u1ec7\u00a0<em>(b\u1ecb m\u1edd kh\u00f4ng \u0111\u1ecdc \u0111\u01b0\u1ee3c, b\u1ecb c\u1ea1o, b\u1ecb s\u1eeda, b\u1ecb r\u00e1ch, b\u1ecb bong\/tr\u00f3c, b\u1ecb thay \u0111\u1ed5i).<\/em><\/p>\n<p>\u2013 S\u1ea3n ph\u1ea9m b\u1ecb l\u1ed7i do nguy\u00ean nh\u00e2n b\u1ea5t kh\u1ea3 kh\u00e1ng (l\u0169 l\u1ee5t, ho\u1ea3 ho\u1ea1n, ngu\u1ed3n \u0111i\u1ec7n kh\u00f4ng b\u00ecnh th\u01b0\u1eddng, sai \u0111i\u1ec7n \u00e1p quy \u0111\u1ecbnh \u2026).<\/p>\n<p>\u2013 S\u1ea3n ph\u1ea9m b\u1ecb l\u1ed7i h\u00ecnh th\u1ee9c, bi\u1ebfn d\u1ea1ng v\u1eadt l\u00fd do b\u1ecb r\u01a1i, va \u0111\u1eadp, v\u1eadn chuy\u1ec3n\/l\u1eafp \u0111\u1eb7t sai quy c\u00e1ch, h\u01b0 h\u1ecfng do chu\u1ed9t b\u1ecd ho\u1eb7c c\u00f4n tr\u00f9ng x\u00e2m nh\u1eadp, s\u1ea3n ph\u1ea9m b\u1ecb m\u1ed1c, b\u1ecb hoen r\u1ec9, \u1ea9m \u01b0\u1edbt, b\u1ecb bi\u1ebfn d\u1ea1ng nh\u01b0 tr\u1ea7y, x\u01b0\u1edbc, l\u1ed3i, l\u00f5m, m\u00f3p m\u00e9o, \u1ed1 v\u00e0ng, m\u1edd ch\u1eef, n\u1ee9t, v\u1ee1, vi\u1ebft ch\u1eef kh\u00f4ng t\u1ea9y \u0111\u01b0\u1ee3c\u2026<\/p>\n<p>\u2013 S\u1ea3n ph\u1ea9m t\u1ef1 \u00fd th\u00e1o d\u1ee1, s\u1eeda ch\u1eefa b\u1edfi c\u00e1c c\u00e1 nh\u00e2n ho\u1eb7c k\u1ef9 thu\u1eadt vi\u00ean kh\u00f4ng \u0111\u01b0\u1ee3c s\u1ef1 \u1ee7y quy\u1ec1n c\u1ee7a H\u1ea3i Ph\u00f2ng Computer.<\/p>\n<div id=\"HEADLINE265\" class=\"ladi-element\">\n<h3 id=\"heading-2\" class=\"ladi-headline\"><span id=\"IIIThoi_gian_xu_ly_doi_voi_bao_hanh_san_pham\" class=\"ez-toc-section\"><\/span>III.Th\u1eddi gian x\u1eed l\u00fd \u0111\u1ed1i v\u1edbi b\u1ea3o h\u00e0nh s\u1ea3n ph\u1ea9m<\/h3>\n<\/div>\n<p class=\"ladi-headline\">Nh\u00e2n vi\u00ean k\u0129 thu\u1eadt \u2013 b\u1ea3o h\u00e0nh H\u1ea3i Ph\u00f2ng Computer ti\u1ebfn h\u00e0nh ki\u1ec3m tra ngay th\u1eddi \u0111i\u1ec3m ti\u1ebfp nh\u1eadn s\u1ea3n ph\u1ea9m b\u1ea3o h\u00e0nh:<\/p>\n<p class=\"ladi-headline\">\u2022 Ph\u00e1t hi\u1ec7n ra l\u1ed7i:<\/p>\n<p class=\"ladi-headline\">\u2022 Ch\u01b0a ph\u00e1t hi\u1ec7n ra l\u1ed7i:<\/p>\n<p class=\"ladi-headline\">H\u1ea3i Ph\u00f2ng Computer ti\u1ebfn h\u00e0nh x\u1eed l\u00fd b\u1ea3o h\u00e0nh theo ch\u00ednh s\u00e1ch b\u1ea3o h\u00e0nh c\u1ee7a s\u1ea3n ph\u1ea9m.<\/p>\n<div id=\"HEADLINE312\" class=\"ladi-element\">\n<p class=\"ladi-headline\">H\u1ea3i Ph\u00f2ng Computer c\u00f3 th\u1ec3 gi\u1eef l\u1ea1i s\u1ea3n ph\u1ea9m \u0111\u1ec3 ti\u1ebfp t\u1ee5c ki\u1ec3m tra trong v\u00f2ng 3 ng\u00e0y l\u00e0m vi\u1ec7c n\u1ebfu c\u00f3 y\u00eau c\u1ea7u ki\u1ec3m tra c\u1ee7a kh\u00e1ch h\u00e0ng(kh\u00f4ng bao g\u1ed3m th\u1ee9 7, Ch\u1ee7 Nh\u1eadt &amp; c\u00e1c ng\u00e0y L\u1ec5, T\u1ebft).<br \/>\nSau 3 ng\u00e0y ki\u1ec3m tra v\u1eabn ch\u01b0a ph\u00e1t hi\u1ec7n \u0111\u01b0\u1ee3c l\u1ed7i c\u1ee7a s\u1ea3n ph\u1ea9m, H\u1ea3i Ph\u00f2ng Computer xin ph\u00e9p ho\u00e0n tr\u1ea3 l\u1ea1i s\u1ea3n ph\u1ea9m \u0111\u1ebfn qu\u00fd kh\u00e1ch.<\/p>\n<p><strong>\u0110\u1ed1i v\u1edbi s\u1ea3n ph\u1ea9m b\u1ea3o h\u00e0nh t\u1ea1i h\u00e3ng:<\/strong><\/p>\n<p>N\u1ebfu Qu\u00fd kh\u00e1ch h\u00e0ng g\u1eedi b\u1ea3o h\u00e0nh t\u1ea1i H\u1ea3i Ph\u00f2ng Computer t\u1edbi h\u00e3ng th\u00ec th\u1eddi gian tr\u1ea3 b\u1ea3o h\u00e0nh ph\u1ee5 thu\u1ed9c v\u00e0o h\u00e3ng. H\u1ea3i Ph\u00f2ng Computer \u0111\u1ea3m b\u1ea3o lu\u00f4n \u0111\u00f4n \u0111\u1ed1c h\u00e3ng tr\u1ea3 b\u1ea3o h\u00e0nh trong th\u1eddi gian s\u1edbm nh\u1ea5t cho Qu\u00fd kh\u00e1ch h\u00e0ng v\u00e0 li\u00ean l\u1ea1c v\u1edbi kh\u00e1ch h\u00e0ng ngay khi h\u00e3ng tr\u1ea3 b\u1ea3o h\u00e0nh.<\/p>\n<h3 id=\"heading-3\"><span id=\"IV_DICH_VU_BAO_HANH_DAC_BIET_AP_DUNG_CHO_CA_CA_NHAN_VA_DOANH_NGHIEP\" class=\"ez-toc-section\"><\/span><strong>IV. D\u1ecaCH V\u1ee4 B\u1ea2O H\u00c0NH \u0110\u1eb6C BI\u1ec6T (\u00c1P D\u1ee4NG CHO C\u1ea2 C\u00c1 NH\u00c2N V\u00c0 DOANH NGHI\u1ec6P)<\/strong><\/h3>\n<p><strong>\u00a0D\u1ecbch v\u1ee5 b\u1ea3o h\u00e0nh t\u1eadn n\u01a1i s\u1eed d\u1ee5ng:<\/strong><\/p>\n<p>\u0110\u00e2y l\u00e0 d\u1ecbch v\u1ee5 m\u00e0 H\u1ea3i Ph\u00f2ng Computer t\u1ef1 h\u00e0o \u0111\u00e3 v\u00e0 \u0111ang tri\u1ec3n khai trong su\u1ed1t th\u1eddi gian ho\u1ea1t \u0111\u1ed9ng hi\u1ec7n nay.<\/p>\n<p>S\u1ea3n ph\u1ea9m c\u1ee7a Qu\u00fd kh\u00e1ch h\u00e0ng s\u1ebd \u0111\u01b0\u1ee3c b\u1ea3o h\u00e0nh t\u1ea1i n\u01a1i s\u1eed d\u1ee5ng n\u1ebfu thu\u1ed9c m\u1ed9t trong c\u00e1c tr\u01b0\u1eddng h\u1ee3p:<\/p>\n<p>\u2013 S\u1ea3n ph\u1ea9m g\u1eb7p l\u1ed7i ph\u1ea7n c\u1ee9ng (b\u1ea3o h\u00e0nh mi\u1ec5n ph\u00ed) ho\u1eb7c kh\u00e1ch h\u00e0ng \u0111\u0103ng k\u00fd d\u1ecbch v\u1ee5 b\u1ea3o h\u00e0nh t\u1ea1i n\u01a1i s\u1eed d\u1ee5ng theo y\u00eau c\u1ea7u ph\u00e1t sinh (m\u1ea5t ph\u00ed).<\/p>\n<p>\u2013 Ho\u1eb7c trong h\u1ee3p \u0111\u1ed3ng mua b\u00e1n h\u00e0ng h\u00f3a gi\u1eefa kh\u00e1ch h\u00e0ng v\u00e0 H\u1ea3i Ph\u00f2ng Computer c\u00f3 \u0111i\u1ec1u kho\u1ea3n quy \u0111\u1ecbnh v\u1ec1 vi\u1ec7c b\u1ea3o h\u00e0nh t\u1ea1i n\u01a1i s\u1eed d\u1ee5ng.<\/p>\n<p>\u2013 D\u1ecbch v\u1ee5 b\u1ea3o h\u00e0nh t\u1eadn n\u01a1i s\u1eed d\u1ee5ng ch\u1ec9 \u00e1p d\u1ee5ng t\u1ea1i H\u1ea3i Ph\u00f2ng n\u1ebfu \u1edf xa qu\u00fd kh\u00e1ch h\u00e0ng g\u1eedi \u0111\u1ebfn H\u1ea3i Ph\u00f2ng Computer \u0111\u1ec3 ch\u00fang t\u00f4i b\u1ea3o h\u00e0nh<\/p>\n<p>\u2013 Th\u1eddi gian \u0111\u00e1p \u1ee9ng y\u00eau c\u1ea7u b\u1ea3o h\u00e0nh t\u1ea1i n\u01a1i s\u1eed d\u1ee5ng: Ch\u1eadm nh\u1ea5t l\u00e0 60 ph\u00fat k\u1ec3 t\u1eeb th\u1eddi \u0111i\u1ec3m nh\u1eadn \u0111\u01b0\u1ee3c th\u00f4ng tin c\u1ee7a kh\u00e1ch h\u00e0ng, ch\u00fang t\u00f4i s\u1ebd c\u00f3 m\u1eb7t \u0111\u1ec3 th\u1ef1c hi\u1ec7n nghi\u1ec7p v\u1ee5 b\u1ea3o h\u00e0nh t\u1ea1i n\u01a1i s\u1eed d\u1ee5ng cho s\u1ea3n ph\u1ea9m c\u1ee7a Qu\u00fd kh\u00e1ch (\u00e1p d\u1ee5ng \u0111\u1ed1i v\u1edbi tr\u01b0\u1eddng h\u1ee3p kho\u1ea3ng c\u00e1ch t\u1ed1i \u0111a gi\u1eefa n\u01a1i s\u1eed d\u1ee5ng c\u1ee7a Qu\u00fd kh\u00e1ch v\u00e0 c\u01a1 s\u1edf g\u1ea7n nh\u1ea5t c\u1ee7a H\u1ea3i Ph\u00f2ng Computer l\u00e0 20km; v\u1edbi kho\u1ea3ng c\u00e1ch xa h\u01a1n, ch\u00fang t\u00f4i s\u1ebd tho\u1ea3 thu\u1eadn v\u1ec1 th\u1eddi gian v\u1edbi Qu\u00fd kh\u00e1ch h\u00e0ng).<\/p>\n<p>&gt;&gt;\u00a0H\u1ea3i Ph\u00f2ng Computer mi\u1ec5n ph\u00ed b\u1ea3o h\u00e0nh l\u1ed7i ph\u1ea7n c\u1ee9ng t\u1ea1i nh\u00e0. V\u1ec7 sinh, c\u00e0i \u0111\u1eb7t ph\u1ea7n m\u1ec1m, h\u1ec7 \u0111i\u1ec1u h\u00e0nh mi\u1ec5n ph\u00ed 100% \u00e1p d\u1ee5ng cho kh\u00e1ch h\u00e0ng mang s\u1ea3n ph\u1ea9m \u0111\u1ebfn c\u1eeda h\u00e0ng (v\u1ec7 sinh, h\u1ed7 tr\u1ee3 ph\u1ea7n m\u1ec1m t\u1ea1i nh\u00e0 m\u1ea5t ph\u00ed)<\/p>\n<h3 id=\"heading-4\"><span id=\"VHINH_THUC_BAO_HANH_SAN_PHAM\" class=\"ez-toc-section\"><\/span><strong>V.H\u00ccNH TH\u1ee8C B\u1ea2O H\u00c0NH S\u1ea2N PH\u1ea8M<\/strong><\/h3>\n<p>B\u1ea3o h\u00e0nh t\u1ea1i h\u00e3ng: \u0110\u01b0\u1ee3c \u00e1p d\u1ee5ng v\u1edbi t\u1ea5t c\u1ea3 s\u1ea3n ph\u1ea9m c\u00f3 phi\u1ebfu b\u1ea3o h\u00e0nh t\u1ea1i h\u00e3ng ho\u1eb7c tr\u00ean phi\u1ebfu b\u1ea3o h\u00e0nh c\u1ee7a H\u1ea3i Ph\u00f2ng Computer ghi r\u00f5 \u201cb\u1ea3o h\u00e0nh t\u1ea1i h\u00e3ng\u201d.<\/p>\n<p>Khi ph\u00e1t sinh nhu c\u1ea7u b\u1ea3o h\u00e0nh s\u1ea3n ph\u1ea9m, Qu\u00fd kh\u00e1ch h\u00e0ng vui l\u00f2ng li\u00ean h\u1ec7 tr\u1ef1c ti\u1ebfp v\u1edbi trung t\u00e2m b\u1ea3o h\u00e0nh c\u1ee7a h\u00e3ng \u0111\u1ec3 \u0111\u01b0\u1ee3c h\u01b0\u1edbng d\u1eabn th\u1ee7 t\u1ee5c b\u1ea3o h\u00e0nh. Qu\u00fd kh\u00e1ch h\u00e0ng c\u00f3 th\u1ec3 tham kh\u1ea3o th\u00f4ng tin v\u1ec1 \u0111\u1ecba ch\u1ec9, s\u1ed1 \u0111i\u1ec7n tho\u1ea1i c\u1ee7a trung t\u00e2m b\u1ea3o h\u00e0nh c\u1ee7a h\u00e3ng t\u1ea1i \u1edf d\u01b0\u1edbi<\/p>\n<p>\u2013 B\u1ea3o h\u00e0nh t\u1ea1i H\u1ea3i Ph\u00f2ng Computer: \u0110\u01b0\u1ee3c \u00e1p d\u1ee5ng v\u1edbi t\u1ea5t c\u1ea3 s\u1ea3n ph\u1ea9m kh\u00f4ng vi ph\u1ea1m \u0111i\u1ec1u ki\u1ec7n b\u1ea3o h\u00e0nh c\u1ee7a H\u1ea3i Ph\u00f2ng Computer.<\/p>\n<p>\u2013 B\u1ea3o h\u00e0nh t\u1ea1i n\u01a1i s\u1eed d\u1ee5ng: Chi ti\u1ebft tham kh\u1ea3o t\u1ea1i m\u1ee5c b\u1ea3o h\u00e0nh t\u1ea1i n\u01a1i s\u1eed d\u1ee5ng.<\/p>\n<\/div>\n","protected":false},"excerpt":{"rendered":"<p>I.C\u00c1C B\u01af\u1edaC B\u1ea2O H\u00c0NH S\u1ea2N PH\u1ea8M T\u1ea0I H\u1ea2I PH\u00d2NG COMPUTER B\u01b0\u1edbc 1: Khi c\u00f3 nhu c\u1ea7u b\u1ea3o h\u00e0nh s\u1ea3n ph\u1ea9m, kh\u00e1ch h\u00e0ng vui l\u00f2ng li\u00ean h\u1ec7 v\u1edbi H\u1ea3i Ph\u00f2ng Computer qua c\u00e1c h\u00ecnh th\u1ee9c sau: Hotline: 0899.256.166 Tr\u00f2 chuy\u1ec7n tr\u1ef1c ti\u1ebfp v\u1edbi H\u1ea3i Ph\u00f2ng qua Fanpage Li\u00ean h\u1ec7 tr\u1ef1c ti\u1ebfp t\u1ea1i c\u1eeda h\u00e0ng B\u01b0\u1edbc 2:&#8230;<\/p>\n","protected":false},"author":1,"featured_media":0,"parent":0,"menu_order":0,"comment_status":"closed","ping_status":"closed","template":"","meta":{"_acf_changed":false,"footnotes":""},"class_list":["post-227","page","type-page","status-publish","hentry"],"acf":[],"rankMath":{"parentDomain":"shopcongnghehaiphong.com","noFollowDomains":[],"noFollowExcludeDomains":[],"noFollowExternalLinks":false,"featuredImageNotice":"H\u00ecnh \u1ea3nh n\u1ed5i b\u1eadt n\u00ean c\u00f3 k\u00edch th\u01b0\u1edbc \u00edt nh\u1ea5t 200 x 200 pixel \u0111\u1ec3 \u0111\u01b0\u1ee3c Facebook v\u00e0 c\u00e1c trang m\u1ea1ng x\u00e3 h\u1ed9i kh\u00e1c ch\u1ecdn.","pluginReviewed":false,"postSettings":{"linkSuggestions":true,"useFocusKeyword":false},"frontEndScore":false,"postName":"bao-hanh-tan-nha","permalinkFormat":"https:\/\/shopcongnghehaiphong.com\/?page_id=227","showLockModifiedDate":true,"assessor":{"focusKeywordLink":"https:\/\/shopcongnghehaiphong.com\/wp-admin\/edit.php?focus_keyword=%focus_keyword%&post_type=%post_type%","hasTOCPlugin":false,"primaryTaxonomy":false,"serpData":{"title":"","description":"","focusKeywords":"","pillarContent":false,"canonicalUrl":"","breadcrumbTitle":"","advancedRobots":[],"facebookTitle":"","facebookDescription":"","facebookImage":"","facebookImageID":"","facebookHasOverlay":false,"facebookImageOverlay":"","facebookAuthor":"","twitterCardType":"","twitterUseFacebook":true,"twitterTitle":"","twitterDescription":"","twitterImage":"","twitterImageID":"","twitterHasOverlay":false,"twitterImageOverlay":"","twitterPlayerUrl":"","twitterPlayerSize":"","twitterPlayerStream":"","twitterPlayerStreamCtype":"","twitterAppDescription":"","twitterAppIphoneName":"","twitterAppIphoneID":"","twitterAppIphoneUrl":"","twitterAppIpadName":"","twitterAppIpadID":"","twitterAppIpadUrl":"","twitterAppGoogleplayName":"","twitterAppGoogleplayID":"","twitterAppGoogleplayUrl":"","twitterAppCountry":"","robots":{"index":true},"twitterAuthor":"t\u00ean ng\u01b0\u1eddi d\u00f9ng","primaryTerm":0,"authorName":"admin","titleTemplate":"%title% %sep% %sitename%","descriptionTemplate":"%excerpt%","showScoreFrontend":true,"lockModifiedDate":false},"powerWords":[],"diacritics":{"A":"[\\u0041\\u24B6\\uFF21\\u00C0\\u00C1\\u00C2\\u1EA6\\u1EA4\\u1EAA\\u1EA8\\u00C3\\u0100\\u0102\\u1EB0\\u1EAE\\u1EB4\\u1EB2\\u0226\\u01E0\\u00C4\\u01DE\\u1EA2\\u00C5\\u01FA\\u01CD\\u0200\\u0202\\u1EA0\\u1EAC\\u1EB6\\u1E00\\u0104\\u023A\\u2C6F]","AA":"[\\uA732]","AE":"[\\u00C6\\u01FC\\u01E2]","AO":"[\\uA734]","AU":"[\\uA736]","AV":"[\\uA738\\uA73A]","AY":"[\\uA73C]","B":"[\\u0042\\u24B7\\uFF22\\u1E02\\u1E04\\u1E06\\u0243\\u0182\\u0181]","C":"[\\u0043\\u24B8\\uFF23\\u0106\\u0108\\u010A\\u010C\\u00C7\\u1E08\\u0187\\u023B\\uA73E]","D":"[\\u0044\\u24B9\\uFF24\\u1E0A\\u010E\\u1E0C\\u1E10\\u1E12\\u1E0E\\u0110\\u018B\\u018A\\u0189\\uA779]","DZ":"[\\u01F1\\u01C4]","Dz":"[\\u01F2\\u01C5]","E":"[\\u0045\\u24BA\\uFF25\\u00C8\\u00C9\\u00CA\\u1EC0\\u1EBE\\u1EC4\\u1EC2\\u1EBC\\u0112\\u1E14\\u1E16\\u0114\\u0116\\u00CB\\u1EBA\\u011A\\u0204\\u0206\\u1EB8\\u1EC6\\u0228\\u1E1C\\u0118\\u1E18\\u1E1A\\u0190\\u018E]","F":"[\\u0046\\u24BB\\uFF26\\u1E1E\\u0191\\uA77B]","G":"[\\u0047\\u24BC\\uFF27\\u01F4\\u011C\\u1E20\\u011E\\u0120\\u01E6\\u0122\\u01E4\\u0193\\uA7A0\\uA77D\\uA77E]","H":"[\\u0048\\u24BD\\uFF28\\u0124\\u1E22\\u1E26\\u021E\\u1E24\\u1E28\\u1E2A\\u0126\\u2C67\\u2C75\\uA78D]","I":"[\\u0049\\u24BE\\uFF29\\u00CC\\u00CD\\u00CE\\u0128\\u012A\\u012C\\u0130\\u00CF\\u1E2E\\u1EC8\\u01CF\\u0208\\u020A\\u1ECA\\u012E\\u1E2C\\u0197]","J":"[\\u004A\\u24BF\\uFF2A\\u0134\\u0248]","K":"[\\u004B\\u24C0\\uFF2B\\u1E30\\u01E8\\u1E32\\u0136\\u1E34\\u0198\\u2C69\\uA740\\uA742\\uA744\\uA7A2]","L":"[\\u004C\\u24C1\\uFF2C\\u013F\\u0139\\u013D\\u1E36\\u1E38\\u013B\\u1E3C\\u1E3A\\u0141\\u023D\\u2C62\\u2C60\\uA748\\uA746\\uA780]","LJ":"[\\u01C7]","Lj":"[\\u01C8]","M":"[\\u004D\\u24C2\\uFF2D\\u1E3E\\u1E40\\u1E42\\u2C6E\\u019C]","N":"[\\u004E\\u24C3\\uFF2E\\u01F8\\u0143\\u00D1\\u1E44\\u0147\\u1E46\\u0145\\u1E4A\\u1E48\\u0220\\u019D\\uA790\\uA7A4]","NJ":"[\\u01CA]","Nj":"[\\u01CB]","O":"[\\u004F\\u24C4\\uFF2F\\u00D2\\u00D3\\u00D4\\u1ED2\\u1ED0\\u1ED6\\u1ED4\\u00D5\\u1E4C\\u022C\\u1E4E\\u014C\\u1E50\\u1E52\\u014E\\u022E\\u0230\\u00D6\\u022A\\u1ECE\\u0150\\u01D1\\u020C\\u020E\\u01A0\\u1EDC\\u1EDA\\u1EE0\\u1EDE\\u1EE2\\u1ECC\\u1ED8\\u01EA\\u01EC\\u00D8\\u01FE\\u0186\\u019F\\uA74A\\uA74C]","OI":"[\\u01A2]","OO":"[\\uA74E]","OU":"[\\u0222]","P":"[\\u0050\\u24C5\\uFF30\\u1E54\\u1E56\\u01A4\\u2C63\\uA750\\uA752\\uA754]","Q":"[\\u0051\\u24C6\\uFF31\\uA756\\uA758\\u024A]","R":"[\\u0052\\u24C7\\uFF32\\u0154\\u1E58\\u0158\\u0210\\u0212\\u1E5A\\u1E5C\\u0156\\u1E5E\\u024C\\u2C64\\uA75A\\uA7A6\\uA782]","S":"[\\u0053\\u24C8\\uFF33\\u1E9E\\u015A\\u1E64\\u015C\\u1E60\\u0160\\u1E66\\u1E62\\u1E68\\u0218\\u015E\\u2C7E\\uA7A8\\uA784]","T":"[\\u0054\\u24C9\\uFF34\\u1E6A\\u0164\\u1E6C\\u021A\\u0162\\u1E70\\u1E6E\\u0166\\u01AC\\u01AE\\u023E\\uA786]","TZ":"[\\uA728]","U":"[\\u0055\\u24CA\\uFF35\\u00D9\\u00DA\\u00DB\\u0168\\u1E78\\u016A\\u1E7A\\u016C\\u00DC\\u01DB\\u01D7\\u01D5\\u01D9\\u1EE6\\u016E\\u0170\\u01D3\\u0214\\u0216\\u01AF\\u1EEA\\u1EE8\\u1EEE\\u1EEC\\u1EF0\\u1EE4\\u1E72\\u0172\\u1E76\\u1E74\\u0244]","V":"[\\u0056\\u24CB\\uFF36\\u1E7C\\u1E7E\\u01B2\\uA75E\\u0245]","VY":"[\\uA760]","W":"[\\u0057\\u24CC\\uFF37\\u1E80\\u1E82\\u0174\\u1E86\\u1E84\\u1E88\\u2C72]","X":"[\\u0058\\u24CD\\uFF38\\u1E8A\\u1E8C]","Y":"[\\u0059\\u24CE\\uFF39\\u1EF2\\u00DD\\u0176\\u1EF8\\u0232\\u1E8E\\u0178\\u1EF6\\u1EF4\\u01B3\\u024E\\u1EFE]","Z":"[\\u005A\\u24CF\\uFF3A\\u0179\\u1E90\\u017B\\u017D\\u1E92\\u1E94\\u01B5\\u0224\\u2C7F\\u2C6B\\uA762]","a":"[\\u0061\\u24D0\\uFF41\\u1E9A\\u00E0\\u00E1\\u00E2\\u1EA7\\u1EA5\\u1EAB\\u1EA9\\u00E3\\u0101\\u0103\\u1EB1\\u1EAF\\u1EB5\\u1EB3\\u0227\\u01E1\\u00E4\\u01DF\\u1EA3\\u00E5\\u01FB\\u01CE\\u0201\\u0203\\u1EA1\\u1EAD\\u1EB7\\u1E01\\u0105\\u2C65\\u0250]","aa":"[\\uA733]","ae":"[\\u00E6\\u01FD\\u01E3]","ao":"[\\uA735]","au":"[\\uA737]","av":"[\\uA739\\uA73B]","ay":"[\\uA73D]","b":"[\\u0062\\u24D1\\uFF42\\u1E03\\u1E05\\u1E07\\u0180\\u0183\\u0253]","c":"[\\u0063\\u24D2\\uFF43\\u0107\\u0109\\u010B\\u010D\\u00E7\\u1E09\\u0188\\u023C\\uA73F\\u2184]","d":"[\\u0064\\u24D3\\uFF44\\u1E0B\\u010F\\u1E0D\\u1E11\\u1E13\\u1E0F\\u0111\\u018C\\u0256\\u0257\\uA77A]","dz":"[\\u01F3\\u01C6]","e":"[\\u0065\\u24D4\\uFF45\\u00E8\\u00E9\\u00EA\\u1EC1\\u1EBF\\u1EC5\\u1EC3\\u1EBD\\u0113\\u1E15\\u1E17\\u0115\\u0117\\u00EB\\u1EBB\\u011B\\u0205\\u0207\\u1EB9\\u1EC7\\u0229\\u1E1D\\u0119\\u1E19\\u1E1B\\u0247\\u025B\\u01DD]","f":"[\\u0066\\u24D5\\uFF46\\u1E1F\\u0192\\uA77C]","g":"[\\u0067\\u24D6\\uFF47\\u01F5\\u011D\\u1E21\\u011F\\u0121\\u01E7\\u0123\\u01E5\\u0260\\uA7A1\\u1D79\\uA77F]","h":"[\\u0068\\u24D7\\uFF48\\u0125\\u1E23\\u1E27\\u021F\\u1E25\\u1E29\\u1E2B\\u1E96\\u0127\\u2C68\\u2C76\\u0265]","hv":"[\\u0195]","i":"[\\u0069\\u24D8\\uFF49\\u00EC\\u00ED\\u00EE\\u0129\\u012B\\u012D\\u00EF\\u1E2F\\u1EC9\\u01D0\\u0209\\u020B\\u1ECB\\u012F\\u1E2D\\u0268\\u0131]","j":"[\\u006A\\u24D9\\uFF4A\\u0135\\u01F0\\u0249]","k":"[\\u006B\\u24DA\\uFF4B\\u1E31\\u01E9\\u1E33\\u0137\\u1E35\\u0199\\u2C6A\\uA741\\uA743\\uA745\\uA7A3]","l":"[\\u006C\\u24DB\\uFF4C\\u0140\\u013A\\u013E\\u1E37\\u1E39\\u013C\\u1E3D\\u1E3B\\u017F\\u0142\\u019A\\u026B\\u2C61\\uA749\\uA781\\uA747]","lj":"[\\u01C9]","m":"[\\u006D\\u24DC\\uFF4D\\u1E3F\\u1E41\\u1E43\\u0271\\u026F]","n":"[\\u006E\\u24DD\\uFF4E\\u01F9\\u0144\\u00F1\\u1E45\\u0148\\u1E47\\u0146\\u1E4B\\u1E49\\u019E\\u0272\\u0149\\uA791\\uA7A5]","nj":"[\\u01CC]","o":"[\\u006F\\u24DE\\uFF4F\\u00F2\\u00F3\\u00F4\\u1ED3\\u1ED1\\u1ED7\\u1ED5\\u00F5\\u1E4D\\u022D\\u1E4F\\u014D\\u1E51\\u1E53\\u014F\\u022F\\u0231\\u00F6\\u022B\\u1ECF\\u0151\\u01D2\\u020D\\u020F\\u01A1\\u1EDD\\u1EDB\\u1EE1\\u1EDF\\u1EE3\\u1ECD\\u1ED9\\u01EB\\u01ED\\u00F8\\u01FF\\u0254\\uA74B\\uA74D\\u0275]","oi":"[\\u01A3]","ou":"[\\u0223]","oo":"[\\uA74F]","p":"[\\u0070\\u24DF\\uFF50\\u1E55\\u1E57\\u01A5\\u1D7D\\uA751\\uA753\\uA755]","q":"[\\u0071\\u24E0\\uFF51\\u024B\\uA757\\uA759]","r":"[\\u0072\\u24E1\\uFF52\\u0155\\u1E59\\u0159\\u0211\\u0213\\u1E5B\\u1E5D\\u0157\\u1E5F\\u024D\\u027D\\uA75B\\uA7A7\\uA783]","s":"[\\u0073\\u24E2\\uFF53\\u015B\\u1E65\\u015D\\u1E61\\u0161\\u1E67\\u1E63\\u1E69\\u0219\\u015F\\u023F\\uA7A9\\uA785\\u1E9B]","ss":"[\\u00DF]","t":"[\\u0074\\u24E3\\uFF54\\u1E6B\\u1E97\\u0165\\u1E6D\\u021B\\u0163\\u1E71\\u1E6F\\u0167\\u01AD\\u0288\\u2C66\\uA787]","tz":"[\\uA729]","u":"[\\u0075\\u24E4\\uFF55\\u00F9\\u00FA\\u00FB\\u0169\\u1E79\\u016B\\u1E7B\\u016D\\u00FC\\u01DC\\u01D8\\u01D6\\u01DA\\u1EE7\\u016F\\u0171\\u01D4\\u0215\\u0217\\u01B0\\u1EEB\\u1EE9\\u1EEF\\u1EED\\u1EF1\\u1EE5\\u1E73\\u0173\\u1E77\\u1E75\\u0289]","v":"[\\u0076\\u24E5\\uFF56\\u1E7D\\u1E7F\\u028B\\uA75F\\u028C]","vy":"[\\uA761]","w":"[\\u0077\\u24E6\\uFF57\\u1E81\\u1E83\\u0175\\u1E87\\u1E85\\u1E98\\u1E89\\u2C73]","x":"[\\u0078\\u24E7\\uFF58\\u1E8B\\u1E8D]","y":"[\\u0079\\u24E8\\uFF59\\u1EF3\\u00FD\\u0177\\u1EF9\\u0233\\u1E8F\\u00FF\\u1EF7\\u1E99\\u1EF5\\u01B4\\u024F\\u1EFF]","z":"[\\u007A\\u24E9\\uFF5A\\u017A\\u1E91\\u017C\\u017E\\u1E93\\u1E95\\u01B6\\u0225\\u0240\\u2C6C\\uA763]"},"researchesTests":["contentHasTOC","contentHasShortParagraphs","contentHasAssets","keywordInTitle","keywordInMetaDescription","keywordInPermalink","keywordIn10Percent","keywordInContent","keywordInSubheadings","keywordInImageAlt","keywordDensity","keywordNotUsed","lengthContent","lengthPermalink","linksHasInternal","linksHasExternals","linksNotAllExternals","titleStartWithKeyword","titleSentiment","titleHasPowerWords","titleHasNumber","hasContentAI"],"hasRedirection":false,"hasBreadcrumb":false},"homeUrl":"https:\/\/shopcongnghehaiphong.com","objectID":227,"objectType":"post","locale":"vi","localeFull":"vi","overlayImages":{"play":{"name":"Bi\u1ec3u t\u01b0\u1ee3ng ph\u00e1t","url":"https:\/\/shopcongnghehaiphong.com\/wp-content\/plugins\/seo-by-rank-math\/assets\/admin\/img\/icon-play.png","path":"\/home\/shopcong\/public_html\/wp-content\/plugins\/seo-by-rank-math\/assets\/admin\/img\/icon-play.png","position":"middle_center"},"gif":{"name":"Bi\u1ec3u t\u01b0\u1ee3ng GIF","url":"https:\/\/shopcongnghehaiphong.com\/wp-content\/plugins\/seo-by-rank-math\/assets\/admin\/img\/icon-gif.png","path":"\/home\/shopcong\/public_html\/wp-content\/plugins\/seo-by-rank-math\/assets\/admin\/img\/icon-gif.png","position":"middle_center"}},"defautOgImage":"https:\/\/shopcongnghehaiphong.com\/wp-content\/plugins\/seo-by-rank-math\/assets\/admin\/img\/social-placeholder.jpg","customPermalinks":false,"isUserRegistered":false,"autoSuggestKeywords":false,"connectSiteUrl":"https:\/\/rankmath.com\/auth?site=https%3A%2F%2Fshopcongnghehaiphong.com&r=https%3A%2F%2Fshopcongnghehaiphong.com%2Findex.php%3Frest_route%3D%252Fwp%252Fv2%252Fpages%252F227%26nonce%3D3c9823935e","maxTags":5,"trendsIcon":"<svg viewBox=\"0 0 610 610\"><path d=\"M18.85,446,174.32,290.48l58.08,58.08L76.93,504a14.54,14.54,0,0,1-20.55,0L18.83,466.48a14.54,14.54,0,0,1,0-20.55Z\" style=\"fill:#4285f4\"\/><path d=\"M242.65,242.66,377.59,377.6l-47.75,47.75a14.54,14.54,0,0,1-20.55,0L174.37,290.43l47.75-47.75A14.52,14.52,0,0,1,242.65,242.66Z\" style=\"fill:#ea4335\"\/><polygon points=\"319.53 319.53 479.26 159.8 537.34 217.88 377.61 377.62 319.53 319.53\" style=\"fill:#fabb05\"\/><path d=\"M594.26,262.73V118.61h0a16.94,16.94,0,0,0-16.94-16.94H433.2a16.94,16.94,0,0,0-12,28.92L565.34,274.71h0a16.94,16.94,0,0,0,28.92-12Z\" style=\"fill:#34a853\"\/><rect width=\"610\" height=\"610\" style=\"fill:none\"\/><\/svg>","showScore":true,"siteFavIcon":"https:\/\/shopcongnghehaiphong.com\/wp-content\/uploads\/lgv-24x24.png","canUser":{"general":false,"advanced":false,"snippet":false,"social":false,"analysis":false,"analytics":false,"content_ai":false},"isPro":false,"is_front_page":false,"trendsUpgradeLink":"https:\/\/rankmath.com\/pricing\/?utm_source=Plugin&utm_medium=CE%20General%20Tab%20Trends&utm_campaign=WP","trendsUpgradeLabel":"N\u00e2ng c\u1ea5p","trendsPreviewImage":"https:\/\/shopcongnghehaiphong.com\/wp-content\/plugins\/seo-by-rank-math\/assets\/admin\/img\/trends-preview.jpg","currentEditor":false,"homepageData":{"assessor":{"powerWords":[],"diacritics":true,"researchesTests":["contentHasTOC","contentHasShortParagraphs","contentHasAssets","keywordInTitle","keywordInMetaDescription","keywordInPermalink","keywordIn10Percent","keywordInContent","keywordInSubheadings","keywordInImageAlt","keywordDensity","keywordNotUsed","lengthContent","lengthPermalink","linksHasInternal","linksHasExternals","linksNotAllExternals","titleStartWithKeyword","titleSentiment","titleHasPowerWords","titleHasNumber","hasContentAI"],"hasBreadcrumb":false,"serpData":{"title":"%sitename% %page% %sep% %sitedesc%","description":"","titleTemplate":"%sitename% %page% %sep% %sitedesc%","descriptionTemplate":"","focusKeywords":"","breadcrumbTitle":"Home","robots":{"index":true},"advancedRobots":[],"facebookTitle":"","facebookDescription":"","facebookImage":"","facebookImageID":""}}},"tocTitle":"Table of Contents","tocExcludeHeadings":[],"listStyle":"ul"},"_links":{"self":[{"href":"https:\/\/shopcongnghehaiphong.com\/index.php?rest_route=\/wp\/v2\/pages\/227","targetHints":{"allow":["GET"]}}],"collection":[{"href":"https:\/\/shopcongnghehaiphong.com\/index.php?rest_route=\/wp\/v2\/pages"}],"about":[{"href":"https:\/\/shopcongnghehaiphong.com\/index.php?rest_route=\/wp\/v2\/types\/page"}],"author":[{"embeddable":true,"href":"https:\/\/shopcongnghehaiphong.com\/index.php?rest_route=\/wp\/v2\/users\/1"}],"replies":[{"embeddable":true,"href":"https:\/\/shopcongnghehaiphong.com\/index.php?rest_route=%2Fwp%2Fv2%2Fcomments&post=227"}],"version-history":[{"count":2,"href":"https:\/\/shopcongnghehaiphong.com\/index.php?rest_route=\/wp\/v2\/pages\/227\/revisions"}],"predecessor-version":[{"id":621,"href":"https:\/\/shopcongnghehaiphong.com\/index.php?rest_route=\/wp\/v2\/pages\/227\/revisions\/621"}],"wp:attachment":[{"href":"https:\/\/shopcongnghehaiphong.com\/index.php?rest_route=%2Fwp%2Fv2%2Fmedia&parent=227"}],"curies":[{"name":"wp","href":"https:\/\/api.w.org\/{rel}","templated":true}]}}