{"id":1004,"date":"2025-01-09T16:19:09","date_gmt":"2025-01-09T09:19:09","guid":{"rendered":"https:\/\/shopcongnghehaiphong.com\/?post_type=product&#038;p=1004"},"modified":"2025-01-09T16:22:59","modified_gmt":"2025-01-09T09:22:59","slug":"fan-centaur-tf-ct02-den","status":"publish","type":"product","link":"https:\/\/shopcongnghehaiphong.com\/?product=fan-centaur-tf-ct02-den","title":{"rendered":"FAN CENTAUR TF &#8211; CT02 \u0110EN"},"content":{"rendered":"<div class=\"col-md-12 col-lg-12 col-xl-8 content-single-product\">\n<div class=\"content-product\">\n<div class=\"content-in\">\n<h2 dir=\"auto\">FAN CENTAUR TF \u2013 CT02 \u0110EN<\/h2>\n<ul>\n<li dir=\"auto\">K\u00edch c\u1ee1: 120x120x25mm<\/li>\n<li dir=\"auto\">K\u1ebft n\u1ed1i ch\u00e2n ngu\u1ed3n FAN: 6 pin<\/li>\n<li dir=\"auto\">L\u01b0\u1ee3ng kh\u00f4ng kh\u00ed t\u1ed1i \u0111a: 37.8CFM \u00b1 10%<\/li>\n<li dir=\"auto\">Tr\u1ecdng l\u01b0\u1ee3ng: 160g<\/li>\n<li dir=\"auto\">T\u1ed1c \u0111\u1ed9 gi\u00f3: 0-1400 Rpm<\/li>\n<li dir=\"auto\">\u0110i\u1ec7n \u00e1p c\u1ea5p: Fan: 12V cho qu\u1ea1t, LED: 5V cho LED<\/li>\n<li dir=\"auto\">\u0110\u1ed9 b\u1ec1n t\u1ed1i \u0111a: 40.000h<\/li>\n<li dir=\"auto\">\u0110\u1ed9 \u1ed3n: 25DBA \u00b1 10%<\/li>\n<li dir=\"auto\">Gi\u00e1 c\u1ea3 th\u00ec mi\u1ec5n b\u00e0n, \u1ede \u0111\u00e2u b\u00e1n r\u1ebb H\u1ea3i Ph\u00f2ng r\u1ebb h\u01a1n! Nhanh tay \u0111\u1eb7t h\u00e0ng \u0111i n\u00e0o m\u1ecdi ng\u01b0\u1eddi \u01a1i!<\/li>\n<\/ul>\n<p dir=\"auto\"><img loading=\"lazy\" decoding=\"async\" class=\"aligncenter wp-image-18627 \" src=\"https:\/\/haiphongcomputer.vn\/wp-content\/uploads\/2023\/09\/3-2-scaled.jpg\" sizes=\"auto, (max-width: 901px) 100vw, 901px\" srcset=\"https:\/\/haiphongcomputer.vn\/wp-content\/uploads\/2023\/09\/3-2-scaled.jpg 2560w, https:\/\/haiphongcomputer.vn\/wp-content\/uploads\/2023\/09\/3-2-300x169.jpg 300w, https:\/\/haiphongcomputer.vn\/wp-content\/uploads\/2023\/09\/3-2-1024x576.jpg 1024w, https:\/\/haiphongcomputer.vn\/wp-content\/uploads\/2023\/09\/3-2-768x432.jpg 768w, https:\/\/haiphongcomputer.vn\/wp-content\/uploads\/2023\/09\/3-2-1536x864.jpg 1536w, https:\/\/haiphongcomputer.vn\/wp-content\/uploads\/2023\/09\/3-2-2048x1152.jpg 2048w\" alt=\"\" width=\"901\" height=\"507\" \/><\/p>\n<\/div>\n<\/div>\n<\/div>\n<div class=\"d-none d-sm-block col-md-12 col-lg-12 col-xl-4 content-single-product\">\n<div class=\"content-product\"><\/div>\n<\/div>\n","protected":false},"excerpt":{"rendered":"<div class=\"title-list-h\">Th\u00f4ng s\u1ed1 s\u1ea3n ph\u1ea9m<\/div>\n<ul>\n<li>\u0110i\u1ec7n \u00e1p c\u1ea5p: Fan: 12V cho qu\u1ea1t, LED: 5V cho LED<\/li>\n<li>T\u1ed1c \u0111\u1ed9 gi\u00f3: 0-1400 Rpm<\/li>\n<li>L\u01b0\u1ee3ng kh\u00f4ng kh\u00ed t\u1ed1i \u0111a: 37.8CFM \u00b1 10%<\/li>\n<li>\u0110\u1ed9 \u1ed3n: 25DBA \u00b1 10%<\/li>\n<li>\u0110\u1ed9 b\u1ec1n t\u1ed1i \u0111a: 40.000h<\/li>\n<li>K\u1ebft n\u1ed1i ch\u00e2n ngu\u1ed3n FAN: 6 pin<\/li>\n<li>K\u00edch c\u1ee1: 120x120x25mm<\/li>\n<li>Tr\u1ecdng l\u01b0\u1ee3ng: 160g<\/li>\n<\/ul>\n","protected":false},"featured_media":1006,"comment_status":"open","ping_status":"closed","template":"","meta":{"_acf_changed":false},"product_brand":[],"product_cat":[49],"product_tag":[],"class_list":{"0":"post-1004","1":"product","2":"type-product","3":"status-publish","4":"has-post-thumbnail","6":"product_cat-tan-nhiet-va-phu-kien","8":"first","9":"instock","10":"shipping-taxable","11":"purchasable","12":"product-type-simple"},"acf":[],"_links":{"self":[{"href":"https:\/\/shopcongnghehaiphong.com\/index.php?rest_route=\/wp\/v2\/product\/1004","targetHints":{"allow":["GET"]}}],"collection":[{"href":"https:\/\/shopcongnghehaiphong.com\/index.php?rest_route=\/wp\/v2\/product"}],"about":[{"href":"https:\/\/shopcongnghehaiphong.com\/index.php?rest_route=\/wp\/v2\/types\/product"}],"replies":[{"embeddable":true,"href":"https:\/\/shopcongnghehaiphong.com\/index.php?rest_route=%2Fwp%2Fv2%2Fcomments&post=1004"}],"wp:featuredmedia":[{"embeddable":true,"href":"https:\/\/shopcongnghehaiphong.com\/index.php?rest_route=\/wp\/v2\/media\/1006"}],"wp:attachment":[{"href":"https:\/\/shopcongnghehaiphong.com\/index.php?rest_route=%2Fwp%2Fv2%2Fmedia&parent=1004"}],"wp:term":[{"taxonomy":"product_brand","embeddable":true,"href":"https:\/\/shopcongnghehaiphong.com\/index.php?rest_route=%2Fwp%2Fv2%2Fproduct_brand&post=1004"},{"taxonomy":"product_cat","embeddable":true,"href":"https:\/\/shopcongnghehaiphong.com\/index.php?rest_route=%2Fwp%2Fv2%2Fproduct_cat&post=1004"},{"taxonomy":"product_tag","embeddable":true,"href":"https:\/\/shopcongnghehaiphong.com\/index.php?rest_route=%2Fwp%2Fv2%2Fproduct_tag&post=1004"}],"curies":[{"name":"wp","href":"https:\/\/api.w.org\/{rel}","templated":true}]}}