{"id":1014,"date":"2025-01-09T16:28:47","date_gmt":"2025-01-09T09:28:47","guid":{"rendered":"https:\/\/shopcongnghehaiphong.com\/?post_type=product&#038;p=1014"},"modified":"2025-01-09T16:28:57","modified_gmt":"2025-01-09T09:28:57","slug":"fan-led-coolmoon-k8-rgb-san-2-mau-trangden","status":"publish","type":"product","link":"https:\/\/shopcongnghehaiphong.com\/?product=fan-led-coolmoon-k8-rgb-san-2-mau-trangden","title":{"rendered":"FAN LED COOLMOON K8 RGB (S\u1eb4N 2 M\u00c0U TR\u1eaeNG&#038;\u0110EN)"},"content":{"rendered":"<p>Qu\u1ea1t v\u1edbi thi\u1ebft k\u1ebf c\u1ef1c \u0111\u1eb9p s\u1eed d\u1ee5ng LED \u0111i\u1ec7n t\u1eed si\u00eau bi\u1ec1n, cho qu\u1ea1t s\u00e1ng \u0111\u1eb9p v\u00e0o \u0111\u1ec1u, r\u1ea5t th\u00edch h\u1ee3p t\u1ea1o \u0111i\u1ec3m nh\u1ea5n cho th\u00f9ng m\u00e1y t\u1ea3n nhi\u1ec7t.<\/p>\n<p>V\u1edbi c\u00f4ng ngh\u1ec7 ch\u1ebf t\u1ea1o ch\u00ednh x\u00e1c, tr\u1ee5c s\u1eed d\u1ee5ng c\u00f4ng ngh\u1ec7 t\u1ef1 \u0111\u1ed9ng b\u00f4i tr\u01a1n (FDB- Fluid Dynamic Bearing) m\u1edbi nh\u1ea5t cho \u0111\u1ed9 b\u1ec1n cao, c\u00e2n b\u1eb1ng \u0111\u1ed9ng ho\u00e0n h\u1ea3o.<\/p>\n<p><img decoding=\"async\" class=\"aligncenter\" src=\"https:\/\/file.hstatic.net\/200000420363\/file\/coolmoon-k8-black_f4c1d0140e3b4891b8585d849790e342_grande.png\" \/><\/p>\n<p>Qu\u1ea1t v\u01a1\u0301i \u0111\u01b0\u01a1\u0300ng ki\u0301nh 12cm cho gi\u00f3 t\u1ed1t v\u00e0 \u00eam, th\u00edch h\u1ee3p l\u00e0m m\u00e1t th\u00f9ng m\u00e1y, l\u1eafp t\u1ea3n nhi\u1ec7t kh\u00ed t\u1ea3n nhi\u1ec7t n\u01b0\u1edbc.<\/p>\n<p>Qu\u1ea1t t\u00edch h\u1ee3p \u0111\u1ec7m ch\u1ed1ng rung, gi\u1ea3m thi\u1ec3u rung \u0111\u1ed9ng v\u00e0 ti\u1ebfng \u1ed3n khi ho\u1ea1t \u0111\u1ed9ng, l\u00e0m t\u1eeb nh\u1ef1a cao c\u1ea5p ch\u1ed1ng ch\u00e1y, b\u1ea3o v\u1ec7 m\u00f4i tr\u01b0\u1eddng.<\/p>\n<ul>\n<li>T\u1ed1c \u0111\u1ed9: ~1200 RPM<\/li>\n<li>L\u01b0u l\u01b0\u1ee3ng gi\u00f3: 18,9 \u2013 48,6 CFM \u00b1 10%<\/li>\n<li>\u0110\u1ed9 \u1ed3n: 17.8 \u2013 34.3 DBA (C\u1ef1c \u00eam)<\/li>\n<li>Tu\u1ed5i Th\u1ecd: 40.000H<\/li>\n<li>Jack c\u1ea5p ngu\u1ed3n: 4 Pin (Molex)<\/li>\n<\/ul>\n","protected":false},"excerpt":{"rendered":"<div class=\"title-list-h\">Th\u00f4ng s\u1ed1 s\u1ea3n ph\u1ea9m<\/div>\n<ul>\n<li>K\u00edch th\u01b0\u1edbc: 120x120x25mm<\/li>\n<li>T\u1ed1c \u0111\u1ed9: 1200RPM<\/li>\n<li>L\u01b0u l\u01b0\u1ee3ng gi\u00f3: 33.5CFM<\/li>\n<li>\u0110\u1ed9 \u1ed3n: 20dBA<\/li>\n<li>Tu\u1ed5i th\u1ecd: 30000H<\/li>\n<\/ul>\n","protected":false},"featured_media":1015,"comment_status":"open","ping_status":"closed","template":"","meta":{"_acf_changed":false},"product_brand":[],"product_cat":[49],"product_tag":[],"class_list":{"0":"post-1014","1":"product","2":"type-product","3":"status-publish","4":"has-post-thumbnail","6":"product_cat-tan-nhiet-va-phu-kien","8":"first","9":"instock","10":"shipping-taxable","11":"purchasable","12":"product-type-simple"},"acf":[],"_links":{"self":[{"href":"https:\/\/shopcongnghehaiphong.com\/index.php?rest_route=\/wp\/v2\/product\/1014","targetHints":{"allow":["GET"]}}],"collection":[{"href":"https:\/\/shopcongnghehaiphong.com\/index.php?rest_route=\/wp\/v2\/product"}],"about":[{"href":"https:\/\/shopcongnghehaiphong.com\/index.php?rest_route=\/wp\/v2\/types\/product"}],"replies":[{"embeddable":true,"href":"https:\/\/shopcongnghehaiphong.com\/index.php?rest_route=%2Fwp%2Fv2%2Fcomments&post=1014"}],"wp:featuredmedia":[{"embeddable":true,"href":"https:\/\/shopcongnghehaiphong.com\/index.php?rest_route=\/wp\/v2\/media\/1015"}],"wp:attachment":[{"href":"https:\/\/shopcongnghehaiphong.com\/index.php?rest_route=%2Fwp%2Fv2%2Fmedia&parent=1014"}],"wp:term":[{"taxonomy":"product_brand","embeddable":true,"href":"https:\/\/shopcongnghehaiphong.com\/index.php?rest_route=%2Fwp%2Fv2%2Fproduct_brand&post=1014"},{"taxonomy":"product_cat","embeddable":true,"href":"https:\/\/shopcongnghehaiphong.com\/index.php?rest_route=%2Fwp%2Fv2%2Fproduct_cat&post=1014"},{"taxonomy":"product_tag","embeddable":true,"href":"https:\/\/shopcongnghehaiphong.com\/index.php?rest_route=%2Fwp%2Fv2%2Fproduct_tag&post=1014"}],"curies":[{"name":"wp","href":"https:\/\/api.w.org\/{rel}","templated":true}]}}