{"id":1041,"date":"2025-01-09T17:15:55","date_gmt":"2025-01-09T10:15:55","guid":{"rendered":"https:\/\/shopcongnghehaiphong.com\/?post_type=product&#038;p=1041"},"modified":"2025-01-09T17:15:55","modified_gmt":"2025-01-09T10:15:55","slug":"chuot-co-day-rapoo-n100-den-2","status":"publish","type":"product","link":"https:\/\/shopcongnghehaiphong.com\/?product=chuot-co-day-rapoo-n100-den-2","title":{"rendered":"CHU\u1ed8T C\u00d3 D\u00c2Y RAPOO N100 \u0110EN"},"content":{"rendered":"<figure id=\"attachment_13044\" class=\"wp-caption alignnone\" aria-describedby=\"caption-attachment-13044\"><img loading=\"lazy\" decoding=\"async\" class=\"wp-image-13044 size-large\" src=\"https:\/\/haiphongcomputer.vn\/wp-content\/uploads\/2022\/06\/286226923_4937029129756376_3065701012235585520_n-1024x768.jpg\" sizes=\"auto, (max-width: 1024px) 100vw, 1024px\" srcset=\"https:\/\/haiphongcomputer.vn\/wp-content\/uploads\/2022\/06\/286226923_4937029129756376_3065701012235585520_n-1024x768.jpg 1024w, https:\/\/haiphongcomputer.vn\/wp-content\/uploads\/2022\/06\/286226923_4937029129756376_3065701012235585520_n-300x225.jpg 300w, https:\/\/haiphongcomputer.vn\/wp-content\/uploads\/2022\/06\/286226923_4937029129756376_3065701012235585520_n-768x576.jpg 768w, https:\/\/haiphongcomputer.vn\/wp-content\/uploads\/2022\/06\/286226923_4937029129756376_3065701012235585520_n-1536x1152.jpg 1536w, https:\/\/haiphongcomputer.vn\/wp-content\/uploads\/2022\/06\/286226923_4937029129756376_3065701012235585520_n.jpg 2048w\" alt=\"\" width=\"1024\" height=\"768\" \/><figcaption id=\"caption-attachment-13044\" class=\"wp-caption-text\">Gi\u00e1 b\u00e1n l\u1ebb 180k<\/figcaption><\/figure>\n<figure id=\"attachment_13037\" class=\"wp-caption alignnone\" aria-describedby=\"caption-attachment-13037\"><img loading=\"lazy\" decoding=\"async\" class=\"wp-image-13037 size-large\" src=\"https:\/\/haiphongcomputer.vn\/wp-content\/uploads\/2022\/06\/286123027_4937029673089655_5111801171483508627_n-1024x768.jpg\" sizes=\"auto, (max-width: 1024px) 100vw, 1024px\" srcset=\"https:\/\/haiphongcomputer.vn\/wp-content\/uploads\/2022\/06\/286123027_4937029673089655_5111801171483508627_n-1024x768.jpg 1024w, https:\/\/haiphongcomputer.vn\/wp-content\/uploads\/2022\/06\/286123027_4937029673089655_5111801171483508627_n-300x225.jpg 300w, https:\/\/haiphongcomputer.vn\/wp-content\/uploads\/2022\/06\/286123027_4937029673089655_5111801171483508627_n-768x576.jpg 768w, https:\/\/haiphongcomputer.vn\/wp-content\/uploads\/2022\/06\/286123027_4937029673089655_5111801171483508627_n-1536x1152.jpg 1536w, https:\/\/haiphongcomputer.vn\/wp-content\/uploads\/2022\/06\/286123027_4937029673089655_5111801171483508627_n.jpg 2048w\" alt=\"\" width=\"1024\" height=\"768\" \/><figcaption id=\"caption-attachment-13037\" class=\"wp-caption-text\">Gi\u00e1 b\u00e1n l\u1ebb 120k\/m\u00f4 h\u00ecnh<\/figcaption><\/figure>\n<figure id=\"attachment_13043\" class=\"wp-caption alignnone\" aria-describedby=\"caption-attachment-13043\"><img loading=\"lazy\" decoding=\"async\" class=\"wp-image-13043 size-large\" src=\"https:\/\/haiphongcomputer.vn\/wp-content\/uploads\/2022\/06\/286183225_4937029143089708_1745645358572610690_n-1024x768.jpg\" sizes=\"auto, (max-width: 1024px) 100vw, 1024px\" srcset=\"https:\/\/haiphongcomputer.vn\/wp-content\/uploads\/2022\/06\/286183225_4937029143089708_1745645358572610690_n-1024x768.jpg 1024w, https:\/\/haiphongcomputer.vn\/wp-content\/uploads\/2022\/06\/286183225_4937029143089708_1745645358572610690_n-300x225.jpg 300w, https:\/\/haiphongcomputer.vn\/wp-content\/uploads\/2022\/06\/286183225_4937029143089708_1745645358572610690_n-768x576.jpg 768w, https:\/\/haiphongcomputer.vn\/wp-content\/uploads\/2022\/06\/286183225_4937029143089708_1745645358572610690_n-1536x1152.jpg 1536w, https:\/\/haiphongcomputer.vn\/wp-content\/uploads\/2022\/06\/286183225_4937029143089708_1745645358572610690_n.jpg 2048w\" alt=\"\" width=\"1024\" height=\"768\" \/><figcaption id=\"caption-attachment-13043\" class=\"wp-caption-text\">Set One Piece 220k\/set<\/figcaption><\/figure>\n<figure id=\"attachment_13035\" class=\"wp-caption alignnone\" aria-describedby=\"caption-attachment-13035\"><img loading=\"lazy\" decoding=\"async\" class=\"wp-image-13035\" src=\"https:\/\/haiphongcomputer.vn\/wp-content\/uploads\/2022\/06\/284867268_4937029469756342_6427488645603536985_n-768x1024.jpg\" sizes=\"auto, (max-width: 535px) 100vw, 535px\" srcset=\"https:\/\/haiphongcomputer.vn\/wp-content\/uploads\/2022\/06\/284867268_4937029469756342_6427488645603536985_n-768x1024.jpg 768w, https:\/\/haiphongcomputer.vn\/wp-content\/uploads\/2022\/06\/284867268_4937029469756342_6427488645603536985_n-225x300.jpg 225w, https:\/\/haiphongcomputer.vn\/wp-content\/uploads\/2022\/06\/284867268_4937029469756342_6427488645603536985_n-1152x1536.jpg 1152w, https:\/\/haiphongcomputer.vn\/wp-content\/uploads\/2022\/06\/284867268_4937029469756342_6427488645603536985_n.jpg 1536w\" alt=\"\" width=\"535\" height=\"714\" \/><figcaption id=\"caption-attachment-13035\" class=\"wp-caption-text\">Gi\u00e1 b\u00e1n l\u1ebb 120k\/m\u00f4 h\u00ecnh<\/figcaption><\/figure>\n<figure id=\"attachment_13036\" class=\"wp-caption alignnone\" aria-describedby=\"caption-attachment-13036\"><img loading=\"lazy\" decoding=\"async\" class=\"wp-image-13036\" src=\"https:\/\/haiphongcomputer.vn\/wp-content\/uploads\/2022\/06\/285025710_4937029279756361_3935779948612584707_n-768x1024.jpg\" sizes=\"auto, (max-width: 532px) 100vw, 532px\" srcset=\"https:\/\/haiphongcomputer.vn\/wp-content\/uploads\/2022\/06\/285025710_4937029279756361_3935779948612584707_n-768x1024.jpg 768w, https:\/\/haiphongcomputer.vn\/wp-content\/uploads\/2022\/06\/285025710_4937029279756361_3935779948612584707_n-225x300.jpg 225w, https:\/\/haiphongcomputer.vn\/wp-content\/uploads\/2022\/06\/285025710_4937029279756361_3935779948612584707_n-1152x1536.jpg 1152w, https:\/\/haiphongcomputer.vn\/wp-content\/uploads\/2022\/06\/285025710_4937029279756361_3935779948612584707_n.jpg 1536w\" alt=\"\" width=\"532\" height=\"710\" \/><figcaption id=\"caption-attachment-13036\" class=\"wp-caption-text\">Gi\u00e1 b\u00e1n l\u1ebb 160k<\/figcaption><\/figure>\n<figure id=\"attachment_13038\" class=\"wp-caption alignnone\" aria-describedby=\"caption-attachment-13038\"><img loading=\"lazy\" decoding=\"async\" class=\"wp-image-13038\" src=\"https:\/\/haiphongcomputer.vn\/wp-content\/uploads\/2022\/06\/286127289_4937028729756416_4249088034989407184_n-768x1024.jpg\" sizes=\"auto, (max-width: 536px) 100vw, 536px\" srcset=\"https:\/\/haiphongcomputer.vn\/wp-content\/uploads\/2022\/06\/286127289_4937028729756416_4249088034989407184_n-768x1024.jpg 768w, https:\/\/haiphongcomputer.vn\/wp-content\/uploads\/2022\/06\/286127289_4937028729756416_4249088034989407184_n-225x300.jpg 225w, https:\/\/haiphongcomputer.vn\/wp-content\/uploads\/2022\/06\/286127289_4937028729756416_4249088034989407184_n-1152x1536.jpg 1152w, https:\/\/haiphongcomputer.vn\/wp-content\/uploads\/2022\/06\/286127289_4937028729756416_4249088034989407184_n.jpg 1536w\" alt=\"\" width=\"536\" height=\"714\" \/><figcaption id=\"caption-attachment-13038\" class=\"wp-caption-text\">Gi\u00e1 b\u00e1n l\u1ebb 120k\/m\u00f4 h\u00ecnh<\/figcaption><\/figure>\n<figure id=\"attachment_13039\" class=\"wp-caption alignnone\" aria-describedby=\"caption-attachment-13039\"><img loading=\"lazy\" decoding=\"async\" class=\"wp-image-13039\" src=\"https:\/\/haiphongcomputer.vn\/wp-content\/uploads\/2022\/06\/286136513_4937028713089751_387135466736546093_n-768x1024.jpg\" sizes=\"auto, (max-width: 541px) 100vw, 541px\" srcset=\"https:\/\/haiphongcomputer.vn\/wp-content\/uploads\/2022\/06\/286136513_4937028713089751_387135466736546093_n-768x1024.jpg 768w, https:\/\/haiphongcomputer.vn\/wp-content\/uploads\/2022\/06\/286136513_4937028713089751_387135466736546093_n-225x300.jpg 225w, https:\/\/haiphongcomputer.vn\/wp-content\/uploads\/2022\/06\/286136513_4937028713089751_387135466736546093_n-1152x1536.jpg 1152w, https:\/\/haiphongcomputer.vn\/wp-content\/uploads\/2022\/06\/286136513_4937028713089751_387135466736546093_n.jpg 1536w\" alt=\"\" width=\"541\" height=\"721\" \/><figcaption id=\"caption-attachment-13039\" class=\"wp-caption-text\">Gi\u00e1 b\u00e1n l\u1ebb 120k\/m\u00f4 h\u00ecnh<\/figcaption><\/figure>\n<figure id=\"attachment_13040\" class=\"wp-caption alignnone\" aria-describedby=\"caption-attachment-13040\"><img loading=\"lazy\" decoding=\"async\" class=\"wp-image-13040\" src=\"https:\/\/haiphongcomputer.vn\/wp-content\/uploads\/2022\/06\/286138271_4937029313089691_3868000396210001399_n-768x1024.jpg\" sizes=\"auto, (max-width: 539px) 100vw, 539px\" srcset=\"https:\/\/haiphongcomputer.vn\/wp-content\/uploads\/2022\/06\/286138271_4937029313089691_3868000396210001399_n-768x1024.jpg 768w, https:\/\/haiphongcomputer.vn\/wp-content\/uploads\/2022\/06\/286138271_4937029313089691_3868000396210001399_n-225x300.jpg 225w, https:\/\/haiphongcomputer.vn\/wp-content\/uploads\/2022\/06\/286138271_4937029313089691_3868000396210001399_n-1152x1536.jpg 1152w, https:\/\/haiphongcomputer.vn\/wp-content\/uploads\/2022\/06\/286138271_4937029313089691_3868000396210001399_n.jpg 1536w\" alt=\"\" width=\"539\" height=\"719\" \/><figcaption id=\"caption-attachment-13040\" class=\"wp-caption-text\">Gi\u00e1 b\u00e1n l\u1ebb Gogeta 200k<\/figcaption><\/figure>\n<figure id=\"attachment_13041\" class=\"wp-caption alignnone\" aria-describedby=\"caption-attachment-13041\"><img loading=\"lazy\" decoding=\"async\" class=\"wp-image-13041\" src=\"https:\/\/haiphongcomputer.vn\/wp-content\/uploads\/2022\/06\/286138897_4937029309756358_9187446531870447854_n-772x1024.jpg\" sizes=\"auto, (max-width: 542px) 100vw, 542px\" srcset=\"https:\/\/haiphongcomputer.vn\/wp-content\/uploads\/2022\/06\/286138897_4937029309756358_9187446531870447854_n-772x1024.jpg 772w, https:\/\/haiphongcomputer.vn\/wp-content\/uploads\/2022\/06\/286138897_4937029309756358_9187446531870447854_n-226x300.jpg 226w, https:\/\/haiphongcomputer.vn\/wp-content\/uploads\/2022\/06\/286138897_4937029309756358_9187446531870447854_n-768x1019.jpg 768w, https:\/\/haiphongcomputer.vn\/wp-content\/uploads\/2022\/06\/286138897_4937029309756358_9187446531870447854_n-1157x1536.jpg 1157w, https:\/\/haiphongcomputer.vn\/wp-content\/uploads\/2022\/06\/286138897_4937029309756358_9187446531870447854_n.jpg 1543w\" alt=\"\" width=\"542\" height=\"719\" \/><figcaption id=\"caption-attachment-13041\" class=\"wp-caption-text\">Gi\u00e1 b\u00e1n l\u1ebb Zozo 3000 250k<\/figcaption><\/figure>\n<figure id=\"attachment_13042\" class=\"wp-caption alignnone\" aria-describedby=\"caption-attachment-13042\"><img loading=\"lazy\" decoding=\"async\" class=\"wp-image-13042\" src=\"https:\/\/haiphongcomputer.vn\/wp-content\/uploads\/2022\/06\/286163832_4937029509756338_5913529018393841794_n-768x1024.jpg\" sizes=\"auto, (max-width: 554px) 100vw, 554px\" srcset=\"https:\/\/haiphongcomputer.vn\/wp-content\/uploads\/2022\/06\/286163832_4937029509756338_5913529018393841794_n-768x1024.jpg 768w, https:\/\/haiphongcomputer.vn\/wp-content\/uploads\/2022\/06\/286163832_4937029509756338_5913529018393841794_n-225x300.jpg 225w, https:\/\/haiphongcomputer.vn\/wp-content\/uploads\/2022\/06\/286163832_4937029509756338_5913529018393841794_n-1152x1536.jpg 1152w, https:\/\/haiphongcomputer.vn\/wp-content\/uploads\/2022\/06\/286163832_4937029509756338_5913529018393841794_n.jpg 1536w\" alt=\"\" width=\"554\" height=\"738\" \/><figcaption id=\"caption-attachment-13042\" class=\"wp-caption-text\">Gi\u00e1 b\u00e1n l\u1ebb 120k\/m\u00f4 h\u00ecnh<\/figcaption><\/figure>\n<figure id=\"attachment_13045\" class=\"wp-caption alignnone\" aria-describedby=\"caption-attachment-13045\"><img loading=\"lazy\" decoding=\"async\" class=\"wp-image-13045\" src=\"https:\/\/haiphongcomputer.vn\/wp-content\/uploads\/2022\/06\/286226940_4937028936423062_5439789894757480561_n-768x1024.jpg\" sizes=\"auto, (max-width: 559px) 100vw, 559px\" srcset=\"https:\/\/haiphongcomputer.vn\/wp-content\/uploads\/2022\/06\/286226940_4937028936423062_5439789894757480561_n-768x1024.jpg 768w, https:\/\/haiphongcomputer.vn\/wp-content\/uploads\/2022\/06\/286226940_4937028936423062_5439789894757480561_n-225x300.jpg 225w, https:\/\/haiphongcomputer.vn\/wp-content\/uploads\/2022\/06\/286226940_4937028936423062_5439789894757480561_n-1152x1536.jpg 1152w, https:\/\/haiphongcomputer.vn\/wp-content\/uploads\/2022\/06\/286226940_4937028936423062_5439789894757480561_n.jpg 1536w\" alt=\"\" width=\"559\" height=\"745\" \/><figcaption id=\"caption-attachment-13045\" class=\"wp-caption-text\">Gi\u00e1 b\u00e1n l\u1ebb Songoku 150k<\/figcaption><\/figure>\n","protected":false},"excerpt":{"rendered":"<div class=\"title-list-h\"><\/div>\n<ul>\n<li>M\u00f4 h\u00ecnh ANIME , MANGA n\u1ed5i ti\u1ebfng v\u1ec1 ch\u1ea5t l\u01b0\u1ee3ng cao<\/li>\n<li>Gi\u00e1 th\u00e0nh h\u1ee3p l\u00fd v\u1edbi \u0111a d\u1ea1ng m\u1eabu m\u00e3<\/li>\n<li>D\u00f9ng to\u00e0n b\u1ed9 b\u1eb1ng nh\u1ef1a pvc abs\u2026 cao c\u1ea5p .<\/li>\n<li>H\u00e0ng chu\u1ea9n nh\u01b0 \u1ea3nh<\/li>\n<\/ul>\n","protected":false},"featured_media":1043,"comment_status":"open","ping_status":"closed","template":"","meta":{"_acf_changed":false},"product_brand":[],"product_cat":[42],"product_tag":[],"class_list":{"0":"post-1041","1":"product","2":"type-product","3":"status-publish","4":"has-post-thumbnail","6":"product_cat-gaming-gear","8":"first","9":"instock","10":"shipping-taxable","11":"purchasable","12":"product-type-simple"},"acf":[],"_links":{"self":[{"href":"https:\/\/shopcongnghehaiphong.com\/index.php?rest_route=\/wp\/v2\/product\/1041","targetHints":{"allow":["GET"]}}],"collection":[{"href":"https:\/\/shopcongnghehaiphong.com\/index.php?rest_route=\/wp\/v2\/product"}],"about":[{"href":"https:\/\/shopcongnghehaiphong.com\/index.php?rest_route=\/wp\/v2\/types\/product"}],"replies":[{"embeddable":true,"href":"https:\/\/shopcongnghehaiphong.com\/index.php?rest_route=%2Fwp%2Fv2%2Fcomments&post=1041"}],"wp:featuredmedia":[{"embeddable":true,"href":"https:\/\/shopcongnghehaiphong.com\/index.php?rest_route=\/wp\/v2\/media\/1043"}],"wp:attachment":[{"href":"https:\/\/shopcongnghehaiphong.com\/index.php?rest_route=%2Fwp%2Fv2%2Fmedia&parent=1041"}],"wp:term":[{"taxonomy":"product_brand","embeddable":true,"href":"https:\/\/shopcongnghehaiphong.com\/index.php?rest_route=%2Fwp%2Fv2%2Fproduct_brand&post=1041"},{"taxonomy":"product_cat","embeddable":true,"href":"https:\/\/shopcongnghehaiphong.com\/index.php?rest_route=%2Fwp%2Fv2%2Fproduct_cat&post=1041"},{"taxonomy":"product_tag","embeddable":true,"href":"https:\/\/shopcongnghehaiphong.com\/index.php?rest_route=%2Fwp%2Fv2%2Fproduct_tag&post=1041"}],"curies":[{"name":"wp","href":"https:\/\/api.w.org\/{rel}","templated":true}]}}