{"id":1063,"date":"2025-01-10T09:24:33","date_gmt":"2025-01-10T02:24:33","guid":{"rendered":"https:\/\/shopcongnghehaiphong.com\/?post_type=product&#038;p=1063"},"modified":"2025-01-10T09:26:48","modified_gmt":"2025-01-10T02:26:48","slug":"man-hinh-dell-e2725h-27-inch-fhd-va-75hz-5ms","status":"publish","type":"product","link":"https:\/\/shopcongnghehaiphong.com\/?product=man-hinh-dell-e2725h-27-inch-fhd-va-75hz-5ms","title":{"rendered":"M\u00e0n h\u00ecnh Dell E2725H (27 Inch &#8211; FHD &#8211; VA &#8211; 75Hz &#8211; 5ms)"},"content":{"rendered":"<div class=\"overflow-hidden js-static-content\">\n<h2 align=\"center\"><strong>M\u00e0n h\u00ecnh Dell E2725H<\/strong><\/h2>\n<p><strong>C\u1ea3i Thi\u1ec7n S\u1ef1 Tho\u1ea3i M\u00e1i V\u1ec1 Th\u1ecb Gi\u00e1c<\/strong><\/p>\n<p><strong><img loading=\"lazy\" decoding=\"async\" class=\"aligncenter\" src=\"https:\/\/anphat.com.vn\/media\/lib\/31-10-2024\/dell_e2725h_1.jpg\" alt=\"M\u00e0n h\u00ecnh Dell E2725H\" width=\"1000\" height=\"564\" \/><\/strong><\/p>\n<p>Tr\u1ea3i nghi\u1ec7m nh\u1eefng l\u1ee3i \u00edch tr\u1ef1c ti\u1ebfp v\u1edbi ComfortView Plus, \u0111\u01b0\u1ee3c thi\u1ebft k\u1ebf \u0111\u1ec3 gi\u1ea3m thi\u1ec3u ph\u00e1t x\u1ea1 \u00e1nh s\u00e1ng xanh c\u00f3 h\u1ea1i m\u00e0 kh\u00f4ng l\u00e0m \u1ea3nh h\u01b0\u1edfng \u0111\u1ebfn m\u00e0u s\u1eafc. K\u1ebft h\u1ee3p v\u1edbi t\u1ed1c \u0111\u1ed9 l\u00e0m m\u1edbi 75Hz, m\u00e0n h\u00ecnh n\u00e0y mang \u0111\u1ebfn tr\u1ea3i nghi\u1ec7m xem \u0111\u01b0\u1ee3c ch\u1ee9ng nh\u1eadn 3 sao c\u1ee7a T\u00dcV Rheinland.<br \/>\nV\u1edbi c\u00f4ng ngh\u1ec7 \u00e1nh s\u00e1ng xanh th\u1ea5p \u0111\u01b0\u1ee3c h\u1ed7 tr\u1ee3 b\u1eb1ng ph\u1ea7n m\u1ec1m so v\u1edbi ComfortView Plus t\u00edch h\u1ee3p.<\/p>\n<p><strong>\u0110\u00e1ng Tin C\u1eady T\u1eeb M\u1ecdi G\u00f3c \u0110\u1ed9<\/strong><\/p>\n<p><strong><img loading=\"lazy\" decoding=\"async\" class=\"aligncenter\" src=\"https:\/\/anphat.com.vn\/media\/lib\/31-10-2024\/dell_e2725h_2.jpg\" alt=\"M\u00e0n h\u00ecnh Dell E2725H\" width=\"700\" height=\"533\" \/><\/strong><\/p>\n<p><strong>G\u00f3c Nh\u00ecn R\u1ed9ng<\/strong><\/p>\n<p>C\u00f3 \u0111\u01b0\u1ee3c g\u00f3c nh\u00ecn nh\u1ea5t qu\u00e1n tr\u00ean g\u00f3c nh\u00ecn r\u1ed9ng 178\u00b0\/178\u00b0.<\/p>\n<p><strong>Vi\u1ec1n M\u1ecfng<\/strong><\/p>\n<p>T\u1ed1i \u0111a h\u00f3a kh\u00f4ng gian m\u00e0n h\u00ecnh c\u1ee7a b\u1ea1n v\u1edbi thi\u1ebft k\u1ebf \u0111\u01a1n gi\u1ea3n, g\u1ecdn g\u00e0ng.<\/p>\n<p><strong>T\u1ef7 L\u1ec7 T\u01b0\u01a1ng Ph\u1ea3n 3000:1<\/strong><\/p>\n<p>Tr\u1ea3i nghi\u1ec7m m\u00e0u \u0111en s\u00e2u h\u01a1n, m\u00e0u tr\u1eafng s\u00e1ng h\u01a1n v\u00e0 m\u00e0u s\u1eafc s\u1ed1ng \u0111\u1ed9ng.<\/p>\n<p>&nbsp;<\/p>\n<p><strong>Thi\u1ebft K\u1ebf Ch\u1ee9c N\u0103ng, Ti\u1ebft Ki\u1ec7m Kh\u00f4ng Gian<\/strong><\/p>\n<p><strong><img loading=\"lazy\" decoding=\"async\" class=\"aligncenter\" src=\"https:\/\/anphat.com.vn\/media\/lib\/31-10-2024\/dell_e2725h_3.jpg\" alt=\"M\u00e0n h\u00ecnh Dell E2725H\" width=\"1000\" height=\"540\" \/><\/strong><\/p>\n<p><strong>Ph\u00f9 H\u1ee3p V\u1edbi Nhu C\u1ea7u C\u1ee7a B\u1ea1n<\/strong><\/p>\n<p>Ph\u00f9 h\u1ee3p v\u1edbi m\u1ecdi k\u00edch th\u01b0\u1edbc b\u00e0n l\u00e0m vi\u1ec7c v\u1edbi ch\u00e2n \u0111\u1ebf v\u00e0 gi\u00e1 \u0111\u1ee1 t\u01b0\u01a1ng th\u00edch VESA \u0111a n\u0103ng.<\/p>\n<p><strong>K\u1ebft N\u1ed1i Thu\u1eadn Ti\u1ec7n<\/strong><\/p>\n<p>K\u1ebft n\u1ed1i v\u1edbi c\u00e1c h\u1ec7 th\u1ed1ng hi\u1ec7n t\u1ea1i v\u00e0 c\u0169 th\u00f4ng qua c\u1ed5ng VGA v\u00e0 DP.<\/p>\n<p><strong>Gi\u00fap B\u1ea1n \u0110i \u0110\u00fang H\u01b0\u1edbng<\/strong><\/p>\n<p>Gi\u1ea3m b\u1edbt s\u1ef1 l\u1ed9n x\u1ed9n v\u1edbi c\u00e1c t\u00ednh n\u0103ng ti\u1ebft ki\u1ec7m kh\u00f4ng gian nh\u01b0 ch\u00e2n \u0111\u1ebf nh\u1ecf g\u1ecdn v\u00e0 qu\u1ea3n l\u00fd c\u00e1p t\u00edch h\u1ee3p.<\/p>\n<p>&nbsp;<\/p>\n<h2><strong>Tr\u00ecnh Qu\u1ea3n L\u00fd M\u00e0n H\u00ecnh Dell<\/strong><\/h2>\n<p><img loading=\"lazy\" decoding=\"async\" class=\"aligncenter\" src=\"https:\/\/anphat.com.vn\/media\/lib\/31-10-2024\/dell_e2725h_4.jpg\" alt=\"M\u00e0n h\u00ecnh Dell E2725H\" width=\"1000\" height=\"667\" \/><\/p>\n<p><strong>C\u1ea3i Thi\u1ec7n \u0110a Nhi\u1ec7m<\/strong><\/p>\n<p>S\u1eafp x\u1ebfp m\u00e0n h\u00ecnh c\u1ee7a b\u1ea1n b\u1eb1ng Easy Arrange v\u00e0 l\u01b0u h\u1ed3 s\u01a1 b\u1eb1ng Easy Arrange Memory.<\/p>\n<p><strong>Kh\u1ea3 N\u0103ng Qu\u1ea3n L\u00fd<\/strong><\/p>\n<p>Qu\u1ea3n l\u00fd \u0111\u1ed9i m\u00e0n h\u00ecnh c\u1ee7a b\u1ea1n b\u1eb1ng c\u00e1c t\u00ednh n\u0103ng qu\u1ea3n l\u00fd t\u1eeb xa t\u1ef1 \u0111\u1ed9ng v\u00e0 t\u01b0\u01a1ng th\u00edch v\u1edbi nhi\u1ec1u c\u00f4ng c\u1ee5.<\/p>\n<p><strong>T\u00f9y Ch\u1ec9nh Thu\u1eadn Ti\u1ec7n<\/strong><\/p>\n<p>Truy c\u1eadp nhanh c\u00e1c t\u00ednh n\u0103ng v\u00e0 ch\u1ee9c n\u0103ng y\u00eau th\u00edch c\u1ee7a b\u1ea1n b\u1eb1ng tr\u00ecnh kh\u1edfi ch\u1ea1y menu v\u00e0 ph\u00edm n\u00f3ng.<\/p>\n<p>&nbsp;<\/p>\n<h2><strong>T\u01b0 Duy Ti\u1ebfn B\u1ed9 V\u1ec1 M\u00f4i Tr\u01b0\u1eddng<\/strong><\/h2>\n<p><strong><img loading=\"lazy\" decoding=\"async\" class=\"aligncenter\" src=\"https:\/\/anphat.com.vn\/media\/lib\/31-10-2024\/dell_e2725h_5.jpg\" alt=\"M\u00e0n h\u00ecnh Dell E2725H\" width=\"1000\" height=\"360\" \/><\/strong><\/p>\n<p><strong>\u0110\u1ed5i M\u1edbi V\u1eadt Li\u1ec7u<\/strong><\/p>\n<p>M\u00e0n h\u00ecnh c\u1ee7a b\u1ea1n \u0111\u01b0\u1ee3c ch\u1ebf t\u1ea1o c\u1ea9n th\u1eadn v\u1edbi 85% nh\u1ef1a sau ti\u00eau d\u00f9ng v\u00e0 nh\u1ef1a c\u00f3 ngu\u1ed3n g\u1ed1c t\u1eeb ITE v\u00f2ng k\u00edn v\u00e0 \u00edt nh\u1ea5t 20% th\u1ee7y tinh t\u00e1i ch\u1ebf. S\u1eed d\u1ee5ng v\u1eadt li\u1ec7u t\u00e1i ch\u1ebf gi\u00fap b\u1ea3o t\u1ed3n t\u00e0i nguy\u00ean thi\u00ean nhi\u00ean v\u00e0 g\u00f3p ph\u1ea7n gi\u1ea3m thi\u1ec3u d\u1ea5u ch\u00e2n sinh th\u00e1i.<\/p>\n<p>&nbsp;<\/p>\n<p><strong>S\u1ef1 Xu\u1ea5t S\u1eafc Trong C\u00e1c Ti\u00eau Chu\u1ea9n M\u00f4i Tr\u01b0\u1eddng<\/strong><\/p>\n<p><strong><img loading=\"lazy\" decoding=\"async\" class=\"aligncenter\" src=\"https:\/\/anphat.com.vn\/media\/lib\/31-10-2024\/dell_e2725h_6.jpg\" alt=\"M\u00e0n h\u00ecnh Dell E2725H\" width=\"1000\" height=\"210\" \/><\/strong><\/p>\n<p>M\u00e0n h\u00ecnh n\u00e0y \u0111\u01b0\u1ee3c ch\u1ee9ng nh\u1eadn ENERGY STAR\u00ae, mang nh\u00e3n hi\u1ec7u TCO Certified Edge v\u00e0 \u0111\u01b0\u1ee3c \u0111\u0103ng k\u00fd EPEAT Gold v\u1edbi Climate+. V\u1edbi Climate+, m\u00e0n h\u00ecnh n\u00e0y \u0111\u00e3 \u0111\u00e1p \u1ee9ng c\u00e1c th\u00f4ng l\u1ec7 t\u1ed1t nh\u1ea5t c\u1ee7a ng\u00e0nh v\u1ec1 qu\u00e1 tr\u00ecnh kh\u1eed cacbon.<\/p>\n<p><strong>Bao B\u00ec T\u00e1c \u0110\u1ed9ng Th\u1ea5p<\/strong><\/p>\n<p>M\u00e0n h\u00ecnh n\u00e0y \u0111\u01b0\u1ee3c v\u1eadn chuy\u1ec3n trong h\u1ed9p \u0111\u01b0\u1ee3c l\u00e0m b\u1eb1ng 100% th\u00e0nh ph\u1ea7n t\u00e1i t\u1ea1o c\u0169ng c\u00f3 th\u1ec3 t\u00e1i ch\u1ebf.<\/p>\n<p>&nbsp;<\/p>\n<p><strong>C\u1ed5ng C\u1eafm &amp; Khe C\u1eafm<\/strong><\/p>\n<p><strong><img loading=\"lazy\" decoding=\"async\" class=\"aligncenter\" src=\"https:\/\/anphat.com.vn\/media\/lib\/31-10-2024\/dell_e2725h_7.jpg\" alt=\"M\u00e0n h\u00ecnh Dell E2725H\" width=\"1000\" height=\"244\" \/><\/strong><\/p>\n<p><strong>M\u1eb7t sau<\/strong><\/p>\n<p>Khe kh\u00f3a an to\u00e0n (d\u1ef1a tr\u00ean Kensington Security Slot\u2122)<\/p>\n<p>\u0110\u1ea7u n\u1ed1i ngu\u1ed3n<\/p>\n<p>DisplayPort<\/p>\n<p>VGA<\/p>\n<p>C\u00e1p \u0111i k\u00e8m<\/p>\n<p>C\u00e1p ngu\u1ed3n<\/p>\n<p>C\u00e1p DisplayPort<\/p>\n<p><strong>S\u1ef1 An T\u00e2m, \u0110\u01b0\u1ee3c \u0110\u1ea3m B\u1ea3o<\/strong><\/p>\n<p><strong>M\u1ed9t Th\u01b0\u01a1ng Hi\u1ec7u B\u1ea1n C\u00f3 Th\u1ec3 Tin C\u1eady<\/strong><\/p>\n<p>L\u00e0 c\u00f4ng ty m\u00e0n h\u00ecnh s\u1ed1 1 tr\u00ean to\u00e0n th\u1ebf gi\u1edbi, ch\u00fang t\u00f4i t\u1ef1 h\u00e0o v\u1ec1 cam k\u1ebft kh\u00f4ng ng\u1eebng ngh\u1ec9 c\u1ee7a m\u00ecnh \u0111\u1ed1i v\u1edbi ch\u1ea5t l\u01b0\u1ee3ng v\u00e0 s\u1ef1 h\u00e0i l\u00f2ng t\u1ed1i \u0111a c\u1ee7a kh\u00e1ch h\u00e0ng.<\/p>\n<p><strong>D\u1ecbch V\u1ee5 Trao \u0110\u1ed5i N\u00e2ng Cao<\/strong><\/p>\n<p>M\u00e0n h\u00ecnh c\u1ee7a b\u1ea1n \u0111i k\u00e8m v\u1edbi D\u1ecbch v\u1ee5 trao \u0111\u1ed5i n\u00e2ng cao trong 3 n\u0103m[9] \u0111\u1ec3 n\u1ebfu c\u1ea7n thay th\u1ebf, m\u00e0n h\u00ecnh s\u1ebd \u0111\u01b0\u1ee3c chuy\u1ec3n \u0111\u1ebfn cho b\u1ea1n v\u00e0o ng\u00e0y l\u00e0m vi\u1ec7c ti\u1ebfp theo trong th\u1eddi gian B\u1ea3o h\u00e0nh ph\u1ea7n c\u1ee9ng c\u00f3 gi\u1edbi h\u1ea1n trong 3 n\u0103m.<\/p>\n<p><strong>N\u00e2ng C\u1ea5p D\u1ecbch V\u1ee5 H\u1ed7 Tr\u1ee3 C\u1ee7a B\u1ea1n<\/strong><\/p>\n<p>Nh\u1eadn m\u1ee9c h\u1ed7 tr\u1ee3 cao h\u01a1n v\u1edbi ProSupport d\u00e0nh cho m\u00e0n h\u00ecnh. B\u1ea1n s\u1ebd nh\u1eadn \u0111\u01b0\u1ee3c h\u1ed7 tr\u1ee3 24&#215;7 \u0111\u1ec3 thi\u1ebft l\u1eadp, c\u1ea5u h\u00ecnh, kh\u1eafc ph\u1ee5c s\u1ef1 c\u1ed1 v\u00e0 nhi\u1ec1u h\u01a1n n\u1eefa t\u1eeb c\u00e1c chuy\u00ean gia \u0111\u01b0\u1ee3c \u0111\u00e0o t\u1ea1o b\u00e0i b\u1ea3n, c\u00f9ng v\u1edbi D\u1ecbch v\u1ee5 trao \u0111\u1ed5i n\u00e2ng cao v\u00e0o ng\u00e0y l\u00e0m vi\u1ec7c ti\u1ebfp theo n\u1ebfu v\u1ea5n \u0111\u1ec1 b\u1ea3o h\u00e0nh c\u1ee7a b\u1ea1n kh\u00f4ng th\u1ec3 gi\u1ea3i quy\u1ebft qua \u0111i\u1ec7n tho\u1ea1i.<\/p>\n<\/div>\n<div class=\"text-center btn-html-content\"><\/div>\n","protected":false},"excerpt":{"rendered":"<p><span class=\"item \">Ki\u1ec3u d\u00e1ng m\u00e0n h\u00ecnh: Ph\u1eb3ng<\/span><i class=\"fa fa-check-circle\"><\/i><\/p>\n<p><span class=\"item \">T\u1ec9 l\u1ec7 khung h\u00ecnh: 16:9<\/span><i class=\"fa fa-check-circle\"><\/i><\/p>\n<p><span class=\"item \">K\u00edch th\u01b0\u1edbc m\u1eb7c \u0111\u1ecbnh: 27 inch<\/span><i class=\"fa fa-check-circle\"><\/i><\/p>\n<p><span class=\"item \">C\u00f4ng ngh\u1ec7 t\u1ea5m n\u1ec1n: VA<\/span><i class=\"fa fa-check-circle\"><\/i><\/p>\n<p><span class=\"item hide d-block\">Ph\u00e2n gi\u1ea3i \u0111i\u1ec3m \u1ea3nh: FHD &#8211; 1920 x 1080<\/span><i class=\"fa fa-check-circle\"><\/i><\/p>\n<p><span class=\"item hide d-block\">\u0110\u1ed9 s\u00e1ng hi\u1ec3n th\u1ecb: 300 Nits cd\/m2<\/span><i class=\"fa fa-check-circle\"><\/i><\/p>\n<p><span class=\"item hide d-block\">T\u1ea7n s\u1ed1 qu\u00e9t m\u00e0n: 75 Hz<\/span><i class=\"fa fa-check-circle\"><\/i><\/p>\n<p><span class=\"item hide d-block\">Th\u1eddi gian \u0111\u00e1p \u1ee9ng: 5 ms<\/span><i class=\"fa fa-check-circle\"><\/i><\/p>\n<p><span class=\"item hide d-block\">Ch\u1ec9 s\u1ed1 m\u00e0u s\u1eafc: 16.7 tri\u1ec7u m\u00e0u &#8211; 83% NTSC (CIE 1976)<\/span><i class=\"fa fa-check-circle\"><\/i><\/p>\n<p><span class=\"item hide d-block\">H\u1ed7 tr\u1ee3 ti\u00eau chu\u1ea9n: VESA (100 mm x 100 mm)<\/span><i class=\"fa fa-check-circle\"><\/i><\/p>\n<p><span class=\"item hide d-block\">C\u1ed5ng c\u1eafm k\u1ebft n\u1ed1i: 1x DisplayPort 1.2, One VGA connector<\/span><i class=\"fa fa-check-circle\"><\/i><\/p>\n<p><span class=\"item hide d-block\">Ph\u1ee5 ki\u1ec7n trong h\u1ed9p: D\u00e2y ngu\u1ed3n, d\u00e2y DP<\/span><\/p>\n","protected":false},"featured_media":1067,"comment_status":"open","ping_status":"closed","template":"","meta":{"_acf_changed":false},"product_brand":[],"product_cat":[44],"product_tag":[],"class_list":{"0":"post-1063","1":"product","2":"type-product","3":"status-publish","4":"has-post-thumbnail","6":"product_cat-man-hinh-may-tinh","8":"first","9":"instock","10":"shipping-taxable","11":"purchasable","12":"product-type-simple"},"acf":[],"_links":{"self":[{"href":"https:\/\/shopcongnghehaiphong.com\/index.php?rest_route=\/wp\/v2\/product\/1063","targetHints":{"allow":["GET"]}}],"collection":[{"href":"https:\/\/shopcongnghehaiphong.com\/index.php?rest_route=\/wp\/v2\/product"}],"about":[{"href":"https:\/\/shopcongnghehaiphong.com\/index.php?rest_route=\/wp\/v2\/types\/product"}],"replies":[{"embeddable":true,"href":"https:\/\/shopcongnghehaiphong.com\/index.php?rest_route=%2Fwp%2Fv2%2Fcomments&post=1063"}],"wp:featuredmedia":[{"embeddable":true,"href":"https:\/\/shopcongnghehaiphong.com\/index.php?rest_route=\/wp\/v2\/media\/1067"}],"wp:attachment":[{"href":"https:\/\/shopcongnghehaiphong.com\/index.php?rest_route=%2Fwp%2Fv2%2Fmedia&parent=1063"}],"wp:term":[{"taxonomy":"product_brand","embeddable":true,"href":"https:\/\/shopcongnghehaiphong.com\/index.php?rest_route=%2Fwp%2Fv2%2Fproduct_brand&post=1063"},{"taxonomy":"product_cat","embeddable":true,"href":"https:\/\/shopcongnghehaiphong.com\/index.php?rest_route=%2Fwp%2Fv2%2Fproduct_cat&post=1063"},{"taxonomy":"product_tag","embeddable":true,"href":"https:\/\/shopcongnghehaiphong.com\/index.php?rest_route=%2Fwp%2Fv2%2Fproduct_tag&post=1063"}],"curies":[{"name":"wp","href":"https:\/\/api.w.org\/{rel}","templated":true}]}}