{"id":1211,"date":"2025-01-10T14:27:46","date_gmt":"2025-01-10T07:27:46","guid":{"rendered":"https:\/\/shopcongnghehaiphong.com\/?post_type=product&#038;p=1211"},"modified":"2025-01-10T14:27:46","modified_gmt":"2025-01-10T07:27:46","slug":"ram-ddr4-silicon-power-xpower-turbine-16g-3200-mhz","status":"publish","type":"product","link":"https:\/\/shopcongnghehaiphong.com\/?product=ram-ddr4-silicon-power-xpower-turbine-16g-3200-mhz","title":{"rendered":"RAM DDR4 Silicon Power XPOWER Turbine 16G\/3200 MHz"},"content":{"rendered":"<p>RAM Silicon Power XPOWER Turbine 16GB DDR4 3200MHz l\u00e0 m\u1ed9t trong nh\u1eefng l\u1ef1a ch\u1ecdn h\u00e0ng \u0111\u1ea7u cho ng\u01b0\u1eddi d\u00f9ng mu\u1ed1n n\u00e2ng c\u1ea5p hi\u1ec7u n\u0103ng h\u1ec7 th\u1ed1ng. S\u1ea3n ph\u1ea9m n\u00e0y kh\u00f4ng ch\u1ec9 n\u1ed5i b\u1eadt v\u1edbi hi\u1ec7u su\u1ea5t m\u1ea1nh m\u1ebd m\u00e0 c\u00f2n c\u00f3 thi\u1ebft k\u1ebf t\u1ea3n nhi\u1ec7t hi\u1ec7u qu\u1ea3, ph\u00f9 h\u1ee3p cho c\u00e1c \u1ee9ng d\u1ee5ng \u0111\u00f2i h\u1ecfi hi\u1ec7u n\u0103ng cao nh\u01b0 ch\u01a1i game, l\u00e0m \u0111\u1ed3 h\u1ecda hay l\u1eadp tr\u00ecnh.<\/p>\n<p><strong>Th\u00f4ng s\u1ed1 k\u1ef9 thu\u1eadt<\/strong><\/p>\n<p>Dung l\u01b0\u1ee3ng: 16GB<br \/>\nLo\u1ea1i RAM: DDR4<br \/>\nT\u1ed1c \u0111\u1ed9: 3200MHz<br \/>\nCAS Latency: 16-18-18-38<br \/>\n\u0110i\u1ec7n \u00e1p ho\u1ea1t \u0111\u1ed9ng: 1.35V<br \/>\nT\u1ea3n nhi\u1ec7t: C\u00f3, v\u1edbi thi\u1ebft k\u1ebf t\u1ea3n nhi\u1ec7t nh\u00f4m<\/p>\n","protected":false},"excerpt":{"rendered":"<ul>\n<li><span class=\"d-block\">RAM DDR4 Silicon Power XPOWER Turbine 16G\/3200<\/span><span class=\"d-block\"><i class=\"fa fa-check-circle green\"><\/i><br \/>\nItem Dimensions: 38.2(H) x 133(L)<\/span><span class=\"d-block\"><i class=\"fa fa-check-circle green\"><\/i>\u00a0<\/span><\/li>\n<li><span class=\"d-block\">Memory Clock Speed: 3200 MHz<\/span><span class=\"d-block\"><i class=\"fa fa-check-circle green\"><\/i>\u00a0<\/span><\/li>\n<li><span class=\"d-block\">Memory Storage Capacity: 16 GB<\/span><\/li>\n<\/ul>\n","protected":false},"featured_media":1214,"comment_status":"open","ping_status":"closed","template":"","meta":{"_acf_changed":false},"product_brand":[],"product_cat":[48],"product_tag":[],"class_list":{"0":"post-1211","1":"product","2":"type-product","3":"status-publish","4":"has-post-thumbnail","6":"product_cat-ram-bo-nho-trong","8":"first","9":"instock","10":"shipping-taxable","11":"purchasable","12":"product-type-simple"},"acf":[],"_links":{"self":[{"href":"https:\/\/shopcongnghehaiphong.com\/index.php?rest_route=\/wp\/v2\/product\/1211","targetHints":{"allow":["GET"]}}],"collection":[{"href":"https:\/\/shopcongnghehaiphong.com\/index.php?rest_route=\/wp\/v2\/product"}],"about":[{"href":"https:\/\/shopcongnghehaiphong.com\/index.php?rest_route=\/wp\/v2\/types\/product"}],"replies":[{"embeddable":true,"href":"https:\/\/shopcongnghehaiphong.com\/index.php?rest_route=%2Fwp%2Fv2%2Fcomments&post=1211"}],"wp:featuredmedia":[{"embeddable":true,"href":"https:\/\/shopcongnghehaiphong.com\/index.php?rest_route=\/wp\/v2\/media\/1214"}],"wp:attachment":[{"href":"https:\/\/shopcongnghehaiphong.com\/index.php?rest_route=%2Fwp%2Fv2%2Fmedia&parent=1211"}],"wp:term":[{"taxonomy":"product_brand","embeddable":true,"href":"https:\/\/shopcongnghehaiphong.com\/index.php?rest_route=%2Fwp%2Fv2%2Fproduct_brand&post=1211"},{"taxonomy":"product_cat","embeddable":true,"href":"https:\/\/shopcongnghehaiphong.com\/index.php?rest_route=%2Fwp%2Fv2%2Fproduct_cat&post=1211"},{"taxonomy":"product_tag","embeddable":true,"href":"https:\/\/shopcongnghehaiphong.com\/index.php?rest_route=%2Fwp%2Fv2%2Fproduct_tag&post=1211"}],"curies":[{"name":"wp","href":"https:\/\/api.w.org\/{rel}","templated":true}]}}