{"id":1305,"date":"2025-01-10T15:45:54","date_gmt":"2025-01-10T08:45:54","guid":{"rendered":"https:\/\/shopcongnghehaiphong.com\/?post_type=product&#038;p=1305"},"modified":"2025-01-15T09:14:25","modified_gmt":"2025-01-15T02:14:25","slug":"mainboard-gigabyte-z790-ud-ax-ddr5-wifi-6e-bluetooth-2","status":"publish","type":"product","link":"https:\/\/shopcongnghehaiphong.com\/?product=mainboard-gigabyte-z790-ud-ax-ddr5-wifi-6e-bluetooth-2","title":{"rendered":"MAINBOARD GIGABYTE Z790 UD AX\u200b DDR5 (WIFI 6E +BLUETOOTH)"},"content":{"rendered":"<div id=\"description\" class=\"overflow-hidden position-relative entry-content\" data-max_height=\"400\">\n<p>Gigabyte H610M GAMING WIFI DDR4\u00a0l\u00e0 m\u1ed9t trong nh\u1eefng l\u1ef1a ch\u1ecdn h\u00e0ng \u0111\u1ea7u cho nh\u1eefng ng\u01b0\u1eddi d\u00f9ng \u0111ang t\u00ecm ki\u1ebfm m\u1ed9t chi\u1ebfc mainboard \u1ed5n \u0111\u1ecbnh, hi\u1ec7u n\u0103ng cao \u0111\u1ec3 x\u00e2y d\u1ef1ng h\u1ec7 th\u1ed1ng m\u00e1y t\u00ednh v\u1edbi chip Intel th\u1ebf h\u1ec7 12, 13 v\u00e0 14. V\u1edbi thi\u1ebft k\u1ebf nh\u1ecf g\u1ecdn, t\u00ednh n\u0103ng \u0111a d\u1ea1ng v\u00e0 hi\u1ec7u n\u0103ng v\u01b0\u1ee3t tr\u1ed9i, s\u1ea3n ph\u1ea9m n\u00e0y h\u1ee9a h\u1eb9n s\u1ebd mang \u0111\u1ebfn nh\u1eefng tr\u1ea3i nghi\u1ec7m tuy\u1ec7t v\u1eddi cho ng\u01b0\u1eddi d\u00f9ng.<\/p>\n<p><img decoding=\"async\" src=\"https:\/\/hoanglongcomputer.vn\/media\/lib\/08-11-2024\/15c0fbe1fd8081b3593addad5449e8111.png\" alt=\"\" \/><\/p>\n<p><strong>Thi\u1ebft k\u1ebf v\u00e0 t\u00ednh n\u0103ng n\u1ed5i b\u1eadt<\/strong><\/p>\n<p><strong>Thi\u1ebft k\u1ebf nh\u1ecf g\u1ecdn, tinh t\u1ebf<\/strong><\/p>\n<p>Mainboard s\u1edf h\u1eefu form factor Micro-ATX, gi\u00fap b\u1ea1n d\u1ec5 d\u00e0ng l\u1eafp \u0111\u1eb7t v\u00e0o c\u00e1c case m\u00e1y t\u00ednh c\u00f3 k\u00edch th\u01b0\u1edbc v\u1eeba v\u00e0 nh\u1ecf. Thi\u1ebft k\u1ebf m\u1ea1ch PCB t\u1ed1i \u01b0u h\u00f3a, c\u00f9ng v\u1edbi c\u00e1c linh ki\u1ec7n ch\u1ea5t l\u01b0\u1ee3ng cao, mang \u0111\u1ebfn s\u1ef1 b\u1ec1n b\u1ec9 v\u00e0 \u1ed5n \u0111\u1ecbnh cho s\u1ea3n ph\u1ea9m.<\/p>\n<p><strong>H\u1ed7 tr\u1ee3 CPU th\u1ebf h\u1ec7 m\u1edbi<\/strong><\/p>\n<p>V\u1edbi socket LGA 1700, mainboard t\u01b0\u01a1ng th\u00edch ho\u00e0n h\u1ea3o v\u1edbi c\u00e1c d\u00f2ng CPU Intel Core th\u1ebf h\u1ec7 12, 13 v\u00e0 14, mang \u0111\u1ebfn hi\u1ec7u n\u0103ng x\u1eed l\u00fd m\u1ea1nh m\u1ebd cho m\u1ecdi t\u00e1c v\u1ee5 t\u1eeb l\u00e0m vi\u1ec7c, gi\u1ea3i tr\u00ed \u0111\u1ebfn ch\u01a1i game.<\/p>\n<p><strong>B\u1ed9 nh\u1edb DDR4 t\u1ed1c \u0111\u1ed9 cao<\/strong><\/p>\n<p>H\u1ed7 tr\u1ee3 RAM DDR4 v\u1edbi dung l\u01b0\u1ee3ng t\u1ed1i \u0111a l\u00ean \u0111\u1ebfn 64GB v\u00e0 t\u1ed1c \u0111\u1ed9 bus cao, gi\u00fap t\u0103ng c\u01b0\u1eddng hi\u1ec7u su\u1ea5t l\u00e0m vi\u1ec7c \u0111a nhi\u1ec7m v\u00e0 ch\u1ea1y c\u00e1c \u1ee9ng d\u1ee5ng n\u1eb7ng.<\/p>\n<p><strong>K\u1ebft n\u1ed1i \u0111a d\u1ea1ng<\/strong><\/p>\n<p>Mainboard \u0111\u01b0\u1ee3c trang b\u1ecb \u0111\u1ea7y \u0111\u1ee7 c\u00e1c c\u1ed5ng k\u1ebft n\u1ed1i c\u1ea7n thi\u1ebft nh\u01b0 USB 3.2 Gen 1, USB 2.0, HDMI, DisplayPort, c\u00f9ng v\u1edbi khe c\u1eafm M.2 NVMe PCIe Gen3 x4 cho t\u1ed1c \u0111\u1ed9 truy\u1ec1n d\u1eef li\u1ec7u c\u1ef1c nhanh.<\/p>\n<p><strong>\u00c2m thanh ch\u1ea5t l\u01b0\u1ee3ng cao<\/strong><\/p>\n<p>V\u1edbi c\u00f4ng ngh\u1ec7 \u00e2m thanh Realtek HD Audio, mainboard mang \u0111\u1ebfn tr\u1ea3i nghi\u1ec7m \u00e2m thanh s\u1ed1ng \u0111\u1ed9ng v\u00e0 ch\u00e2n th\u1ef1c, \u0111\u00e1p \u1ee9ng nhu c\u1ea7u gi\u1ea3i tr\u00ed c\u1ee7a ng\u01b0\u1eddi d\u00f9ng.<\/p>\n<p><strong>K\u1ebft n\u1ed1i m\u1ea1ng kh\u00f4ng d\u00e2y<\/strong><\/p>\n<p>T\u00edch h\u1ee3p Wi-Fi 6 v\u00e0 Bluetooth 5.1, gi\u00fap b\u1ea1n k\u1ebft n\u1ed1i internet v\u00e0 c\u00e1c thi\u1ebft b\u1ecb ngo\u1ea1i vi m\u1ed9t c\u00e1ch d\u1ec5 d\u00e0ng v\u00e0 nhanh ch\u00f3ng.<\/p>\n<p><strong>H\u1ec7 th\u1ed1ng l\u00e0m m\u00e1t hi\u1ec7u qu\u1ea3<\/strong><\/p>\n<p>Thi\u1ebft k\u1ebf t\u1ea3n nhi\u1ec7t h\u1ee3p l\u00fd, c\u00f9ng v\u1edbi c\u00e1c qu\u1ea1t l\u00e0m m\u00e1t th\u00f4ng minh, gi\u00fap mainboard lu\u00f4n ho\u1ea1t \u0111\u1ed9ng \u1ed5n \u0111\u1ecbnh v\u00e0 m\u00e1t m\u1ebb ngay c\u1ea3 khi ph\u1ea3i x\u1eed l\u00fd c\u00e1c t\u00e1c v\u1ee5 n\u1eb7ng.<\/p>\n<p><img decoding=\"async\" src=\"https:\/\/hoanglongcomputer.vn\/media\/lib\/23-11-2024\/H610-2.jpg\" alt=\"\" \/><\/p>\n<p><strong>Hi\u1ec7u n\u0103ng<\/strong><\/p>\n<p><strong>Gigabyte H610M GAMING WIFI DDR4<\/strong>\u00a0\u0111\u00e3 ch\u1ee9ng minh \u0111\u01b0\u1ee3c kh\u1ea3 n\u0103ng v\u1eadn h\u00e0nh \u1ed5n \u0111\u1ecbnh v\u00e0 hi\u1ec7u qu\u1ea3 cao. Khi k\u1ebft h\u1ee3p v\u1edbi c\u00e1c CPU Intel Core th\u1ebf h\u1ec7 m\u1edbi, mainboard mang \u0111\u1ebfn hi\u1ec7u su\u1ea5t v\u01b0\u1ee3t tr\u1ed9i trong c\u00e1c t\u00e1c v\u1ee5 nh\u01b0:<\/p>\n<p><strong>Ch\u01a1i game<\/strong><\/p>\n<p>C\u1ea5u h\u00ecnh m\u1ea1nh m\u1ebd gi\u00fap b\u1ea1n tr\u1ea3i nghi\u1ec7m c\u00e1c t\u1ef1a game m\u1edbi nh\u1ea5t v\u1edbi \u0111\u1ed3 h\u1ecda s\u1eafc n\u00e9t v\u00e0 m\u01b0\u1ee3t m\u00e0.<\/p>\n<p><img decoding=\"async\" src=\"https:\/\/hoanglongcomputer.vn\/media\/lib\/23-11-2024\/H610-1.jpg\" alt=\"\" \/><\/p>\n<p><strong>L\u00e0m vi\u1ec7c<\/strong><\/p>\n<p>Mainboard \u0111\u00e1p \u1ee9ng t\u1ed1t c\u00e1c nhu c\u1ea7u l\u00e0m vi\u1ec7c v\u0103n ph\u00f2ng, thi\u1ebft k\u1ebf \u0111\u1ed3 h\u1ecda, ch\u1ec9nh s\u1eeda video.<\/p>\n<p><strong>Gi\u1ea3i tr\u00ed<\/strong><\/p>\n<p>Xem phim, nghe nh\u1ea1c, l\u01b0\u1edbt web \u0111\u1ec1u tr\u1edf n\u00ean m\u01b0\u1ee3t m\u00e0 v\u00e0 th\u00fa v\u1ecb h\u01a1n.<\/p>\n<p><img decoding=\"async\" class=\"aligncenter\" src=\"https:\/\/hoanglongcomputer.vn\/media\/lib\/08-11-2024\/c84db7948ea332afa04ec5944851df.png\" alt=\"\" \/><\/p>\n<p>&nbsp;<\/p>\n<p><strong>\u0110\u1ed1i t\u01b0\u1ee3ng ng\u01b0\u1eddi d\u00f9ng<\/strong><\/p>\n<p>Gigabyte H610M GAMING WIFI DDR4\u00a0ph\u00f9 h\u1ee3p v\u1edbi nhi\u1ec1u \u0111\u1ed1i t\u01b0\u1ee3ng ng\u01b0\u1eddi d\u00f9ng, t\u1eeb nh\u1eefng ng\u01b0\u1eddi m\u1edbi l\u00e0m quen v\u1edbi vi\u1ec7c l\u1eafp r\u00e1p m\u00e1y t\u00ednh cho \u0111\u1ebfn c\u00e1c game th\u1ee7 chuy\u00ean nghi\u1ec7p. Mainboard l\u00e0 l\u1ef1a ch\u1ecdn l\u00fd t\u01b0\u1edfng \u0111\u1ec3 x\u00e2y d\u1ef1ng m\u1ed9t h\u1ec7 th\u1ed1ng m\u00e1y t\u00ednh \u0111a n\u0103ng, \u0111\u00e1p \u1ee9ng \u0111\u01b0\u1ee3c m\u1ecdi nhu c\u1ea7u s\u1eed d\u1ee5ng.<\/p>\n<p>Gigabyte H610M GAMING WIFI DDR4\u00a0l\u00e0 m\u1ed9t chi\u1ebfc mainboard \u0111\u00e1ng \u0111\u1ec3 s\u1edf h\u1eefu, v\u1edbi gi\u00e1 th\u00e0nh r\u1ebb, thi\u1ebft k\u1ebf \u0111\u1eb9p m\u1eaft, t\u00ednh n\u0103ng \u0111a d\u1ea1ng, hi\u1ec7u n\u0103ng \u1ea5n t\u01b0\u1ee3ng, t\u00edch h\u1ee3p WiFi, h\u1ee9a h\u1eb9n s\u1ebd mang \u0111\u1ebfn cho ng\u01b0\u1eddi d\u00f9ng nh\u1eefng tr\u1ea3i nghi\u1ec7m tuy\u1ec7t v\u1eddi. \u0110\u00e2y ch\u00ednh l\u00e0 chi\u1ebfc mainboard \u0111\u00e1ng c\u00e2n nh\u1eafc cho nh\u1eefng ai mong mu\u1ed1n x\u00e2y d\u1ef1ng c\u1ea5u h\u00ecnh m\u00e1y t\u00ednh t\u1ea7m trung v\u00e0 \u1ed5n \u0111\u1ecbnh.<\/p>\n<p><img decoding=\"async\" src=\"https:\/\/hoanglongcomputer.vn\/media\/lib\/19-11-2024\/z6047975566429_ec4397a2c09b40d2f6a307249729b9cd.jpg\" alt=\"\" \/><img decoding=\"async\" src=\"https:\/\/hoanglongcomputer.vn\/media\/lib\/19-11-2024\/z6047975566539_4ab5ba5636e859b689f18e9c008c69f1.jpg\" alt=\"\" \/><img decoding=\"async\" src=\"https:\/\/hoanglongcomputer.vn\/media\/lib\/19-11-2024\/z6047975566527_b7fe8152b128d43ab130b807585938b2.jpg\" alt=\"\" \/><img decoding=\"async\" src=\"https:\/\/hoanglongcomputer.vn\/media\/lib\/19-11-2024\/z6047975566530_250c15fd290025add0a10a5d28cc50ef.jpg\" alt=\"\" \/><img decoding=\"async\" src=\"https:\/\/hoanglongcomputer.vn\/media\/lib\/19-11-2024\/z6047975566538_4fd856270204fdae11c2533aabc139c8.jpg\" alt=\"\" \/><\/p>\n<p>&nbsp;<\/p>\n<\/div>\n","protected":false},"excerpt":{"rendered":"<ul>\n<li><span class=\"d-block\">Supports Intel&#8217;s 12th, 13th, and 14th generation LGA1700<\/span><span class=\"d-block\"><i class=\"fa fa-check-circle green\"><\/i>\u00a0<\/span><\/li>\n<li><span class=\"d-block\">Supports dual channel with 2 DDR4 slots 2133 to 3200MHz<\/span><span class=\"d-block\"><i class=\"fa fa-check-circle green\"><\/i>\u00a0<\/span><\/li>\n<li><span class=\"d-block\">4 rear USB 2.0 and 2 USB 3.2; 1 front pin for USB 2.0 and 1 USB 3.2<\/span><span class=\"d-block\"><i class=\"fa fa-check-circle green\"><\/i>\u00a0<\/span><\/li>\n<li><span class=\"d-block\">1 PCIExpress X16 4.0 slot; 1 PCIExpress X1 slot<\/span><span class=\"d-block\"><i class=\"fa fa-check-circle green\"><\/i>\u00a0<\/span><\/li>\n<li><span class=\"d-block\">1 Gigabit network card interface; 1 DP interface; 1 HDMI interface; 1 VGA interface<\/span><span class=\"d-block\"><i class=\"fa fa-check-circle green\"><\/i>\u00a0<\/span><\/li>\n<li><span class=\"d-block\">2 M.2 NVME protocol 3.0 interfaces (1 X4 rate, 1 X2 rate)<\/span><span class=\"d-block\"><i class=\"fa fa-check-circle green\"><\/i>\u00a0<\/span><\/li>\n<li><span class=\"d-block\">1 WiFi interface board mounted 9560NGW module<\/span><span class=\"d-block\"><i class=\"fa fa-check-circle green\"><\/i>\u00a0<\/span><\/li>\n<li><span class=\"d-block\">1 BIOS clear button; 2 RGB5V 3-pin pins<\/span><span class=\"d-block\"><i class=\"fa fa-check-circle green\"><\/i>\u00a0<\/span><\/li>\n<li><span class=\"d-block\">Two 4-pin fan pins; Two 3-pin fan pins<\/span><\/li>\n<\/ul>\n","protected":false},"featured_media":1314,"comment_status":"open","ping_status":"closed","template":"","meta":{"_acf_changed":false},"product_brand":[],"product_cat":[43],"product_tag":[],"class_list":{"0":"post-1305","1":"product","2":"type-product","3":"status-publish","4":"has-post-thumbnail","6":"product_cat-mainboard-bo-mach-chu","8":"first","9":"instock","10":"shipping-taxable","11":"purchasable","12":"product-type-simple"},"acf":[],"_links":{"self":[{"href":"https:\/\/shopcongnghehaiphong.com\/index.php?rest_route=\/wp\/v2\/product\/1305","targetHints":{"allow":["GET"]}}],"collection":[{"href":"https:\/\/shopcongnghehaiphong.com\/index.php?rest_route=\/wp\/v2\/product"}],"about":[{"href":"https:\/\/shopcongnghehaiphong.com\/index.php?rest_route=\/wp\/v2\/types\/product"}],"replies":[{"embeddable":true,"href":"https:\/\/shopcongnghehaiphong.com\/index.php?rest_route=%2Fwp%2Fv2%2Fcomments&post=1305"}],"wp:featuredmedia":[{"embeddable":true,"href":"https:\/\/shopcongnghehaiphong.com\/index.php?rest_route=\/wp\/v2\/media\/1314"}],"wp:attachment":[{"href":"https:\/\/shopcongnghehaiphong.com\/index.php?rest_route=%2Fwp%2Fv2%2Fmedia&parent=1305"}],"wp:term":[{"taxonomy":"product_brand","embeddable":true,"href":"https:\/\/shopcongnghehaiphong.com\/index.php?rest_route=%2Fwp%2Fv2%2Fproduct_brand&post=1305"},{"taxonomy":"product_cat","embeddable":true,"href":"https:\/\/shopcongnghehaiphong.com\/index.php?rest_route=%2Fwp%2Fv2%2Fproduct_cat&post=1305"},{"taxonomy":"product_tag","embeddable":true,"href":"https:\/\/shopcongnghehaiphong.com\/index.php?rest_route=%2Fwp%2Fv2%2Fproduct_tag&post=1305"}],"curies":[{"name":"wp","href":"https:\/\/api.w.org\/{rel}","templated":true}]}}