{"id":839,"date":"2025-01-09T10:28:01","date_gmt":"2025-01-09T03:28:01","guid":{"rendered":"https:\/\/shopcongnghehaiphong.com\/?post_type=product&#038;p=839"},"modified":"2025-01-09T13:37:49","modified_gmt":"2025-01-09T06:37:49","slug":"laptop-gaming-msi-gf66-11uc-224vn","status":"publish","type":"product","link":"https:\/\/shopcongnghehaiphong.com\/?product=laptop-gaming-msi-gf66-11uc-224vn","title":{"rendered":"LAPTOP GAMING MSI GF66 11UC-224VN"},"content":{"rendered":"<h3>Laptop MSI Katana GF66 11UC i5\u00a0 mang v\u1ebb ngo\u00e0i c\u01a1 \u0111\u1ed9ng c\u00f9ng c\u1ea5u h\u00ecnh m\u1ea1nh m\u1ebd, \u0111\u1ea9y nhanh qu\u00e1 tr\u00ecnh x\u1eed l\u00fd m\u1ecdi t\u00e1c v\u1ee5 hay s\u1eb5n s\u00e0ng \u0111\u1ed3ng h\u00e0nh c\u00f9ng b\u1ea1n chi\u1ebfn m\u1ecdi th\u1ec3 lo\u1ea1i game \u0111\u1ea7y k\u1ecbch t\u00ednh.<\/h3>\n<h3><strong>Ph\u00e1t huy s\u1ee9c m\u1ea1nh hi\u1ec7u n\u0103ng v\u1edbi chip Intel Gen 11<\/strong><\/h3>\n<p>Hi\u1ec7u n\u0103ng \u0111\u01b0\u1ee3c n\u00e2ng c\u1ea5p t\u1ed1i \u0111a l\u00ean \u0111\u1ebfn\u00a0<strong>40%<\/strong>\u00a0so v\u1edbi c\u00e1c th\u1ebf h\u1ec7 ti\u1ec1n nhi\u1ec7m nh\u1edd b\u1ed9 vi x\u1eed l\u00fd\u00a0<strong>Intel Core i5<\/strong>\u00a0<strong>Tiger Lake 11400H<\/strong>\u00a0s\u1edf h\u1eefu\u00a0<strong>8 nh\u00e2n 16 lu\u1ed3ng\u00a0<\/strong>c\u00f9ng xung nh\u1ecbp t\u1ed1c \u0111\u1ed9 t\u1ed1i \u0111a \u0111\u1ebfn\u00a0<strong>4.6 GHz<\/strong>\u00a0ph\u00e1t huy hi\u1ec7u su\u1ea5t t\u1ed1i \u01b0u trong x\u1eed l\u00fd c\u00f4ng vi\u1ec7c hay tho\u1ea3i m\u00e1i ch\u01a1i m\u1ecdi tr\u1eadn game c\u1ef1c ch\u1ea5t sau nh\u1eefng gi\u1edd l\u00e0m vi\u1ec7c c\u0103ng th\u1eb3ng.<\/p>\n<p>Laptop RAM 8 GB\u00a0lo\u1ea1i\u00a0<strong>DDR4 2 khe<\/strong>\u00a0c\u00f3 t\u1ed1c \u0111\u1ed9 Bus RAM<strong>\u00a03200 MHz<\/strong>\u00a0gi\u00fap laptop \u0111a nhi\u1ec7m m\u01b0\u1ee3t m\u00e0 h\u01a1n trong m\u1ecdi t\u00e1c v\u1ee5, h\u1ed7 tr\u1ee3 m\u1edf nhi\u1ec1u \u1ee9ng d\u1ee5ng m\u00e0 kh\u00f4ng lo gi\u1eadt lag m\u00e1y. \u0110\u1eb7c bi\u1ec7t, MSI Katana \u0111\u01b0\u1ee3c h\u1ed7 tr\u1ee3 1 khe RAM tr\u1ed1ng \u0111\u1ec3 b\u1ea1n d\u1ec5 d\u00e0ng n\u00e2ng c\u1ea5p RAM \u0111\u1ebfn\u00a0<strong>64 GB\u00a0<\/strong>m\u00e0 kh\u00f4ng ph\u1ea3i thay th\u1ebf thanh RAM c\u0169<strong>\u00a0<\/strong>\u0111\u00e1p \u1ee9ng th\u00eam nhu c\u1ea7u c\u1ee7a b\u1ea1n.<\/p>\n<p><img loading=\"lazy\" decoding=\"async\" class=\"aligncenter\" src=\"https:\/\/haiphongcomputer.vn\/storage\/iZOUjyAtjSzf5RvRr3mW84mwgmAai22ffzzEsjO5.jpg\" width=\"884\" height=\"494\" \/><\/p>\n<p>Kh\u1ea3 n\u0103ng \u0111\u1ed3 h\u1ecda v\u01b0\u1ee3t b\u1eadt c\u00f9ng card r\u1eddi<strong>\u00a0NVIDIA GeForce RTX<\/strong>\u00a0<strong>3050\u00a0<\/strong>s\u1edf h\u1eefu b\u1ed9 nh\u1edb \u0111\u1ec7m\u00a0<strong>4 GB<\/strong>, \u0111\u00e1p \u1ee9ng h\u1ea7u h\u1ebft c\u00e1c nhu c\u1ea7u thi\u1ebft k\u1ebf 2D, 3D, ch\u1ec9nh s\u1eeda video,\u2026 hay th\u1ecfa m\u00e3n ng\u01b0\u1eddi d\u00f9ng v\u1edbi c\u00e1c t\u1ef1a game h\u1ea5p d\u1eabn nh\u01b0 Far Cry 5, Li\u00ean Minh Huy\u1ec1n Tho\u1ea1i, FIFA, GTA V, Apex Legends\u2026 \u1edf m\u1ee9c c\u00e0i \u0111\u1eb7t cao.<\/p>\n<p><img loading=\"lazy\" decoding=\"async\" class=\"aligncenter\" src=\"https:\/\/haiphongcomputer.vn\/storage\/5uFd5rP4VlSA5lXtTBWbhGICCBZD2CJ4QfSFKEDm.jpg\" width=\"884\" height=\"494\" \/><\/p>\n<p>Ti\u1ebft ki\u1ec7m t\u1ed1i \u0111a th\u1eddi gian m\u1edf v\u00e0 v\u1eadn h\u00e0nh m\u00e1y nh\u1edd \u1ed5 c\u1ee9ng\u00a0<strong>SSD 512 GB<\/strong>\u00a0<strong>NVMe PCle<\/strong>\u00a0gi\u00fap b\u1ea1n kh\u1edfi \u0111\u1ed9ng game m\u1ed9t c\u00e1ch nhanh ch\u00f3ng, \u0111\u1ed3ng th\u1eddi cung c\u1ea5p kh\u00f4ng gian \u0111\u1ee7 l\u1edbn \u0111\u1ec3 b\u1ea1n tho\u1ea3i m\u00e1i l\u01b0u tr\u1eef c\u00e1c t\u1ef1a game hay t\u1ec7p \u0111\u1ed3 h\u1ecda n\u1eb7ng.<\/p>\n<p><img loading=\"lazy\" decoding=\"async\" class=\"aligncenter\" src=\"https:\/\/haiphongcomputer.vn\/storage\/QrO4p9N1X6O16s2GS4fuJ9XqS56It8esBA36g8HD.jpg\" width=\"895\" height=\"500\" \/><\/p>\n<h3><strong>Ngo\u1ea1i h\u00ecnh c\u00e1 t\u00ednh \u0111\u1ea7y n\u1ed5i b\u1eadt<\/strong><\/h3>\n<p>Phi\u00ean b\u1ea3n\u00a0laptop MSI\u00a0n\u00e0y \u0111\u01b0\u1ee3c thi\u1ebft k\u1ebf\u00a0<strong>n\u1eafp l\u01b0ng nh\u1ef1a\u00a0<\/strong>b\u1ec1n b\u1ec9 v\u1edbi t\u00f4ng m\u00e0u ch\u1ee7 \u0111\u1ea1o \u0111en nh\u00e1m c\u00f9ng c\u00e1c c\u1ea1nh c\u00f3 \u0111\u01b0\u1eddng c\u1eaft n\u00e9t g\u1ecdt m\u1ea1nh m\u1ebd l\u00e0m t\u00f4n l\u00ean v\u1ebb c\u00e1 t\u00ednh cho ng\u01b0\u1eddi s\u1edf h\u1eefu.<\/p>\n<p>M\u00e1y s\u1edf h\u1eefu tr\u1ecdng l\u01b0\u1ee3ng<strong>\u00a02.1 kg\u00a0<\/strong>v\u00e0 d\u00e0y\u00a0<strong>24.9 mm<\/strong>\u00a0\u0111em \u0111\u1ebfn s\u1ef1 ti\u1ec7n l\u1ee3i trong qu\u00e1 tr\u00ecnh di chuy\u1ec3n, th\u1ec3 hi\u1ec7n t\u00ednh di \u0111\u1ed9ng \u0111\u1ed1i v\u1edbi m\u1ed9t chi\u1ebfc laptop gaming.<\/p>\n<p><img loading=\"lazy\" decoding=\"async\" class=\"aligncenter\" src=\"https:\/\/haiphongcomputer.vn\/storage\/kuCdj06OWpyr8nMC5DtehKRnrWzZUfORF6AkDICm.jpg\" width=\"884\" height=\"494\" \/><\/p>\n<p>B\u00e0n ph\u00edm\u00a0<strong>Fullsize<\/strong>\u00a0\u0111\u01b0\u1ee3c trang b\u1ecb\u00a0<strong>\u0111\u00e8n n\u1ec1n\u00a0s\u1eafc \u0111\u1ecf\u00a0<\/strong>n\u1ed5i b\u1eadt t\u00edch h\u1ee3p th\u00eam b\u00e0n ph\u00edm s\u1ed1 gi\u00fap b\u1ea1n d\u1ec5 d\u00e0ng nh\u1eadp d\u1eef li\u1ec7u ch\u00ednh x\u00e1c h\u01a1n \u1edf m\u1ecdi \u0111i\u1ec1u ki\u1ec7n \u00e1nh s\u00e1ng. \u0110\u1ed3ng th\u1eddi, b\u00e0n di chu\u1ed9t \u0111\u01b0\u1ee3c thi\u1ebft k\u1ebf l\u1ec7ch sang b\u00ean tr\u00e1i t\u1ea1o kho\u1ea3ng kh\u00f4ng gian ngh\u1ec9 tay r\u1ed9ng h\u01a1n, h\u1ea1n ch\u1ebf t\u1ed1i \u0111a t\u00ecnh tr\u1ea1ng nh\u1ea7m l\u1eabn.<\/p>\n<p><img loading=\"lazy\" decoding=\"async\" class=\"aligncenter\" src=\"https:\/\/haiphongcomputer.vn\/storage\/1s1XMrDkOCJvpscownzRKnDNu1tfJYN0KasojFGl.jpg\" width=\"884\" height=\"494\" \/><\/p>\n<p>D\u1ecdc th\u00e2n\u00a0<a title=\"M\u1ed9t s\u1ed1 laptop \u0111\u01b0\u1ee3c kinh doanh t\u1ea1i thegioididong.com\" href=\"https:\/\/www.thegioididong.com\/laptop\" target=\"_blank\" rel=\"noopener\">laptop<\/a>\u00a0MSI GF66 l\u00e0 h\u00e0ng lo\u1ea1t c\u00e1c c\u1ed5ng k\u1ebft n\u1ed1i ph\u1ed5 bi\u1ebfn nh\u01b0: 2 c\u1ed5ng USB 3.2, HDMI, LAN (RJ45), USB 2.0 v\u00e0 USB Type-C gi\u00fap b\u1ea1n li\u00ean k\u1ebft nhanh ch\u00f3ng v\u1edbi c\u00e1c thi\u1ebft b\u1ecb ngo\u1ea1i vi kh\u00e1c m\u00e0 kh\u00f4ng ph\u1ea3i chuy\u1ec3n \u0111\u1ed5i r\u01b0\u1eddm r\u00e0, m\u1ea5t th\u1eddi gian.<\/p>\n<p><img loading=\"lazy\" decoding=\"async\" class=\"aligncenter\" src=\"https:\/\/haiphongcomputer.vn\/storage\/oqbTACh2wCekd7HppJY56JkBuhNkMLboAADUhGL1.jpg\" width=\"888\" height=\"496\" \/><\/p>\n<p>Nh\u1eb1m \u0111\u1ea3m b\u1ea3o ch\u1ea5t l\u01b0\u1ee3ng \u0111\u01b0\u1eddng truy\u1ec1n \u1ed5n \u0111\u1ecbnh trong su\u1ed1t qu\u00e1 tr\u00ecnh ch\u01a1i game hay l\u00e0m vi\u1ec7c, MSI gaming c\u00f2n \u0111\u01b0\u1ee3c h\u1ed7 tr\u1ee3 k\u1ebft n\u1ed1i chu\u1ea9n kh\u00f4ng d\u00e2y<strong>\u00a0Wi-Fi 6 (802.11ax)<\/strong>\u00a0v\u00e0<strong>\u00a0Bluetooth 5.2<\/strong>\u00a0gi\u00fap ng\u01b0\u1eddi d\u00f9ng truy\u1ec1n xu\u1ea5t d\u1eef li\u1ec7u d\u1ec5 d\u00e0ng kh\u00f4ng lo gi\u00e1n \u0111o\u1ea1n.<\/p>\n<p>Hi\u1ec7u su\u1ea5t ho\u1ea1t \u0111\u1ed9ng c\u1ee7a chi\u1ebfc\u00a0laptop MSI gaming\u00a0n\u00e0y \u0111\u01b0\u1ee3c t\u1ed1i \u01b0u h\u01a1n nh\u1edd h\u1ec7 th\u1ed1ng t\u1ea3n nhi\u1ec7t v\u1edbi\u00a0<strong>c\u00f4ng ngh\u1ec7 Cooler Boost\u00a0<\/strong>c\u00f3\u00a0<strong>2 qu\u1ea1t<\/strong>\u00a0v\u00e0\u00a0<strong>4 \u1ed1ng\u00a0<\/strong>d\u1eabn nhi\u1ec7t cho m\u00e1y ho\u1ea1t \u0111\u1ed9ng \u1ed5n \u0111\u1ecbnh, kh\u00f4ng lo qu\u00e1 t\u1ea3i nhi\u1ec7t \u0111\u1ed9.<\/p>\n<p><img loading=\"lazy\" decoding=\"async\" class=\"aligncenter\" src=\"https:\/\/haiphongcomputer.vn\/storage\/csDW8pczELR4xoamSe6GdT9iCagZcE5M3nsneeUW.jpg\" width=\"897\" height=\"501\" \/><\/p>\n<h3><strong>H\u00ecnh \u1ea3nh s\u1eafc n\u00e9t c\u00f9ng \u00e2m thanh chuy\u00ean nghi\u1ec7p<\/strong><\/h3>\n<p>M\u00e0n h\u00ecnh\u00a0<strong>15.6 inch<\/strong>\u00a0c\u00f9ng \u0111\u1ed9 ph\u00e2n gi\u1ea3i\u00a0<strong>Full HD<\/strong>\u00a0<strong>(1920 x 1080)<\/strong>\u00a0c\u00f3 t\u1ea7n s\u1ed1 qu\u00e9t\u00a0<strong>144 Hz<\/strong>\u00a0cho khung \u1ea3nh hi\u1ec3n th\u1ecb r\u00f5 n\u00e9t, m\u00f4 ph\u1ecfng l\u1ea1i t\u1eebng chuy\u1ec3n \u0111\u1ed9ng m\u01b0\u1ee3t m\u00e0, h\u1ea1n ch\u1ebf t\u1ed1i \u0111a t\u00ecnh tr\u1ea1ng gi\u1eadt x\u00e9 h\u00ecnh cho b\u1ea1n nh\u1eefng tr\u1ea3i nghi\u1ec7m tr\u00f2 ch\u01a1i \u0111\u1ea7y th\u00fa v\u1ecb v\u00e0 h\u1ea5p d\u1eabn.<\/p>\n<p>T\u1ea5m n\u1ec1n IPS\u00a0cung c\u1ea5p g\u00f3c nh\u00ecn r\u1ed9ng l\u00ean \u0111\u1ebfn<strong>\u00a0178 \u0111\u1ed9<\/strong>\u00a0c\u00f9ng kh\u1ea3 n\u0103ng hi\u1ec3n th\u1ecb t\u1ed1t d\u01b0\u1edbi m\u1ecdi \u0111i\u1ec1u ki\u1ec7n \u00e1nh s\u00e1ng nh\u1edd\u00a0<strong>c\u00f4ng ngh\u1ec7 LED\u00a0<\/strong>\u0111em \u0111\u1ebfn nh\u1eefng gi\u1edd ph\u00fat gi\u1ea3i tr\u00ed th\u01b0 gi\u00e3n tr\u1ecdn v\u1eb9n h\u01a1n.<\/p>\n<p>&nbsp;<\/p>\n<p><img loading=\"lazy\" decoding=\"async\" class=\"aligncenter\" src=\"https:\/\/haiphongcomputer.vn\/storage\/nkFj0U4Q24z2qUSrA4mpnmldnRMCyNwDWgTtePef.jpg\" width=\"909\" height=\"508\" \/>N\u00e2ng t\u1ea7m ch\u1ea5t l\u01b0\u1ee3ng \u00e2m thanh c\u00f9ng c\u00f4ng ngh\u1ec7\u00a0Nahimic Audio\u00a0v\u1edbi \u00e2m thanh v\u00f2m \u0111\u00fang chu\u1ea9n cho ng\u01b0\u1eddi d\u00f9ng c\u1ea3m gi\u00e1c ch\u00e2n th\u1eadt nh\u01b0 \u0111ang trong ch\u00ednh tr\u00f2 ch\u01a1i.<\/p>\n<p><img loading=\"lazy\" decoding=\"async\" class=\"aligncenter\" src=\"https:\/\/haiphongcomputer.vn\/storage\/NzA742W5pxWjA6lfIfhjM3SLimMjvJyq21WZnEY6.jpg\" width=\"893\" height=\"499\" \/><\/p>\n<p>MSI Katana GF66 11UC i7 (224VN) l\u00e0 chi\u1ebfc\u00a0laptop gaming\u00a0\u0111\u00e1ng s\u1edf h\u1eefu v\u1edbi hi\u1ec7u n\u0103ng m\u1ea1nh m\u1ebd \u0111\u00e1p \u1ee9ng m\u1ecdi nhu c\u1ea7u c\u1ea3 v\u1ec1 game hay \u0111\u1ed3 h\u1ecda ph\u1ee9c t\u1ea1p c\u00f9ng thi\u1ebft k\u1ebf \u0111\u1ea7y n\u1ed5i b\u1eadt v\u00e0 c\u00e1 t\u00ednh ph\u00f9 h\u1ee3p cho h\u1ea7u h\u1ebft t\u1ea5t c\u1ea3 m\u1ecdi ng\u01b0\u1eddi.<\/p>\n<p class=\"p1\"><strong>Th\u00f4ng tin li\u00ean h\u1ec7<\/strong><\/p>\n<ul class=\"ul1\">\n<li class=\"li1\">\u0110\u1ecba ch\u1ec9: 84 Qu\u00e1n Nam \u2013 L\u00ea Ch\u00e2n \u2013 H\u1ea3i Ph\u00f2ng<\/li>\n<li class=\"li1\">S\u0110T Kinh Doanh: 0987191515<\/li>\n<li class=\"li1\">T\u01b0 v\u1ea5n mi\u1ec5n ph\u00ed inbox Facebook: H\u1ea3i Ph\u00f2ng Computer<\/li>\n<\/ul>\n","protected":false},"excerpt":{"rendered":"<div class=\"title-list-h\">Th\u00f4ng s\u1ed1 s\u1ea3n ph\u1ea9m<\/div>\n<ul>\n<li><strong>CPU<\/strong>\u00a0I5 11400H<\/li>\n<li><strong>RAM<\/strong>\u00a016 GB<\/li>\n<li><strong>\u1ed4 c\u1ee9ng<\/strong>\u00a0SSD 512 GB<\/li>\n<li><strong>VGA<\/strong>\u00a0Card r\u1eddi RTX 3050 4GB<\/li>\n<li><strong>M\u00e0n h\u00ecnh<\/strong>\u00a015.6 Inch Full HD<\/li>\n<\/ul>\n","protected":false},"featured_media":840,"comment_status":"open","ping_status":"closed","template":"","meta":{"_acf_changed":false},"product_brand":[],"product_cat":[63],"product_tag":[],"class_list":{"0":"post-839","1":"product","2":"type-product","3":"status-publish","4":"has-post-thumbnail","6":"product_cat-laptop-may-tinh","8":"first","9":"instock","10":"shipping-taxable","11":"purchasable","12":"product-type-simple"},"acf":[],"_links":{"self":[{"href":"https:\/\/shopcongnghehaiphong.com\/index.php?rest_route=\/wp\/v2\/product\/839","targetHints":{"allow":["GET"]}}],"collection":[{"href":"https:\/\/shopcongnghehaiphong.com\/index.php?rest_route=\/wp\/v2\/product"}],"about":[{"href":"https:\/\/shopcongnghehaiphong.com\/index.php?rest_route=\/wp\/v2\/types\/product"}],"replies":[{"embeddable":true,"href":"https:\/\/shopcongnghehaiphong.com\/index.php?rest_route=%2Fwp%2Fv2%2Fcomments&post=839"}],"wp:featuredmedia":[{"embeddable":true,"href":"https:\/\/shopcongnghehaiphong.com\/index.php?rest_route=\/wp\/v2\/media\/840"}],"wp:attachment":[{"href":"https:\/\/shopcongnghehaiphong.com\/index.php?rest_route=%2Fwp%2Fv2%2Fmedia&parent=839"}],"wp:term":[{"taxonomy":"product_brand","embeddable":true,"href":"https:\/\/shopcongnghehaiphong.com\/index.php?rest_route=%2Fwp%2Fv2%2Fproduct_brand&post=839"},{"taxonomy":"product_cat","embeddable":true,"href":"https:\/\/shopcongnghehaiphong.com\/index.php?rest_route=%2Fwp%2Fv2%2Fproduct_cat&post=839"},{"taxonomy":"product_tag","embeddable":true,"href":"https:\/\/shopcongnghehaiphong.com\/index.php?rest_route=%2Fwp%2Fv2%2Fproduct_tag&post=839"}],"curies":[{"name":"wp","href":"https:\/\/api.w.org\/{rel}","templated":true}]}}