{"id":849,"date":"2025-01-09T10:53:27","date_gmt":"2025-01-09T03:53:27","guid":{"rendered":"https:\/\/shopcongnghehaiphong.com\/?post_type=product&#038;p=849"},"modified":"2025-01-09T13:38:40","modified_gmt":"2025-01-09T06:38:40","slug":"laptop-dell-latitude-5490-i5-like-new-99","status":"publish","type":"product","link":"https:\/\/shopcongnghehaiphong.com\/?product=laptop-dell-latitude-5490-i5-like-new-99","title":{"rendered":"Laptop Dell Latitude 5490 i5 [ LIKE NEW 99 %]"},"content":{"rendered":"<p><strong>S\u1ea2N PH\u1ea8M CAO C\u1ea4P<\/strong><\/p>\n<p>Latitude l\u00e0 d\u00f2ng laptop cao c\u1ea5p\u00a0h\u00e0ng \u0111\u1ea7u c\u1ee7a Dell, sang tr\u1ecdng ti\u1ec7m c\u1eadn v\u1edbi d\u00f2ng XPS, tuy nhi\u00ean Latitude h\u01b0\u1edbng nhi\u1ec1u h\u01a1n v\u1ec1 s\u1ef1 v\u1eadn h\u00e0nh. Do \u0111\u00f3 \u0111\u00e2y l\u00e0 chi\u1ebfc laptop \u0111\u1ea1t chu\u1ea9n b\u1ea3o v\u1ec7 ph\u1ea7n c\u1ee9ng v\u00e0 b\u1ea3o m\u1eadt d\u1eef li\u1ec7u \u0111\u1ea1t chu\u1ea9n s\u1eed d\u1ee5ng trong qu\u00e2n \u0111\u1ed9i M\u1ef9.<\/p>\n<p>Dell Latitude 5490 \u0111\u01b0\u1ee3c t\u00ednh to\u00e1n\u00a0c\u1ef1c k\u1ef3 t\u1ec9\u00a0m\u1ec9 t\u1eebng chi ti\u1ebft, ch\u1ea5t li\u1ec7u cao c\u1ea5p nh\u1ea5t, v\u1eadn h\u00e0nh m\u1ea1nh m\u1ebd, \u1ed5n \u0111\u1ecbnh, b\u1ec1n b\u1ec9, sang tr\u1ecdng, t\u00edch h\u1ee3p c\u00e1c c\u00f4ng ngh\u1ec7 ti\u00ean ti\u1ebfn nh\u1ea5t\u2026 M\u1ed9t chi\u1ebfc Dell Latitude Like New v\u1eabn v\u01b0\u1ee3t tr\u1ed9i\u00a0ho\u00e0n to\u00e0n m\u1ecdi chi\u1ebfc laptop New 100% d\u00f2ng th\u1ea5p h\u01a1n (Vostro, Inspiron) v\u1ec1 m\u1ecdi m\u1eb7t.<\/p>\n<p><img loading=\"lazy\" decoding=\"async\" class=\"aligncenter\" src=\"https:\/\/haiphongcomputer.vn\/storage\/vHJUbQz29vIcYAyQSpwr4taNE5vYgQSGDhulb0Ef.jpg\" width=\"785\" height=\"442\" \/><\/p>\n<p><strong>TRANG B\u1eca \u0110\u1ec8NH CAO<\/strong><\/p>\n<p>L\u00e0 s\u1ea3n ph\u1ea9m ph\u1ee5c v\u1ee5 doanh nh\u00e2n v\u00e0 nh\u1eefng ng\u01b0\u1eddi c\u1ea7n m\u00e1y t\u00ednh m\u1ea1nh m\u1ebd, di \u0111\u1ed9ng, sang tr\u1ecdng, v\u1eadn h\u00e0nh th\u00f4ng su\u1ed1t nh\u1ea5t. Latitude \u0111\u01b0\u1ee3c Dell trang b\u1ecb kh\u1ea3 n\u0103ng v\u1eadn h\u1ea1nh r\u1ea5t m\u1ea1nh m\u1ebd v\u00e0 b\u1ec1n b\u1ec9.<\/p>\n<p>M\u00e1y c\u00f3 kh\u1ea3 n\u0103ng ch\u1ed1ng ch\u1ecdi v\u1edbi nh\u1eefng \u0111i\u1ec1u ki\u1ec7n m\u00f4i tr\u01b0\u1eddng kh\u1eafc nghi\u1ec7t nh\u01b0 va \u0111\u1eadp, qu\u00e1 l\u1ea1nh, qu\u00e1 n\u00f3ng.<\/p>\n<p>Kh\u1ed1i l\u01b0\u1ee3ng ch\u1ec9 h\u01a1n 1,6kg v\u00e0 th\u00e2n m\u00e1y r\u1ea5t m\u1ecfng, r\u1ea5t thu\u1eadn ti\u1ec7n cho vi\u1ec7c di chuy\u1ec3n.<\/p>\n<p>K\u1ebft n\u1ed1i \u0111a d\u1ea1ng, v\u1edbi HDMI, VGA, USB Type-C, c\u1ed5ng LAN, c\u1eafm th\u1ebb nh\u1edb. Pin v\u1edbi ch\u1ee9c n\u0103ng s\u1ea1c nhanh, th\u1eddi l\u01b0\u1ee3ng \u0111\u1ee7 \u0111\u00e1p \u1ee9ng cho m\u1ed9t bu\u1ed5i l\u00e0m vi\u1ec7c. B\u00e0n ph\u00edm \u00eam \u00e1i, webcam cho \u0111\u1ed9 n\u00e9t cao v\u00e0 micro thu \u00e2m tuy\u1ec7t v\u1eddi, h\u1ec7 th\u1ed1ng \u00e2m thanh cao c\u1ea5p, r\u1ea5t tuy\u1ec7t v\u1eddi cho h\u1ecdp, l\u00e0m vi\u1ec7c v\u00e0 h\u1ecdc t\u1eadp\u00a0online.<\/p>\n<h2><\/h2>\n<p>1. Audio Combo Jack | 2. USB 3.1 Gen 1 with Powershare| 3. VGA | 4. Noble Wedge Lock Slot | 5. RJ 45 | 6. uSIM (optional)<\/p>\n<p>7. HDMI | 8. USB 3.1 Gen 1 | 9. AC Power | 10. DisplayPort\u2122 Over Type C | 11. USB 3.1 Gen 1 | 12. SD slot | 13. Smart Card reader (optional)<\/p>\n<p>&nbsp;<\/p>\n<p>1.Height (front): 0.8\u2033 (20.3 mm) | 2.Width: 13.1\u2033 (333.4 mm) | 3.Depth: 9.0\u2033(228.9 mm) | Weight: 3.52lb (1.60kg)<\/p>\n<p><img loading=\"lazy\" decoding=\"async\" class=\"aligncenter\" src=\"https:\/\/haiphongcomputer.vn\/storage\/1hc0QvlaUE4Jhe5paBbcVyMrhfbGXbmgIUPmZw6a.png\" width=\"791\" height=\"394\" \/><\/p>\n<p><strong>B\u1ea2O M\u1eacT H\u00c0NG \u0110\u1ea6U<\/strong><\/p>\n<p>V\u1edbi \u0111\u1eb7c \u0111i\u1ec3m ph\u1ee5c v\u1ee5 nh\u1eefng ng\u01b0\u1eddi quan tr\u1ecdng (VIP), Latitude 5490 \u0111\u01b0\u1ee3c Dell trang b\u1ecb nh\u1eefng t\u00ednh n\u0103ng ph\u1ea7n c\u1ee9ng v\u00e0 ph\u1ea7n m\u1ec1m b\u1ea3o m\u1eadt \u0111a d\u1ea1ng, cao c\u1ea5p, gi\u00fap b\u1ea3o v\u1ec7 an to\u00e0n v\u00e0 b\u1ea3o \u0111\u1ea3m an ninh th\u00f4ng tin tuy\u1ec7t \u0111\u1ed1i.<\/p>\n<p>&nbsp;<\/p>\n<p><img loading=\"lazy\" decoding=\"async\" class=\"aligncenter\" src=\"https:\/\/haiphongcomputer.vn\/storage\/qnTCZeHmgruFc3KMbwoltEesqkM6CyQNe85wNuKz.jpg\" width=\"728\" height=\"517\" \/><\/p>\n<p class=\"p1\"><strong>Th\u00f4ng tin li\u00ean h\u1ec7<\/strong><\/p>\n<ul class=\"ul1\">\n<li class=\"li1\">\u0110\u1ecba ch\u1ec9: 84 Qu\u00e1n Nam \u2013 L\u00ea Ch\u00e2n \u2013 H\u1ea3i Ph\u00f2ng<\/li>\n<li class=\"li1\">S\u0110T Kinh Doanh: 0987191515<\/li>\n<li class=\"li1\">T\u01b0 v\u1ea5n mi\u1ec5n ph\u00ed inbox Facebook: H\u1ea3i Ph\u00f2ng Computer<\/li>\n<\/ul>\n","protected":false},"excerpt":{"rendered":"<div class=\"title-list-h\">Th\u00f4ng s\u1ed1 s\u1ea3n ph\u1ea9m<\/div>\n<ul>\n<li><strong>CPU<\/strong>\u00a0I5-8350U<\/li>\n<li><strong>RAM<\/strong>\u00a08 GB<\/li>\n<li><strong>\u1ed4 c\u1ee9ng<\/strong>\u00a0SSD 256 GB<\/li>\n<li><strong>VGA<\/strong>\u00a0Intel HD Graphics 620<\/li>\n<li><strong>M\u00e0n h\u00ecnh<\/strong>\u00a014&#8243; Full HD<\/li>\n<\/ul>\n","protected":false},"featured_media":853,"comment_status":"open","ping_status":"closed","template":"","meta":{"_acf_changed":false},"product_brand":[],"product_cat":[63],"product_tag":[],"class_list":{"0":"post-849","1":"product","2":"type-product","3":"status-publish","4":"has-post-thumbnail","6":"product_cat-laptop-may-tinh","8":"first","9":"instock","10":"shipping-taxable","11":"purchasable","12":"product-type-simple"},"acf":[],"_links":{"self":[{"href":"https:\/\/shopcongnghehaiphong.com\/index.php?rest_route=\/wp\/v2\/product\/849","targetHints":{"allow":["GET"]}}],"collection":[{"href":"https:\/\/shopcongnghehaiphong.com\/index.php?rest_route=\/wp\/v2\/product"}],"about":[{"href":"https:\/\/shopcongnghehaiphong.com\/index.php?rest_route=\/wp\/v2\/types\/product"}],"replies":[{"embeddable":true,"href":"https:\/\/shopcongnghehaiphong.com\/index.php?rest_route=%2Fwp%2Fv2%2Fcomments&post=849"}],"wp:featuredmedia":[{"embeddable":true,"href":"https:\/\/shopcongnghehaiphong.com\/index.php?rest_route=\/wp\/v2\/media\/853"}],"wp:attachment":[{"href":"https:\/\/shopcongnghehaiphong.com\/index.php?rest_route=%2Fwp%2Fv2%2Fmedia&parent=849"}],"wp:term":[{"taxonomy":"product_brand","embeddable":true,"href":"https:\/\/shopcongnghehaiphong.com\/index.php?rest_route=%2Fwp%2Fv2%2Fproduct_brand&post=849"},{"taxonomy":"product_cat","embeddable":true,"href":"https:\/\/shopcongnghehaiphong.com\/index.php?rest_route=%2Fwp%2Fv2%2Fproduct_cat&post=849"},{"taxonomy":"product_tag","embeddable":true,"href":"https:\/\/shopcongnghehaiphong.com\/index.php?rest_route=%2Fwp%2Fv2%2Fproduct_tag&post=849"}],"curies":[{"name":"wp","href":"https:\/\/api.w.org\/{rel}","templated":true}]}}