{"id":909,"date":"2025-01-09T13:53:20","date_gmt":"2025-01-09T06:53:20","guid":{"rendered":"https:\/\/shopcongnghehaiphong.com\/?post_type=product&#038;p=909"},"modified":"2025-01-09T13:56:55","modified_gmt":"2025-01-09T06:56:55","slug":"ghe-van-phong-cao-cap-tms04","status":"publish","type":"product","link":"https:\/\/shopcongnghehaiphong.com\/?product=ghe-van-phong-cao-cap-tms04","title":{"rendered":"GH\u1ebe V\u0102N PH\u00d2NG CAO C\u1ea4P TMS04"},"content":{"rendered":"<div class=\"col-md-12 col-lg-12 col-xl-8 content-single-product\">\n<div class=\"content-product\">\n<div class=\"content-in\">\n<p><strong>Gh\u1ebf V\u0103n Ph\u00f2ng Cao C\u1ea5p TMS04<\/strong>\u00a0v\u1edbi ki\u1ec3u d\u00e1ng hi\u1ec7n \u0111\u1ea1i, sang tr\u1ecdng,\u00a0 tr\u1ebb trung, \u0111ang l\u00e0 s\u1ef1 l\u1ef1a ch\u1ecdn h\u00e0ng \u0111\u1ea7u hi\u1ec7n nay b\u1edfi c\u00e1c t\u00ednh n\u0103ng m\u00e0 n\u00f3 \u0111em l\u1ea1i cho ng\u01b0\u1eddi s\u1eed d\u1ee5ng.<\/p>\n<p><img loading=\"lazy\" decoding=\"async\" class=\"aligncenter size-full wp-image-15477 lazy-load-active\" src=\"https:\/\/noithatthienminh.vn\/wp-content\/uploads\/2022\/02\/tms04.jpg\" sizes=\"auto, (max-width: 800px) 100vw, 800px\" srcset=\"https:\/\/noithatthienminh.vn\/wp-content\/uploads\/2022\/02\/tms04.jpg 800w, https:\/\/noithatthienminh.vn\/wp-content\/uploads\/2022\/02\/tms04-768x768.jpg 768w, https:\/\/noithatthienminh.vn\/wp-content\/uploads\/2022\/02\/tms04-450x450.jpg 450w, https:\/\/noithatthienminh.vn\/wp-content\/uploads\/2022\/02\/tms04-100x100.jpg 100w\" alt=\"\" width=\"800\" height=\"800\" data-src=\"https:\/\/noithatthienminh.vn\/wp-content\/uploads\/2022\/02\/tms04.jpg\" data-srcset=\"https:\/\/noithatthienminh.vn\/wp-content\/uploads\/2022\/02\/tms04.jpg 800w, https:\/\/noithatthienminh.vn\/wp-content\/uploads\/2022\/02\/tms04-768x768.jpg 768w, https:\/\/noithatthienminh.vn\/wp-content\/uploads\/2022\/02\/tms04-450x450.jpg 450w, https:\/\/noithatthienminh.vn\/wp-content\/uploads\/2022\/02\/tms04-100x100.jpg 100w\" \/><\/p>\n<p><img decoding=\"async\" class=\"aligncenter lazy-load-active\" src=\"https:\/\/noithatthienminh.vn\/wp-content\/uploads\/2018\/11\/ghe-van-phong-Critizer-682-11.jpeg\" data-src=\"https:\/\/noithatthienminh.vn\/wp-content\/uploads\/2018\/11\/ghe-van-phong-Critizer-682-11.jpeg\" \/><\/p>\n<p><img loading=\"lazy\" decoding=\"async\" class=\"aligncenter size-full wp-image-14810 lazy-load-active\" src=\"https:\/\/noithatthienminh.vn\/wp-content\/uploads\/2022\/02\/pit.jpg\" sizes=\"auto, (max-width: 786px) 100vw, 786px\" srcset=\"https:\/\/noithatthienminh.vn\/wp-content\/uploads\/2022\/02\/pit.jpg 786w, https:\/\/noithatthienminh.vn\/wp-content\/uploads\/2022\/02\/pit-768x554.jpg 768w\" alt=\"\" width=\"786\" height=\"567\" data-src=\"https:\/\/noithatthienminh.vn\/wp-content\/uploads\/2022\/02\/pit.jpg\" data-srcset=\"https:\/\/noithatthienminh.vn\/wp-content\/uploads\/2022\/02\/pit.jpg 786w, https:\/\/noithatthienminh.vn\/wp-content\/uploads\/2022\/02\/pit-768x554.jpg 768w\" \/><\/p>\n<p><img loading=\"lazy\" decoding=\"async\" class=\"aligncenter size-medium wp-image-14773 lazy-load-active\" src=\"https:\/\/noithatthienminh.vn\/wp-content\/uploads\/2022\/02\/17.jpg\" sizes=\"auto, (max-width: 790px) 100vw, 790px\" srcset=\"https:\/\/noithatthienminh.vn\/wp-content\/uploads\/2022\/02\/17.jpg 790w, https:\/\/noithatthienminh.vn\/wp-content\/uploads\/2022\/02\/17-768x686.jpg 768w\" alt=\"\" width=\"790\" height=\"706\" data-src=\"https:\/\/noithatthienminh.vn\/wp-content\/uploads\/2022\/02\/17.jpg\" data-srcset=\"https:\/\/noithatthienminh.vn\/wp-content\/uploads\/2022\/02\/17.jpg 790w, https:\/\/noithatthienminh.vn\/wp-content\/uploads\/2022\/02\/17-768x686.jpg 768w\" \/><\/p>\n<p><strong>\u00a0K\u00edch th\u01b0\u1edbc th\u00f4ng d\u1ee5ng<\/strong><\/p>\n<p><img loading=\"lazy\" decoding=\"async\" class=\"aligncenter size-medium wp-image-14765 lazy-load-active\" src=\"https:\/\/noithatthienminh.vn\/wp-content\/uploads\/2022\/02\/4.jpg\" sizes=\"auto, (max-width: 790px) 100vw, 790px\" srcset=\"https:\/\/noithatthienminh.vn\/wp-content\/uploads\/2022\/02\/4.jpg 790w, https:\/\/noithatthienminh.vn\/wp-content\/uploads\/2022\/02\/4-768x663.jpg 768w\" alt=\"\" width=\"790\" height=\"682\" data-src=\"https:\/\/noithatthienminh.vn\/wp-content\/uploads\/2022\/02\/4.jpg\" data-srcset=\"https:\/\/noithatthienminh.vn\/wp-content\/uploads\/2022\/02\/4.jpg 790w, https:\/\/noithatthienminh.vn\/wp-content\/uploads\/2022\/02\/4-768x663.jpg 768w\" \/><\/p>\n<p><img loading=\"lazy\" decoding=\"async\" class=\"aligncenter wp-image-17553 lazy-load-active\" src=\"https:\/\/noithatthienminh.vn\/wp-content\/uploads\/2022\/02\/z4286118244011_26e576b3ec62b99b51d30bb5d8d04c57.jpg\" sizes=\"auto, (max-width: 679px) 100vw, 679px\" srcset=\"https:\/\/noithatthienminh.vn\/wp-content\/uploads\/2022\/02\/z4286118244011_26e576b3ec62b99b51d30bb5d8d04c57.jpg 1200w, https:\/\/noithatthienminh.vn\/wp-content\/uploads\/2022\/02\/z4286118244011_26e576b3ec62b99b51d30bb5d8d04c57-768x1025.jpg 768w, https:\/\/noithatthienminh.vn\/wp-content\/uploads\/2022\/02\/z4286118244011_26e576b3ec62b99b51d30bb5d8d04c57-800x1068.jpg 800w\" alt=\"\" width=\"679\" height=\"906\" data-src=\"https:\/\/noithatthienminh.vn\/wp-content\/uploads\/2022\/02\/z4286118244011_26e576b3ec62b99b51d30bb5d8d04c57.jpg\" data-srcset=\"https:\/\/noithatthienminh.vn\/wp-content\/uploads\/2022\/02\/z4286118244011_26e576b3ec62b99b51d30bb5d8d04c57.jpg 1200w, https:\/\/noithatthienminh.vn\/wp-content\/uploads\/2022\/02\/z4286118244011_26e576b3ec62b99b51d30bb5d8d04c57-768x1025.jpg 768w, https:\/\/noithatthienminh.vn\/wp-content\/uploads\/2022\/02\/z4286118244011_26e576b3ec62b99b51d30bb5d8d04c57-800x1068.jpg 800w\" \/><\/p>\n<div>+ Gh\u1ebf V\u0103n Ph\u00f2ng Cao C\u1ea5p TMS04 c\u00f3 c\u1ea5u t\u1ea1o thu\u1ed9c d\u1ea1ng l\u01b0ng r\u1eddi, li\u00ean k\u1ebft v\u1edbi \u0111\u1ec7m ng\u1ed3i b\u1eb1ng pat nh\u1ef1a PP c\u1ee9ng c\u00e1p. Khung gh\u1ebf nh\u1ef1a d\u00e0y vi\u1ec1n xung quanh t\u1ef1a gia t\u0103ng th\u00eam s\u1ef1 ch\u1eafc ch\u1eafn mang \u0111\u1ebfn c\u1ea3m gi\u00e1c an to\u00e0n cho ng\u01b0\u1eddi ng\u1ed3i.<\/div>\n<div><\/div>\n<div>+ L\u01b0ng gh\u1ebf cao thi\u1ebft k\u1ebf v\u1edbi ki\u1ec3u d\u00e1ng h\u00ecnh ch\u1eef S t\u1ea1o th\u00e0nh \u0111\u01b0\u1eddng cong ngay ph\u1ea7n eo, gi\u00fap n\u00e2ng \u0111\u1ee1 b\u1ed9 ph\u1eadn c\u1ed9t s\u1ed1ng v\u00e0 gi\u1ea3m b\u1edbt s\u1ef1 ch\u00e8n \u00e9p c\u1ee7a c\u01a1 th\u1ec3 l\u00ean v\u00f9ng th\u1eaft l\u01b0ng, cho t\u01b0 th\u1ebf ng\u1ed3i tho\u1ea3i m\u00e1i nh\u1ea5t.<\/div>\n<div>\n<div><\/div>\n<div>+ \u0110\u1ec7m ng\u1ed3i to, b\u1eb1ng ph\u1eb3ng \u0111\u01b0\u1ee3c k\u1ebft c\u1ea5u chu\u1ea9n kh\u1edbp v\u1edbi khung x\u01b0\u01a1ng ch\u1eadu v\u00e0 m\u00e9p gh\u1ebf cong v\u00e1t h\u00ecnh th\u00e1c n\u01b0\u1edbc gi\u00fap ph\u00e2n b\u1ed1 tr\u1ecdng l\u01b0\u1ee3ng \u0111i\u1ec1u kh\u1eafp c\u01a1 th\u1ec3, ch\u1ed1ng t\u00ea nh\u1ee9c kh\u1edbp g\u1ed1i khi ng\u1ed3i qu\u00e1 l\u00e2u.<\/div>\n<div><\/div>\n<div>+ Tay gh\u1ebf li\u1ec1n l\u01b0ng \u0111\u01b0\u1ee3c ch\u1ebf t\u1ea1o t\u1eeb nh\u1ef1a PP d\u1ebbo dai, c\u00f3 th\u1ec3 \u0111i\u1ec1u ch\u1ec9nh\u00a0 l\u00ean xu\u1ed1ng, t\u00f9y v\u00e0o m\u1ee5c \u0111\u00edch s\u1eed d\u1ee5ng.<\/div>\n<div><\/div>\n<div>+ T\u1ef1a l\u01b0ng gh\u1ebf b\u1ecdc v\u1ea3i l\u01b0\u1edbi cao c\u1ea5p thanh m\u1ea3nh, m\u1ec1m m\u1ea1i, \u0111\u1ed9 \u0111\u00e0n h\u1ed3i cao v\u00e0 ch\u1ed1ng t\u00edch nhi\u1ec7t hi\u1ec7u qu\u1ea3. \u0110\u1ec7m ng\u1ed3i s\u1eed d\u1ee5ng v\u00e1n \u00e9p d\u00e0y v\u00e0 m\u00fat \u0111\u00fac x\u1ed1p, m\u1eb7t ngo\u00e0i b\u1ecdc l\u1edbp v\u1ea3i l\u01b0\u1edbi r\u1ea5t \u00eam, kh\u00f4ng \u0111\u1ed9c h\u1ea1i, b\u1ec1n m\u00e0u v\u00e0 kh\u00f4ng x\u1eb9p l\u00fan theo th\u1eddi gian s\u1eed d\u1ee5ng.<\/div>\n<div><\/div>\n<div>\n<div>+ C\u00f3 thi\u1ebft k\u1ebf t\u1ef1a \u0111\u1ea7u gi\u00fap n\u00e2ng \u0111\u1ee1 ph\u1ea7n \u0111\u1ed1t s\u1ed1ng c\u1ed5 an to\u00e0n, ch\u1ed1ng m\u1ecfi c\u1ed5 v\u00e0 \u0111\u1ecbnh d\u1ea1ng v\u1ecb tr\u00ed c\u1ed1 \u0111\u1ecbnh ph\u1ea7n \u0111\u1ea7u khi n\u1eb1m th\u01b0 gi\u00e3n r\u1ea5t t\u1ed1t.<\/div>\n<div><\/div>\n<div>+ Ch\u00e2n xoay 5 c\u1ea1nh h\u00ecnh sao ch\u1ea5t li\u1ec7u nh\u1ef1a PP nguy\u00ean kh\u1ed1i b\u1ec1n b\u1ec9, kh\u1ea3 n\u0103ng ch\u1ecbu t\u1ea3i tr\u1ecdng cao t\u1ed1t. B\u00e1nh xe PU x\u00e1m b\u1ec1n b\u1ec9 v\u1edbi \u0111\u1eb7c t\u00ednh chuy\u1ec3n h\u01b0\u1edbng linh ho\u1ea1t, b\u00e1m s\u00e0n chu\u1ea9n x\u00e1c, gi\u1eef th\u0103ng b\u1eb1ng \u1ed5n \u0111\u1ecbnh khi xoay quay t\u00e2m 360 \u0111\u1ed9.<\/div>\n<div><\/div>\n<div>+ Gh\u1ebf s\u1eed d\u1ee5ng lo\u1ea1i m\u00e2m l\u1edbn 1 c\u1ea7n v\u1edbi ch\u1ee9c n\u0103ng ch\u1ed1t kh\u00f3a c\u1ed1 \u0111\u1ecbnh 1 v\u1ecb tr\u00ed ng\u1ed3i, t\u0103ng ch\u1ec9nh \u0111\u1ed9 cao-th\u1ea5p t\u00f9y v\u00e0o t\u1eebng v\u00f3c d\u00e1ng. \u0110\u1eb7c bi\u1ec7t, ng\u01b0\u1eddi d\u00f9ng c\u00f3 th\u1ec3 r\u00fat c\u1ea7n v\u00e0 v\u1eb7n n\u00fam l\u00f2 xo ra ng\u1ea3 nguy\u00ean kh\u1ed1i gh\u1ebf n\u1eb1m th\u01b0 gi\u00e3n c\u1ef1c tho\u1ea3i m\u00e1i.<\/div>\n<\/div>\n<\/div>\n<p><img loading=\"lazy\" decoding=\"async\" class=\"aligncenter size-medium wp-image-14769 lazy-load-active\" src=\"https:\/\/noithatthienminh.vn\/wp-content\/uploads\/2022\/02\/10.jpg\" alt=\"\" width=\"750\" height=\"1000\" data-src=\"https:\/\/noithatthienminh.vn\/wp-content\/uploads\/2022\/02\/10.jpg\" \/><img loading=\"lazy\" decoding=\"async\" class=\"aligncenter size-medium wp-image-14770 lazy-load-active\" src=\"https:\/\/noithatthienminh.vn\/wp-content\/uploads\/2022\/02\/12.jpg\" sizes=\"auto, (max-width: 790px) 100vw, 790px\" srcset=\"https:\/\/noithatthienminh.vn\/wp-content\/uploads\/2022\/02\/12.jpg 790w, https:\/\/noithatthienminh.vn\/wp-content\/uploads\/2022\/02\/12-768x1180.jpg 768w\" alt=\"\" width=\"790\" height=\"1214\" data-src=\"https:\/\/noithatthienminh.vn\/wp-content\/uploads\/2022\/02\/12.jpg\" data-srcset=\"https:\/\/noithatthienminh.vn\/wp-content\/uploads\/2022\/02\/12.jpg 790w, https:\/\/noithatthienminh.vn\/wp-content\/uploads\/2022\/02\/12-768x1180.jpg 768w\" \/><img loading=\"lazy\" decoding=\"async\" class=\"aligncenter size-medium wp-image-14772 lazy-load-active\" src=\"https:\/\/noithatthienminh.vn\/wp-content\/uploads\/2022\/02\/14.jpg\" sizes=\"auto, (max-width: 782px) 100vw, 782px\" srcset=\"https:\/\/noithatthienminh.vn\/wp-content\/uploads\/2022\/02\/14.jpg 782w, https:\/\/noithatthienminh.vn\/wp-content\/uploads\/2022\/02\/14-768x1052.jpg 768w\" alt=\"\" width=\"782\" height=\"1071\" data-src=\"https:\/\/noithatthienminh.vn\/wp-content\/uploads\/2022\/02\/14.jpg\" data-srcset=\"https:\/\/noithatthienminh.vn\/wp-content\/uploads\/2022\/02\/14.jpg 782w, https:\/\/noithatthienminh.vn\/wp-content\/uploads\/2022\/02\/14-768x1052.jpg 768w\" \/><\/p>\n<\/div>\n<\/div>\n<\/div>\n<div class=\"d-none d-sm-block col-md-12 col-lg-12 col-xl-4 content-single-product\">\n<div class=\"content-product\"><\/div>\n<\/div>\n","protected":false},"excerpt":{"rendered":"<div class=\"title-list-h\">Th\u00f4ng s\u1ed1 s\u1ea3n ph\u1ea9m<\/div>\n<ul>\n<li>Chi\u1ec1u cao m\u1eb7t ng\u1ed3i : 38-48cm<\/li>\n<li>R\u1ed9ng \u0111\u1ec7m : 47cm<\/li>\n<li>R\u1ed9ng l\u01b0ng gh\u1ebf : 44cm<br \/>\nKho\u1ea3ng c\u00e1ch gi\u1eefa 2 tay gh\u1ebf : 58cm<\/li>\n<\/ul>\n","protected":false},"featured_media":912,"comment_status":"open","ping_status":"closed","template":"","meta":{"_acf_changed":false},"product_brand":[],"product_cat":[39],"product_tag":[],"class_list":{"0":"post-909","1":"product","2":"type-product","3":"status-publish","4":"has-post-thumbnail","6":"product_cat-ban-ghe-gaming","8":"first","9":"instock","10":"shipping-taxable","11":"purchasable","12":"product-type-simple"},"acf":[],"_links":{"self":[{"href":"https:\/\/shopcongnghehaiphong.com\/index.php?rest_route=\/wp\/v2\/product\/909","targetHints":{"allow":["GET"]}}],"collection":[{"href":"https:\/\/shopcongnghehaiphong.com\/index.php?rest_route=\/wp\/v2\/product"}],"about":[{"href":"https:\/\/shopcongnghehaiphong.com\/index.php?rest_route=\/wp\/v2\/types\/product"}],"replies":[{"embeddable":true,"href":"https:\/\/shopcongnghehaiphong.com\/index.php?rest_route=%2Fwp%2Fv2%2Fcomments&post=909"}],"wp:featuredmedia":[{"embeddable":true,"href":"https:\/\/shopcongnghehaiphong.com\/index.php?rest_route=\/wp\/v2\/media\/912"}],"wp:attachment":[{"href":"https:\/\/shopcongnghehaiphong.com\/index.php?rest_route=%2Fwp%2Fv2%2Fmedia&parent=909"}],"wp:term":[{"taxonomy":"product_brand","embeddable":true,"href":"https:\/\/shopcongnghehaiphong.com\/index.php?rest_route=%2Fwp%2Fv2%2Fproduct_brand&post=909"},{"taxonomy":"product_cat","embeddable":true,"href":"https:\/\/shopcongnghehaiphong.com\/index.php?rest_route=%2Fwp%2Fv2%2Fproduct_cat&post=909"},{"taxonomy":"product_tag","embeddable":true,"href":"https:\/\/shopcongnghehaiphong.com\/index.php?rest_route=%2Fwp%2Fv2%2Fproduct_tag&post=909"}],"curies":[{"name":"wp","href":"https:\/\/api.w.org\/{rel}","templated":true}]}}