{"id":921,"date":"2025-01-09T14:06:56","date_gmt":"2025-01-09T07:06:56","guid":{"rendered":"https:\/\/shopcongnghehaiphong.com\/?post_type=product&#038;p=921"},"modified":"2025-01-09T14:07:27","modified_gmt":"2025-01-09T07:07:27","slug":"ghe-gaming-extreme-zero-s-black-white","status":"publish","type":"product","link":"https:\/\/shopcongnghehaiphong.com\/?product=ghe-gaming-extreme-zero-s-black-white","title":{"rendered":"GH\u1ebe GAMING EXTREME ZERO S+ BLACK-WHITE"},"content":{"rendered":"<div class=\"col-md-12 col-lg-12 col-xl-8 content-single-product\">\n<div class=\"content-product\">\n<div class=\"content-in\">\n<h2 class=\"text-label\">Gh\u1ebf game Extreme zero S+<\/h2>\n<h3 class=\"text-label\">\u0110\u1eb7c \u0111i\u1ec3m n\u1ed5i b\u1eadt c\u1ee7a Gh\u1ebf game Extreme zero S +<\/h3>\n<div class=\"content-descr expand\">\n<p><strong>Gh\u1ebf Game Extreme Zero S+\u00a0<\/strong><\/p>\n<p>Ch\u1ea5t li\u1ec7u: Da PU cao c\u1ea5p v\u1edbi \u0111\u1ed9 \u0111\u00e0n h\u1ed3i c\u1ef1c t\u1ed1t, b\u00e1nh xe \u0111\u01b0\u1ee3c l\u00e0m t\u1eeb nh\u1ef1a PU gi\u00fap di chuy\u1ec3n \u00eam \u00e1i, b\u00e1m s\u00e0n t\u1ed1t, di chuy\u1ec3n \u00eam \u00e1i.<\/p>\n<p>Ph\u1ea7n khung: \u0110\u01b0\u1ee3c l\u00e0m b\u1eb1ng th\u00e9p gia c\u1ed1 c\u1ef1c k\u00ec ch\u1eafc ch\u1eafn, ch\u00e2n \u0111\u1ebf l\u00f5i th\u00e9p v\u00e0 b\u1ecdc nh\u1ef1a b\u00ean ngo\u00e0i \u0111\u1ea3m b\u1ea3o ch\u1ecbu l\u1ef1c v\u00e0 \u0111\u1ed9 b\u1ec1n c\u1ef1c t\u1ed1t<\/p>\n<p>Ph\u1ea7n th\u00e2n: V\u1eabn \u0111\u01b0\u1ee3c ph\u1ed1i 2 m\u00e0u kh\u00e1c bi\u1ec7t nh\u01b0 2 s\u1ea3n ph\u1ea9m tr\u01b0\u1edbc v\u00e0 Logo extreme zero \u0111\u01b0\u1ee3c may n\u1ed5i t\u1ea1o v\u1ebb sang tr\u1ecdng cho s\u1ea3n ph\u1ea9m.<\/p>\n<p><img loading=\"lazy\" decoding=\"async\" class=\"wp-image-8602 size-large aligncenter\" src=\"http:\/\/hpcpt.demoweb184.xyz\/wp-content\/uploads\/2021\/03\/z2360858194470_a8f7ee19e660c8f18ec1b4223a9a8287-768x1024.jpg\" sizes=\"auto, (max-width: 768px) 100vw, 768px\" srcset=\"https:\/\/haiphongcomputer.vn\/wp-content\/uploads\/2021\/03\/z2360858194470_a8f7ee19e660c8f18ec1b4223a9a8287-768x1024.jpg 768w, https:\/\/haiphongcomputer.vn\/wp-content\/uploads\/2021\/03\/z2360858194470_a8f7ee19e660c8f18ec1b4223a9a8287-225x300.jpg 225w, https:\/\/haiphongcomputer.vn\/wp-content\/uploads\/2021\/03\/z2360858194470_a8f7ee19e660c8f18ec1b4223a9a8287-1152x1536.jpg 1152w, https:\/\/haiphongcomputer.vn\/wp-content\/uploads\/2021\/03\/z2360858194470_a8f7ee19e660c8f18ec1b4223a9a8287-1536x2048.jpg 1536w, https:\/\/haiphongcomputer.vn\/wp-content\/uploads\/2021\/03\/z2360858194470_a8f7ee19e660c8f18ec1b4223a9a8287-scaled.jpg 1920w\" alt=\"\" width=\"768\" height=\"1024\" \/><\/p>\n<p>Gh\u1ebf c\u00f3 \u0111\u1ea7y \u0111\u1ee7 g\u1ed1i l\u01b0ng, g\u1ed1i \u0111\u1ea7u gi\u00fap gi\u1ea3m \u0111au m\u1ecfi c\u1ed5, th\u1eaft l\u01b0ng khi ng\u1ed3i l\u00e2u, ph\u00f9 h\u1ee3p ng\u01b0\u1eddi ch\u00e2u \u00c1 h\u01a1n.<\/p>\n<p>\u0110\u1ec7m ng\u1ed3i c\u00f3 th\u1ec3 n\u00e2ng h\u1ea1 linh ho\u1ea1t.<\/p>\n<p>Gh\u1ebf tuy kh\u00f4ng ng\u1ea3 \u0111\u01b0\u1ee3c 180 \u0111\u1ed9, nh\u01b0ng v\u1edbi \u0111\u1ed9 ng\u1ea3 135 \u0111\u1ed9 gi\u00fap cho gh\u1ebf c\u00e2n b\u1eb1ng h\u01a1n v\u00e0 c\u00f3 th\u1ec3 ch\u1ecbu l\u1ef1c t\u1ed1t h\u01a1n l\u00ean \u0111\u1ebfn h\u01a1n 100kg l\u00fac n\u1eb1m ng\u1ea3, gi\u00fap ngh\u1ec9 ng\u01a1i trong nh\u1eefng l\u00fac m\u1ec7t m\u1ecfi.<\/p>\n<p>Tay gh\u1ebf c\u1ed1 \u0111\u1ecbnh, nh\u01b0ng v\u1eabn di chuy\u1ec3n \u0111\u01b0\u1ee3c theo \u0111\u1ed9 ng\u1ea3 c\u1ee7a gh\u1ebf.<\/p>\n<p>1 thi\u1ebft k\u1ebf m\u1edbi l\u00e0 2 ph\u1ea7n \u0111\u1ec3 tay c\u00f3 th\u00eam da m\u00fat, gi\u00fap \u00eam \u00e1i v\u00e0 c\u00e1 t\u00ednh h\u01a1n.<\/p>\n<p>Gh\u1ebf c\u00f3 \u0111i k\u00e8m gi\u1ea5y h\u01b0\u1edbng d\u1eabn + d\u1ee5ng c\u1ee5 l\u1eafp \u0111\u1eb7t \u0111\u1ea7y \u0111\u1ee7, d\u1ec5 d\u00e0ng th\u00e1o l\u1eafp v\u1ec7 sinh gh\u1ebf.<\/p>\n<p><img loading=\"lazy\" decoding=\"async\" class=\"wp-image-8603 size-large aligncenter\" src=\"http:\/\/hpcpt.demoweb184.xyz\/wp-content\/uploads\/2021\/03\/z2360858195413_225f58e6b571f209d75b00638323f5fe-768x1024.jpg\" sizes=\"auto, (max-width: 768px) 100vw, 768px\" srcset=\"https:\/\/haiphongcomputer.vn\/wp-content\/uploads\/2021\/03\/z2360858195413_225f58e6b571f209d75b00638323f5fe-768x1024.jpg 768w, https:\/\/haiphongcomputer.vn\/wp-content\/uploads\/2021\/03\/z2360858195413_225f58e6b571f209d75b00638323f5fe-225x300.jpg 225w, https:\/\/haiphongcomputer.vn\/wp-content\/uploads\/2021\/03\/z2360858195413_225f58e6b571f209d75b00638323f5fe-1152x1536.jpg 1152w, https:\/\/haiphongcomputer.vn\/wp-content\/uploads\/2021\/03\/z2360858195413_225f58e6b571f209d75b00638323f5fe-1536x2048.jpg 1536w, https:\/\/haiphongcomputer.vn\/wp-content\/uploads\/2021\/03\/z2360858195413_225f58e6b571f209d75b00638323f5fe-scaled.jpg 1920w\" alt=\"\" width=\"768\" height=\"1024\" \/><\/p>\n<p><em><strong>D\u1ecbch v\u1ee5 \u0111i k\u00e8m c\u1ee7a H\u1ea3i Ph\u00f2ng Computer<\/strong><\/em><\/p>\n<ul>\n<li>Linh ki\u1ec7n ch\u00ednh h\u00e3ng ,b\u1ea3o h\u00e0nh d\u00e0i l\u00e2u<\/li>\n<li>H\u1ed7 tr\u1ee3 c\u00e0i \u0111\u1eb7t ph\u1ea7n m\u1ec1m \u1ee9ng d\u1ee5ng<\/li>\n<li>Linh ki\u1ec7n \u0111\u01b0\u1ee3c l\u1ef1a ch\u1ecdn , s\u00e0ng l\u1ecdc k\u1ef9 c\u00e0ng v\u1edbi \u0111\u1ed9 b\u1ec1n cao, ch\u1ebf \u0111\u1ed9 b\u1ea3o h\u00e0nh t\u1eadn nh\u00e0 t\u1ea1i H\u1ea3i Ph\u00f2ng v\u00e0 giao h\u00e0ng t\u1eadn n\u01a1i .<\/li>\n<li>Ch\u1ebf \u0111\u1ed9 b\u1ea3o h\u00e0nh d\u00e0i l\u00e2u . H\u1ed7 tr\u1ee3 v\u1ec7 sinh b\u1ea3o d\u01b0\u1ee1ng Pc mi\u1ec5n ph\u00ed cho kh\u00e1ch h\u00e0ng s\u1eed d\u1ee5ng s\u1ea3n ph\u1ea9m c\u1ee7a\u00a0<strong>H\u1ea3i Ph\u00f2ng Computer<\/strong>\u00a0.<\/li>\n<li>\u0110\u1ec3 \u0111\u01b0\u1ee3c t\u01b0 v\u1ea5n th\u00eam v\u1ec1 c\u1ea5u h\u00ecnh n\u00e0o ph\u00f9 h\u1ee3p nh\u1ea5t v\u1edbi b\u1ea1n , ch\u1ec9 c\u1ea7n nh\u1ea5c m\u00e1y li\u00ean h\u1ec7 ngay cho ch\u00fang t\u00f4i\u00a0<strong>HOTLINE : 0899.256.166<\/strong>\u00a0ho\u1eb7c li\u00ean h\u1ec7\u00a0<strong>Fanpage : H\u1ea3i Ph\u00f2ng Computer<\/strong><\/li>\n<\/ul>\n<p>H\u1ebft r\u1ed3i ! H\u1ea3i Ph\u00f2ng Computer ch\u00fac b\u1ea1n t\u00ecm \u0111\u01b0\u1ee3c s\u1ea3n ph\u1ea9m ph\u00f9 h\u1ee3p v\u1edbi nhu c\u1ea7u v\u00e0 c\u00f4ng vi\u1ec7c .<\/p>\n<p><strong>H\u1ea3i Ph\u00f2ng Computer chuy\u00ean cung c\u1ea5p\u00a0pc v\u0103n ph\u00f2ng gi\u00e1 r\u1ebb\u00a0,\u00a0pc gaming\u00a0c\u1ea5u h\u00ecnh cao ,\u00a0m\u00e1y case \u0111\u1ed3ng b\u1ed9 ,..<\/strong><\/p>\n<div>\n<div>\n<p><strong>Linh ki\u1ec7n m\u00e1y t\u00ednh gi\u00e1 r\u1ebb H\u1ea3i Ph\u00f2ng<\/strong><\/p>\n<\/div>\n<\/div>\n<p>&nbsp;<\/p>\n<\/div>\n<\/div>\n<\/div>\n<\/div>\n<div class=\"d-none d-sm-block col-md-12 col-lg-12 col-xl-4 content-single-product\">\n<div class=\"content-product\"><\/div>\n<\/div>\n","protected":false},"excerpt":{"rendered":"<div class=\"title-list-h\">Th\u00f4ng s\u1ed1 s\u1ea3n ph\u1ea9m<\/div>\n<ul>\n<li>Ch\u1ea5t li\u1ec7u l\u00e0m t\u1eeb da PU<\/li>\n<li>M\u00e0u s\u1eafc\u00a0\u0111a d\u1ea1ng phong ph\u00fa c\u00f3 nhi\u1ec1u l\u1ef1a ch\u1ecdn<\/li>\n<li>Khung ch\u00e2n l\u00e0m t\u1eeb nh\u1ef1a t\u1ed5ng h\u1ee3p si\u00eau c\u1ee9ng<\/li>\n<li>Tr\u1ecdng l\u01b0\u1ee3ng t\u1ed1i \u0111a l\u00e0\u00a0130kg<\/li>\n<\/ul>\n","protected":false},"featured_media":924,"comment_status":"open","ping_status":"closed","template":"","meta":{"_acf_changed":false},"product_brand":[],"product_cat":[39],"product_tag":[],"class_list":{"0":"post-921","1":"product","2":"type-product","3":"status-publish","4":"has-post-thumbnail","6":"product_cat-ban-ghe-gaming","8":"first","9":"instock","10":"sale","11":"shipping-taxable","12":"purchasable","13":"product-type-simple"},"acf":[],"_links":{"self":[{"href":"https:\/\/shopcongnghehaiphong.com\/index.php?rest_route=\/wp\/v2\/product\/921","targetHints":{"allow":["GET"]}}],"collection":[{"href":"https:\/\/shopcongnghehaiphong.com\/index.php?rest_route=\/wp\/v2\/product"}],"about":[{"href":"https:\/\/shopcongnghehaiphong.com\/index.php?rest_route=\/wp\/v2\/types\/product"}],"replies":[{"embeddable":true,"href":"https:\/\/shopcongnghehaiphong.com\/index.php?rest_route=%2Fwp%2Fv2%2Fcomments&post=921"}],"wp:featuredmedia":[{"embeddable":true,"href":"https:\/\/shopcongnghehaiphong.com\/index.php?rest_route=\/wp\/v2\/media\/924"}],"wp:attachment":[{"href":"https:\/\/shopcongnghehaiphong.com\/index.php?rest_route=%2Fwp%2Fv2%2Fmedia&parent=921"}],"wp:term":[{"taxonomy":"product_brand","embeddable":true,"href":"https:\/\/shopcongnghehaiphong.com\/index.php?rest_route=%2Fwp%2Fv2%2Fproduct_brand&post=921"},{"taxonomy":"product_cat","embeddable":true,"href":"https:\/\/shopcongnghehaiphong.com\/index.php?rest_route=%2Fwp%2Fv2%2Fproduct_cat&post=921"},{"taxonomy":"product_tag","embeddable":true,"href":"https:\/\/shopcongnghehaiphong.com\/index.php?rest_route=%2Fwp%2Fv2%2Fproduct_tag&post=921"}],"curies":[{"name":"wp","href":"https:\/\/api.w.org\/{rel}","templated":true}]}}