{"id":925,"date":"2025-01-09T14:10:34","date_gmt":"2025-01-09T07:10:34","guid":{"rendered":"https:\/\/shopcongnghehaiphong.com\/?post_type=product&#038;p=925"},"modified":"2025-01-09T14:10:34","modified_gmt":"2025-01-09T07:10:34","slug":"ghe-gaming-centaur-valorant","status":"publish","type":"product","link":"https:\/\/shopcongnghehaiphong.com\/?product=ghe-gaming-centaur-valorant","title":{"rendered":"GH\u1ebe GAMING CENTAUR VALORANT"},"content":{"rendered":"<div class=\"col-md-12 col-lg-12 col-xl-8 content-single-product\">\n<div class=\"content-product\">\n<div class=\"content-in\">\n<p><strong>CENTAUR<\/strong>\u00a0L\u00e0 th\u01b0\u01a1ng hi\u1ec7u Vi\u1ec7t Nam \u0111\u01b0\u1ee3c s\u1edf h\u1eefu b\u1edfi c\u00f4ng ty TNHH Th\u01b0\u01a1ng M\u1ea1i v\u00e0 D\u1ecbch V\u1ee5 C\u00f4ng Ngh\u1ec7 S\u1ed1 H\u00f9ng M\u1ea1nh. V\u1edbi \u0111a d\u1ea1ng c\u00e1c s\u1ea3n ph\u1ea9m, bao tr\u1ecdn nh\u1eefng g\u00ec c\u1ea7n thi\u1ebft nh\u1ea5t c\u1ee7a m\u1ed7i b\u1ed9 m\u00e1y t\u00ednh v\u00e0 s\u1ea3n xu\u1ea5t \u0111\u1ed9c quy\u1ec1n c\u00e1c m\u1eabu gh\u1ebf gaming,\u2026<br \/>\n<strong>CENTAUR<\/strong>\u00a0cam k\u1ebft lu\u00f4n mang \u0111\u1ebfn nh\u1eefng s\u1ea3n ph\u1ea9m c\u00f3 gi\u00e1 th\u00e0nh ph\u00f9 h\u1ee3p nh\u1ea5t cho ng\u01b0\u1eddi Vi\u1ec7t, \u0111\u1ed3ng th\u1eddi v\u1eabn \u0111\u1ea3m b\u1ea3o ch\u1ea5t l\u01b0\u1ee3ng tr\u00ean t\u1eebng s\u1ea3n ph\u1ea9m, \u0111\u1ec3 \u0111em \u0111\u1ebfn cho ng\u01b0\u1eddi d\u00f9ng nh\u1eefng gi\u00e1 tr\u1ecb &amp; tr\u1ea3i nghi\u1ec7m t\u1ed1t nh\u1ea5t.<\/p>\n<p><img loading=\"lazy\" decoding=\"async\" class=\"wp-image-20146 aligncenter\" src=\"https:\/\/haiphongcomputer.vn\/wp-content\/uploads\/2023\/07\/DSC04488-scaled.jpg\" sizes=\"auto, (max-width: 759px) 100vw, 759px\" srcset=\"https:\/\/haiphongcomputer.vn\/wp-content\/uploads\/2023\/07\/DSC04488-scaled.jpg 2560w, https:\/\/haiphongcomputer.vn\/wp-content\/uploads\/2023\/07\/DSC04488-300x169.jpg 300w, https:\/\/haiphongcomputer.vn\/wp-content\/uploads\/2023\/07\/DSC04488-1024x576.jpg 1024w, https:\/\/haiphongcomputer.vn\/wp-content\/uploads\/2023\/07\/DSC04488-768x432.jpg 768w, https:\/\/haiphongcomputer.vn\/wp-content\/uploads\/2023\/07\/DSC04488-1536x864.jpg 1536w, https:\/\/haiphongcomputer.vn\/wp-content\/uploads\/2023\/07\/DSC04488-2048x1152.jpg 2048w\" alt=\"\" width=\"759\" height=\"427\" \/><\/p>\n<h2><span id=\"Uu_va_nhuoc_diem_cua_ghe_choi_game_Secretlab_Titan_EVO_2022\" class=\"ez-toc-section\"><\/span>\u01afu v\u00e0 nh\u01b0\u1ee3c \u0111i\u1ec3m c\u1ee7a gh\u1ebf ch\u01a1i game Centaur Valorant<\/h2>\n<p>Gh\u1ebf Gaming Centaur Valorant l\u00e0 d\u00f2ng s\u1ea3n ph\u1ea9m gh\u1ebf ch\u01a1i game \u0111\u01b0\u1ee3c c\u1ed9ng \u0111\u1ed3ng game th\u1ee7 \u0111\u00e1nh gi\u00e1 kh\u00e1 cao v\u1ec1 nh\u1eefng c\u1ea3i ti\u1ebfng v\u1ec1 hi\u1ec7u n\u0103ng, thi\u1ebft k\u1ebf, ch\u1ea5t li\u1ec7u,\u2026H\u00e3y c\u00f9ng \u0111i\u1ec3m qua c\u00e1c \u01b0u, nh\u01b0\u1ee3c \u0111i\u1ec3m c\u1ee7a d\u00f2ng gh\u1ebf n\u00e0y nh\u00e9!<\/p>\n<figure class=\"wp-block-table\">\n<table>\n<tbody>\n<tr>\n<td><strong>\u01afu \u0111i\u1ec3m<\/strong><\/td>\n<td><strong>Nh\u01b0\u1ee3c \u0111i\u1ec3m<\/strong><\/td>\n<\/tr>\n<tr>\n<td>Thi\u1ebft k\u1ebf \u0111\u1ea1t chu\u1ea9n\u00a0gh\u1ebf c\u00f4ng th\u00e1i h\u1ecdc<br \/>\nB\u1ec7 \u0111\u1ee1 cao c\u1ea5p (b\u1ec7 \u0111\u1ee1 con c\u00f3c)<br \/>\nV\u1eadt li\u1ec7u cao c\u1ea5p<br \/>\nC\u1ea3m gi\u00e1c ng\u1ed3i tho\u1ea3i m\u00e1i, tho\u00e1ng m\u00e1t trong th\u1eddi gian d\u00e0i<\/td>\n<td>Tr\u1ecdng l\u01b0\u1ee3ng kh\u00e1 n\u1eb7ng<br \/>\nK\u00edch th\u01b0\u1edbc l\u1edbn ph\u00f9 h\u1ee3p v\u1edbi ng\u01b0\u1eddi d\u00f9ng c\u00f3 d\u00e1ng ng\u01b0\u1eddi cao to<\/td>\n<\/tr>\n<\/tbody>\n<\/table>\n<\/figure>\n<figure class=\"wp-block-table\"><img loading=\"lazy\" decoding=\"async\" class=\"wp-image-20148 aligncenter\" src=\"https:\/\/haiphongcomputer.vn\/wp-content\/uploads\/2023\/07\/DSC04544-scaled.jpg\" sizes=\"auto, (max-width: 708px) 100vw, 708px\" srcset=\"https:\/\/haiphongcomputer.vn\/wp-content\/uploads\/2023\/07\/DSC04544-scaled.jpg 1440w, https:\/\/haiphongcomputer.vn\/wp-content\/uploads\/2023\/07\/DSC04544-169x300.jpg 169w, https:\/\/haiphongcomputer.vn\/wp-content\/uploads\/2023\/07\/DSC04544-576x1024.jpg 576w, https:\/\/haiphongcomputer.vn\/wp-content\/uploads\/2023\/07\/DSC04544-768x1365.jpg 768w, https:\/\/haiphongcomputer.vn\/wp-content\/uploads\/2023\/07\/DSC04544-864x1536.jpg 864w, https:\/\/haiphongcomputer.vn\/wp-content\/uploads\/2023\/07\/DSC04544-1152x2048.jpg 1152w\" alt=\"\" width=\"708\" height=\"1258\" \/><\/figure>\n<h2><span id=\"Danh_gia_chi_tiet_ghe_gaming_Secretlab_Titan_EVO_2022\" class=\"ez-toc-section\"><\/span>\u0110\u00e1nh gi\u00e1 chi ti\u1ebft gh\u1ebf gaming Centaur Valorant<\/h2>\n<h3>Thi\u1ebft k\u1ebf \u1ea5n t\u01b0\u1ee3ng, t\u1ea1o h\u00ecnh c\u1ef1c h\u00fat m\u1eaft<\/h3>\n<p><img loading=\"lazy\" decoding=\"async\" class=\"wp-image-20147 aligncenter\" src=\"https:\/\/haiphongcomputer.vn\/wp-content\/uploads\/2023\/07\/DSC04536-scaled.jpg\" sizes=\"auto, (max-width: 762px) 100vw, 762px\" srcset=\"https:\/\/haiphongcomputer.vn\/wp-content\/uploads\/2023\/07\/DSC04536-scaled.jpg 2560w, https:\/\/haiphongcomputer.vn\/wp-content\/uploads\/2023\/07\/DSC04536-300x169.jpg 300w, https:\/\/haiphongcomputer.vn\/wp-content\/uploads\/2023\/07\/DSC04536-1024x576.jpg 1024w, https:\/\/haiphongcomputer.vn\/wp-content\/uploads\/2023\/07\/DSC04536-768x432.jpg 768w, https:\/\/haiphongcomputer.vn\/wp-content\/uploads\/2023\/07\/DSC04536-1536x864.jpg 1536w, https:\/\/haiphongcomputer.vn\/wp-content\/uploads\/2023\/07\/DSC04536-2048x1152.jpg 2048w\" alt=\"\" width=\"762\" height=\"429\" \/><\/p>\n<p>Nh\u01b0 c\u00e1i t\u00ean, Centaur Valorant l\u1ea5y c\u1ea3m h\u1ee9ng t\u1eeb t\u1ef1a game c\u1ef1c hot Valorant. N\u00ean khi \u0111\u01b0\u1ee3c cho ra m\u1eaft th\u1ecb tr\u01b0\u1eddng \u0111\u00e3 \u0111\u01b0\u1ee3c c\u00e1c b\u1ea1n tr\u1ebb \u0111\u00f3n nh\u1eadn r\u1ea5t nhi\u1ec1u b\u1edfi thi\u1ebft k\u1ebf \u0111\u1eadm ch\u1ea5t game, t\u1eebng \u0111\u01b0\u1eddng kim m\u0169i ch\u1ec9 \u0111\u1ec1u r\u1ea5t chi ti\u1ebft v\u00e0 tinh t\u1ebf. Ch\u1eafc ch\u1eafn Centaur Valorant s\u1ebd \u0111em \u0111\u1ebfn cho b\u1ea1n c\u1ea3m gi\u00e1c h\u00e0i l\u00f2ng t\u1eeb tr\u1ea3i nghi\u1ec7m l\u1eabn h\u00ecnh th\u1ee9c.<\/p>\n<h3><span id=\"Cau_tao_chac_chan_vat_lieu_cao_cap\" class=\"ez-toc-section\"><\/span>C\u1ea5u t\u1ea1o ch\u1eafc ch\u1eafn, v\u1eadt li\u1ec7u cao c\u1ea5p<\/h3>\n<p>S\u1edf h\u1eefu c\u1ea5u t\u1ea1o v\u00f4 c\u00f9ng ch\u1eafc ch\u1eafn, v\u1edbi nh\u1eefng chi ti\u1ebft d\u1ec5 d\u00e0ng t\u1ef1 th\u00e1o l\u1eafp t\u1ea1i nh\u00e0 b\u1ea1n ho\u00e0n to\u00e0n c\u00f3 th\u1ec3 tho\u1ea3i m\u00e1i t\u1ef1 l\u1eafp gh\u1ebf gaming m\u1edbi nh\u1ea5t t\u1eeb Centaur Valorant m\u00e0 kh\u00f4ng c\u1ea7n s\u1ef1 h\u1ed7 tr\u1ee3 t\u1eeb b\u1ea5t k\u1ef3 ai. C\u00f9ng v\u1edbi \u0111\u00f3 \u0111\u01b0\u1ee3c c\u1ea5u t\u1ea1o b\u1eb1ng khung th\u00e9p ch\u1eafc ch\u1eafn c\u00f3 th\u1ec3 ch\u1ecbu t\u1ea3i tr\u1ecdng cao ph\u00f9 h\u1ee3p v\u1edbi m\u1ecdi form d\u00e1ng ng\u01b0\u1eddi ng\u1ed3i.<\/p>\n<p><img loading=\"lazy\" decoding=\"async\" class=\"wp-image-20149 aligncenter\" src=\"https:\/\/haiphongcomputer.vn\/wp-content\/uploads\/2023\/07\/DSC04550-scaled.jpg\" sizes=\"auto, (max-width: 738px) 100vw, 738px\" srcset=\"https:\/\/haiphongcomputer.vn\/wp-content\/uploads\/2023\/07\/DSC04550-scaled.jpg 1440w, https:\/\/haiphongcomputer.vn\/wp-content\/uploads\/2023\/07\/DSC04550-169x300.jpg 169w, https:\/\/haiphongcomputer.vn\/wp-content\/uploads\/2023\/07\/DSC04550-576x1024.jpg 576w, https:\/\/haiphongcomputer.vn\/wp-content\/uploads\/2023\/07\/DSC04550-768x1365.jpg 768w, https:\/\/haiphongcomputer.vn\/wp-content\/uploads\/2023\/07\/DSC04550-864x1536.jpg 864w, https:\/\/haiphongcomputer.vn\/wp-content\/uploads\/2023\/07\/DSC04550-1152x2048.jpg 1152w\" alt=\"\" width=\"738\" height=\"1312\" \/><\/p>\n<p>C\u00e1c v\u1eadt li\u1ec7u cho c\u1ea3m gi\u00e1c \u0111\u1eb9p khi ch\u1ea1m v\u00e0o v\u00e0 tr\u00f4ng cao c\u1ea5p v\u00e0 ch\u1ea5t l\u01b0\u1ee3ng x\u00e2y d\u1ef1ng g\u1ea7n nh\u01b0 ho\u00e0n h\u1ea3o, thanh ch\u1eafn tay v\u1ecbn v\u00e0 c\u1ea7n \u0111i\u1ec1u ch\u1ec9nh. Nh\u00ecn chung, chi\u1ebfc gh\u1ebf ti\u1ebfp t\u1ee5c duy tr\u00ec Centaur Valorant l\u00e0 ti\u00eau chu\u1ea9n v\u00e0ng c\u1ee7a gh\u1ebf ch\u01a1i game.<\/p>\n<h3><span id=\"Cam_giac_ngoi_chac_chan_em_ai\" class=\"ez-toc-section\"><\/span>C\u1ea3m gi\u00e1c ng\u1ed3i ch\u1eafc ch\u1eafn, \u00eam \u00e1i<\/h3>\n<p>Khi ch\u00fang t\u00f4i l\u1ea7n \u0111\u1ea7u ti\u00ean ng\u1ed3i v\u00e0o Centaur Valorant , ch\u00fang t\u00f4i \u0111\u00e3 r\u1ea5t ng\u1ea1c nhi\u00ean khi th\u1ea5y n\u00f3 c\u00f3 c\u1ea3m gi\u00e1c ch\u1eafc ch\u1eafn h\u01a1n nhi\u1ec1u so v\u1edbi d\u00f2ng kh\u00e1c.<\/p>\n<p><img loading=\"lazy\" decoding=\"async\" class=\"wp-image-20145 aligncenter\" src=\"https:\/\/haiphongcomputer.vn\/wp-content\/uploads\/2023\/07\/DSC04467-scaled.jpg\" sizes=\"auto, (max-width: 759px) 100vw, 759px\" srcset=\"https:\/\/haiphongcomputer.vn\/wp-content\/uploads\/2023\/07\/DSC04467-scaled.jpg 1441w, https:\/\/haiphongcomputer.vn\/wp-content\/uploads\/2023\/07\/DSC04467-169x300.jpg 169w, https:\/\/haiphongcomputer.vn\/wp-content\/uploads\/2023\/07\/DSC04467-576x1024.jpg 576w, https:\/\/haiphongcomputer.vn\/wp-content\/uploads\/2023\/07\/DSC04467-768x1365.jpg 768w, https:\/\/haiphongcomputer.vn\/wp-content\/uploads\/2023\/07\/DSC04467-864x1536.jpg 864w, https:\/\/haiphongcomputer.vn\/wp-content\/uploads\/2023\/07\/DSC04467-1152x2048.jpg 1152w\" alt=\"\" width=\"759\" height=\"1348\" \/><\/p>\n<p>Nh\u00ecn chung, s\u1ef1 tho\u1ea3i m\u00e1i c\u1ee7a Centaur Valorant\u00a0 l\u00e0 r\u1ea5t \u1ea5n t\u01b0\u1ee3ng v\u00e0 m\u1ed9t khi b\u1ea1n t\u00ecm ra c\u00e1c t\u00f9y ch\u1ecdn t\u00f9y ch\u1ec9nh m\u1edf r\u1ed9ng, n\u00f3 th\u1eadm ch\u00ed c\u00f2n t\u1ed1t h\u01a1n. Tuy nhi\u00ean, n\u1ebfu b\u1ea1n th\u00edch m\u1ed9t chi\u1ebfc gh\u1ebf sang tr\u1ecdng h\u01a1n.<span id=\"Tong_ket\" class=\"ez-toc-section\"><\/span><\/p>\n<p>Centaur Valorant\u00a0 t\u1ef1 h\u00e0o c\u00f3 r\u1ea5t nhi\u1ec1u kh\u1ea3 n\u0103ng \u0111i\u1ec1u ch\u1ec9nh\u00a0 v\u00e0 m\u1ee9c \u0111\u1ed9 tho\u1ea3i m\u00e1i h\u00e0ng \u0111\u1ea7u trong ng\u00e0nh. V\u1eadt li\u1ec7u b\u1ecdc gh\u1ebf l\u00e0 lo\u1ea1i cao c\u1ea5p v\u00e0 g\u1ed1i \u0111\u1ea7u t\u1eeb t\u00ednh l\u00e0 m\u1ed9t \u00fd t\u01b0\u1edfng th\u00f4ng minh.<\/p>\n<\/div>\n<\/div>\n<\/div>\n<div class=\"d-none d-sm-block col-md-12 col-lg-12 col-xl-4 content-single-product\">\n<div class=\"content-product\"><\/div>\n<\/div>\n","protected":false},"excerpt":{"rendered":"<div class=\"title-list-h\">Th\u00f4ng s\u1ed1 s\u1ea3n ph\u1ea9m<\/div>\n<ul>\n<li>H\u00e3ng s\u1ea3n xu\u1ea5t Centaur<\/li>\n<li>Tay v\u1ecbn 4D<\/li>\n<li>Ng\u1ea3 l\u01b0ng 180 \u0111\u1ed9<\/li>\n<li>B\u1ec7 \u0111\u1ee1 b\u1ec7 \u0111\u1ee1 con c\u00f3c<\/li>\n<li>Ch\u1ea5t li\u1ec7u da Da PU<\/li>\n<\/ul>\n","protected":false},"featured_media":926,"comment_status":"open","ping_status":"closed","template":"","meta":{"_acf_changed":false},"product_brand":[],"product_cat":[39],"product_tag":[],"class_list":{"0":"post-925","1":"product","2":"type-product","3":"status-publish","4":"has-post-thumbnail","6":"product_cat-ban-ghe-gaming","8":"first","9":"instock","10":"sale","11":"shipping-taxable","12":"purchasable","13":"product-type-simple"},"acf":[],"_links":{"self":[{"href":"https:\/\/shopcongnghehaiphong.com\/index.php?rest_route=\/wp\/v2\/product\/925","targetHints":{"allow":["GET"]}}],"collection":[{"href":"https:\/\/shopcongnghehaiphong.com\/index.php?rest_route=\/wp\/v2\/product"}],"about":[{"href":"https:\/\/shopcongnghehaiphong.com\/index.php?rest_route=\/wp\/v2\/types\/product"}],"replies":[{"embeddable":true,"href":"https:\/\/shopcongnghehaiphong.com\/index.php?rest_route=%2Fwp%2Fv2%2Fcomments&post=925"}],"wp:featuredmedia":[{"embeddable":true,"href":"https:\/\/shopcongnghehaiphong.com\/index.php?rest_route=\/wp\/v2\/media\/926"}],"wp:attachment":[{"href":"https:\/\/shopcongnghehaiphong.com\/index.php?rest_route=%2Fwp%2Fv2%2Fmedia&parent=925"}],"wp:term":[{"taxonomy":"product_brand","embeddable":true,"href":"https:\/\/shopcongnghehaiphong.com\/index.php?rest_route=%2Fwp%2Fv2%2Fproduct_brand&post=925"},{"taxonomy":"product_cat","embeddable":true,"href":"https:\/\/shopcongnghehaiphong.com\/index.php?rest_route=%2Fwp%2Fv2%2Fproduct_cat&post=925"},{"taxonomy":"product_tag","embeddable":true,"href":"https:\/\/shopcongnghehaiphong.com\/index.php?rest_route=%2Fwp%2Fv2%2Fproduct_tag&post=925"}],"curies":[{"name":"wp","href":"https:\/\/api.w.org\/{rel}","templated":true}]}}