{"id":931,"date":"2025-01-09T14:20:18","date_gmt":"2025-01-09T07:20:18","guid":{"rendered":"https:\/\/shopcongnghehaiphong.com\/?post_type=product&#038;p=931"},"modified":"2025-01-09T14:30:40","modified_gmt":"2025-01-09T07:30:40","slug":"cpu-intel-core-i3-4130-cu","status":"publish","type":"product","link":"https:\/\/shopcongnghehaiphong.com\/?product=cpu-intel-core-i3-4130-cu","title":{"rendered":"CPU INTEL CORE I3 4130 C\u0168"},"content":{"rendered":"<div class=\"col-md-12 col-lg-12 col-xl-8 content-single-product\">\n<div class=\"content-product\">\n<div class=\"content-in\">\n<h2>CPU Intel Core i3 4130<\/h2>\n<p><strong>B\u1ed9\u00a0x\u1eed l\u00fd CPU intel core i3 4130<\/strong>\u00a0l\u00e0\u00a0<span class=\"value\" data-key=\"ProductGroup\">B\u00f4\u0323 x\u01b0\u0309 ly\u0301 Intel\u00ae\u00a0<strong>Core\u2122 i3<\/strong>\u00a0th\u1ebf h\u1ec7 th\u1ee9 4\u00a0<\/span>\u00a0d\u1ef1a tr\u00ean ki\u1ebfn \u200b\u200btr\u00fac Haswell 22nm \u0111\u01b0\u1ee3c trang b\u1ecb 2 l\u00f5i v\u00e0 2 lu\u1ed3ng v\u00e0 c\u00f3 th\u1ec3 \u0111\u01b0\u1ee3c c\u00e0i \u0111\u1eb7t trong \u1ed5 c\u1eafm FCLGA1150.<\/p>\n<p>M\u1ed9t l\u00fd do c\u00f3 th\u1ec3 cho \u0111i\u1ec1u n\u00e0y l\u00e0 ngay c\u1ea3<strong>\u00a0CPU Core-i3<\/strong>\u00a0d\u1ef1a tr\u00ean Sandy Bridge th\u1ebf h\u1ec7 th\u1ee9 hai v\u1eabn c\u00f3 s\u1eb5n v\u00e0 v\u1edbi m\u1ee9c gi\u00e1 g\u1ea7n nh\u01b0 nhau.\u00a0\u0110i\u1ec1u t\u01b0\u01a1ng t\u1ef1 c\u0169ng \u0111\u00fang v\u1edbi c\u00e1c bo m\u1ea1ch ch\u1ee7 LGA1155 si\u00eau r\u1ebb \u0111i c\u00f9ng v\u1edbi ch\u00fang.<\/p>\n<p>N\u00f3 c\u0169ng c\u00f3 t\u1ed1c \u0111\u1ed9 xung nh\u1ecbp t\u01b0\u01a1ng t\u1ef1 \u2013 3,4 GHz, t\u01b0\u01a1ng \u0111\u01b0\u01a1ng v\u1edbi Core i3-3240 th\u1ebf h\u1ec7 tr\u01b0\u1edbc, v\u1edbi c\u1ea3 hai CPU \u0111\u1ec1u thi\u1ebfu Turbo Boost nh\u01b0ng th\u1ec3 thao Hyper-Threading, cung c\u1ea5p hai l\u00f5i logic ngo\u00e0i hai l\u00f5i v\u1eadt l\u00fd.\u00a0Ch\u00fang c\u0169ng c\u00f3 s\u1ed1 l\u01b0\u1ee3ng b\u1ed9 \u0111\u1ec7m gi\u1ed1ng h\u1ec7t nhau, v\u1edbi b\u1ed9 \u0111\u1ec7m L3 3 MB.<\/p>\n<p>Ti\u00eau th\u1ee5 \u0111i\u1ec7n n\u0103ng c\u0169ng kh\u00f4ng thay \u0111\u1ed5i nhi\u1ec1u, ch\u1ee7 y\u1ebfu l\u00e0 do c\u1ea3 hai\u00a0<strong>CPU<\/strong> Ivy Bridge v\u00e0 Haswell Core i3 \u0111\u1ec1u d\u1ef1a tr\u00ean c\u00f4ng ngh\u1ec7 22nm, v\u1edbi s\u1ef1 kh\u00e1c bi\u1ec7t v\u1ec1 ki\u1ebfn \u200b\u200btr\u00fac chi\u1ebfm 1W gi\u1ea3m t\u1eeb 55W xu\u1ed1ng 54W cho c\u00f4ng su\u1ea5t kh\u00f4ng th\u1ea5p m\u00f4 h\u00ecnh.<\/p>\n<p>Tuy nhi\u00ean, do m\u1ed9t ph\u1ea7n c\u1ee7a quy \u0111\u1ecbnh \u0111i\u1ec7n \u00e1p \u0111\u00e3 \u0111\u01b0\u1ee3c chuy\u1ec3n \u0111\u1ebfn\u00a0<strong>CPU<\/strong>\u00a0trong c\u00e1c CPU th\u1ebf h\u1ec7 th\u1ee9 t\u01b0, s\u1ef1 kh\u00e1c bi\u1ec7t c\u00f3 th\u1ec3 \u0111\u00e1ng ch\u00fa \u00fd h\u01a1n l\u00e0 do con \u00e1t ch\u1ee7 b\u00e0i c\u1ee7a Haswell lu\u00f4n c\u00f3 m\u1ee9c ti\u00eau th\u1ee5 \u0111i\u1ec7n n\u0103ng th\u1ea5p h\u01a1n.<\/p>\n<p>\u0110\u1ed3 h\u1ecda HD c\u1ee7a Intel c\u00f3 l\u1ebd l\u00e0 b\u1ea3n n\u00e2ng c\u1ea5p l\u1edbn nh\u1ea5t, chuy\u1ec3n sang HD 4400 v\u1edbi\u00a0<a href=\"https:\/\/haiphongcomputer.vn\/san-pham\/cpu-intel-core-i3-4130\/\" target=\"_blank\" rel=\"noopener\"><strong>Core i3-4130<\/strong><\/a>.\u00a0GPU c\u0169ng c\u00f3 kh\u1ea3 n\u0103ng \u00e9p xung xa h\u01a1n so v\u1edbi ng\u01b0\u1eddi ti\u1ec1n nhi\u1ec7m c\u1ee7a n\u00f3, t\u1ea5t c\u1ea3 ch\u1ec9 l\u00e0 350 MHz, tr\u00e1i ng\u01b0\u1ee3c v\u1edbi 650 MHz cho Core i3-3240 \u2013 t\u1ea5t c\u1ea3 \u0111\u1ed3ng th\u1eddi t\u0103ng 100 MHz l\u00ean cao h\u01a1n 1.15GHz.<\/p>\n<h3><strong>Th\u00f4ng tin k\u1ef9 thu\u1eadt CPU intel core i3 4130\u00a0<\/strong><\/h3>\n<h4><strong>Thi\u1ebft y\u1ebfu<\/strong><\/h4>\n<p><span class=\"label\">B\u1ed9 s\u01b0u t\u1eadp s\u1ea3n ph\u1ea9m:\u00a0<\/span><span class=\"value\" data-key=\"ProductGroup\">B\u00f4\u0323 x\u01b0\u0309 ly\u0301 Intel\u00ae Core\u2122 i3 th\u1ebf h\u1ec7 th\u1ee9 4<\/span><\/p>\n<p><span class=\"label\">T\u00ean m\u00e3:\u00a0<\/span><span class=\"value\" data-key=\"CodeNameText\">Haswell tr\u01b0\u1edbc \u0111\u00e2y c\u1ee7a ca\u0301c s\u1ea3n ph\u1ea9m<\/span><\/p>\n<p><span class=\"label\">S\u00f4\u0301 hi\u00ea\u0323u B\u00f4\u0323 x\u01b0\u0309 ly\u0301:\u00a0<\/span><strong><span class=\"value\" data-key=\"ProcessorNumber\">i3-4130<\/span><\/strong><\/p>\n<p><span class=\"label\">Ng\u00e0y ph\u00e1t h\u00e0nh:\u00a0<\/span><span class=\"value\" data-key=\"BornOnDate\">Q3\u201913<\/span><\/p>\n<p><span class=\"label\">Thu\u1eadt in th\u1ea1ch b\u1ea3n:\u00a0<\/span><span class=\"value\" data-key=\"Lithography\">22 nm<\/span><\/p>\n<h4 class=\"h2\"><strong>Hi\u1ec7u n\u0103ng<\/strong><\/h4>\n<p><span class=\"label\">S\u1ed1 l\u00f5i:\u00a0<\/span><span class=\"value\" data-key=\"CoreCount\">2<\/span><\/p>\n<p><span class=\"label\">S\u1ed1 lu\u1ed3ng:\u00a0<\/span><span class=\"value\" data-key=\"ThreadCount\">4<\/span><\/p>\n<p><span class=\"label\">T\u1ea7n s\u1ed1 c\u01a1 s\u1edf c\u1ee7a b\u1ed9 x\u1eed l\u00fd:\u00a0<\/span><span class=\"value\" data-key=\"ClockSpeed\">3.40 GHz<\/span><\/p>\n<p><span class=\"label\">B\u00f4\u0323 nh\u01a1\u0301 \u0111\u00ea\u0323m:\u00a0<\/span><span class=\"value\" data-key=\"Cache\">3 MB SmartCache<\/span><\/p>\n<p><span class=\"label\">Bus Speed:\u00a0<\/span><span class=\"value\" data-key=\"Bus\">5 GT\/s DMI2<\/span><\/p>\n<p><span class=\"label\">TDP:\u00a0<\/span><span class=\"value\" data-key=\"MaxTDP\">54 W<\/span><\/p>\n<h4 class=\"h2\"><strong>Th\u00f4ng s\u1ed1 b\u1ed9 nh\u1edb<\/strong><\/h4>\n<p><span class=\"label\">Dung l\u01b0\u1ee3ng b\u1ed9 nh\u1edb t\u1ed1i \u0110a (t\u00f9y v\u00e0o lo\u1ea1i b\u1ed9 nh\u1edb)<\/span><span class=\"value\" data-key=\"MaxMem\">32 GB<\/span><\/p>\n<p><span class=\"label\">Ca\u0301c loa\u0323i b\u00f4\u0323 nh\u01a1\u0301:<\/span><span class=\"value\" data-key=\"MemoryTypes\">DDR3-1333\/1600, DDR3L-1333\/1600 @ 1.5V<\/span><\/p>\n<p><span class=\"label\">S\u1ed1 K\u00eanh B\u1ed9 Nh\u1edb T\u1ed1i \u0110a:<\/span><span class=\"value\" data-key=\"NumMemoryChannels\">2<\/span><\/p>\n<p><span class=\"label\">B\u0103ng th\u00f4ng b\u1ed9 nh\u1edb t\u1ed1i \u0111a:<\/span><span class=\"value\" data-key=\"MaxMemoryBandwidth\">25.6 GB\/s<\/span><\/p>\n<p><span class=\"label\">H\u1ed7 tr\u1ee3 B\u1ed9 nh\u1edb ECC\u00a0<small><sup>\u2021<\/sup><\/small><\/span><span class=\"value\" data-key=\"ECCMemory\">C\u00f3<\/span><\/p>\n<h4 class=\"h2\"><strong>\u0110\u1ed3 h\u1ecda B\u1ed9 x\u1eed l\u00fd<\/strong><\/h4>\n<p><span class=\"label\">\u0110\u1ed3 h\u1ecda b\u1ed9 x\u1eed l\u00fd\u00a0<small><sup>\u2021:<\/sup><\/small><\/span><span class=\"value\" data-key=\"ProcessorGraphicsModelId\">\u0110\u1ed3 h\u1ecda HD Intel\u00ae 4400<\/span><\/p>\n<p><span class=\"label\">T\u1ea7n s\u1ed1 c\u01a1 s\u1edf \u0111\u1ed3 h\u1ecda:<\/span><span class=\"value\" data-key=\"GraphicsFreq\">350 MHz<\/span><\/p>\n<p><span class=\"label\">T\u1ea7n s\u1ed1 \u0111\u1ed9ng t\u1ed1i \u0111a \u0111\u00f4\u0300 h\u1ecda:<\/span><span class=\"value\" data-key=\"GraphicsMaxFreq\">1.15 GHz<\/span><\/p>\n<p><span class=\"label\">B\u1ed9 nh\u1edb t\u1ed1i \u0111a video \u0111\u00f4\u0300 h\u1ecda:<\/span><span class=\"value\" data-key=\"GraphicsMaxMem\">2 GB<\/span><\/p>\n<p><span class=\"label\">\u0110\u1ea7u ra \u0111\u1ed3 h\u1ecda:<\/span><span class=\"value\" data-key=\"GraphicsOutput\">eDP\/DP\/HDMI\/DVI\/VGA<\/span><\/p>\n<p><span class=\"label\">\u0110\u1ed9 Ph\u00e2n Gi\u1ea3i T\u1ed1i \u0110a (HDMI 1.4)\u2021<\/span><span class=\"value\" data-key=\"GraphicsMaxResolutionHDMI\">4096\u00d72304@24Hz<\/span><\/p>\n<p><span class=\"label\">\u0110\u1ed9 Ph\u00e2n Gi\u1ea3i T\u1ed1i \u0110a (DP)\u2021<\/span><span class=\"value\" data-key=\"GraphicsMaxResolutionDP\">3840\u00d72160@60Hz<\/span><\/p>\n<p><span class=\"label\">\u0110\u1ed9 Ph\u00e2n Gi\u1ea3i T\u1ed1i \u0110a (eDP \u2013 Integrated Flat Panel)\u2021<\/span><span class=\"value\" data-key=\"GraphicsMaxResolutionIFP\">3840\u00d72160@60Hz<\/span><\/p>\n<p><span class=\"label\">\u0110\u1ed9 Ph\u00e2n Gi\u1ea3i T\u1ed1i \u0110a (VGA)\u2021<\/span><span class=\"value\" data-key=\"GraphicsMaxResoluionVGA\">1920\u00d71200@60Hz<\/span><\/p>\n<p><span class=\"label\">H\u00f4\u0303 Tr\u1ee3 DirectX*:<\/span><span class=\"value\" data-key=\"GraphicsDirectXSupport\">11.1\/12<\/span><\/p>\n<p><span class=\"label\">H\u00f4\u0303 Tr\u1ee3 OpenGL*:<\/span><span class=\"value\" data-key=\"GraphicsOpenGLSupport\">4.3<\/span><\/p>\n<p><span class=\"label\">\u0110\u1ed3ng b\u1ed9 nhanh h\u00ecnh \u1ea3nh Intel\u00ae:<\/span><span class=\"value\" data-key=\"QuickSyncVideo\">C\u00f3<\/span><\/p>\n<p><span class=\"label\">C\u00f4ng ngh\u00ea\u0323 Intel\u00ae InTru\u2122 3D:<\/span><span class=\"value\" data-key=\"InTru3D\">C\u00f3<\/span><\/p>\n<p><span class=\"label\">C\u00f4ng ngh\u1ec7 video HD r\u00f5 n\u00e9t Intel\u00ae:<\/span><span class=\"value\" data-key=\"CVTHD\">C\u00f3<\/span><\/p>\n<p><span class=\"label\">S\u1ed1 m\u00e0n h\u00ecnh \u0111\u01b0\u1ee3c h\u1ed7 tr\u1ee3\u00a0<small><sup>\u2021:<\/sup><\/small><\/span><span class=\"value\" data-key=\"NumDisplaysSupported\">3<\/span><\/p>\n<p><span class=\"label\">ID Thi\u1ebft B\u1ecb:\u00a0<\/span><span class=\"value\" data-key=\"GraphicsDeviceId\">0x41E<\/span><\/p>\n<p><img decoding=\"async\" class=\"aligncenter\" src=\"https:\/\/haiphongcomputer.vn\/wp-content\/uploads\/2021\/03\/hpc.jpg\" \/><\/p>\n<p><em><strong>D\u1ecbch v\u1ee5 \u0111i k\u00e8m c\u1ee7a H\u1ea3i Ph\u00f2ng Computer<\/strong><\/em><\/p>\n<ul>\n<li>Linh ki\u1ec7n ch\u00ednh h\u00e3ng ,b\u1ea3o h\u00e0nh d\u00e0i l\u00e2u<\/li>\n<li>H\u1ed7 tr\u1ee3 c\u00e0i \u0111\u1eb7t ph\u1ea7n m\u1ec1m \u1ee9ng d\u1ee5ng<\/li>\n<li>Linh ki\u1ec7n \u0111\u01b0\u1ee3c l\u1ef1a ch\u1ecdn , s\u00e0ng l\u1ecdc k\u1ef9 c\u00e0ng v\u1edbi \u0111\u1ed9 b\u1ec1n cao, ch\u1ebf \u0111\u1ed9 b\u1ea3o h\u00e0nh t\u1eadn nh\u00e0 t\u1ea1i H\u1ea3i Ph\u00f2ng v\u00e0 giao h\u00e0ng t\u1eadn n\u01a1i .<\/li>\n<li>Ch\u1ebf \u0111\u1ed9 b\u1ea3o h\u00e0nh d\u00e0i l\u00e2u . H\u1ed7 tr\u1ee3 v\u1ec7 sinh b\u1ea3o d\u01b0\u1ee1ng Pc mi\u1ec5n ph\u00ed cho kh\u00e1ch h\u00e0ng s\u1eed d\u1ee5ng s\u1ea3n ph\u1ea9m c\u1ee7a\u00a0<strong>H\u1ea3i Ph\u00f2ng Computer<\/strong>\u00a0.<\/li>\n<li>\u0110\u1ec3 \u0111\u01b0\u1ee3c t\u01b0 v\u1ea5n th\u00eam v\u1ec1 c\u1ea5u h\u00ecnh n\u00e0o ph\u00f9 h\u1ee3p nh\u1ea5t v\u1edbi b\u1ea1n , ch\u1ec9 c\u1ea7n nh\u1ea5c m\u00e1y li\u00ean h\u1ec7 ngay cho ch\u00fang t\u00f4i\u00a0<strong>HOTLINE : 0899.256.166<\/strong>\u00a0ho\u1eb7c li\u00ean h\u1ec7\u00a0<strong>Fanpage : H\u1ea3i Ph\u00f2ng Computer<\/strong><\/li>\n<\/ul>\n<p>H\u1ebft r\u1ed3i ! H\u1ea3i Ph\u00f2ng Computer ch\u00fac b\u1ea1n t\u00ecm \u0111\u01b0\u1ee3c s\u1ea3n ph\u1ea9m ph\u00f9 h\u1ee3p v\u1edbi nhu c\u1ea7u v\u00e0 c\u00f4ng vi\u1ec7c .<\/p>\n<p><strong>H\u1ea3i Ph\u00f2ng Computer chuy\u00ean cung c\u1ea5p\u00a0pc v\u0103n ph\u00f2ng gi\u00e1 r\u1ebb\u00a0,\u00a0pc gaming\u00a0c\u1ea5u h\u00ecnh cao ,\u00a0m\u00e1y case \u0111\u1ed3ng b\u1ed9 ,..<\/strong><\/p>\n<div>\n<div>\n<p><strong>Linh ki\u1ec7n m\u00e1y t\u00ednh gi\u00e1 r\u1ebb H\u1ea3i Ph\u00f2ng<\/strong><\/p>\n<\/div>\n<\/div>\n<\/div>\n<\/div>\n<\/div>\n<div class=\"d-none d-sm-block col-md-12 col-lg-12 col-xl-4 content-single-product\">\n<div class=\"content-product\"><\/div>\n<\/div>\n","protected":false},"excerpt":{"rendered":"<div class=\"title-list-h\">Th\u00f4ng s\u1ed1 s\u1ea3n ph\u1ea9m<\/div>\n<ul>\n<li>M\u00e3:\u00a0 i3 4130<\/li>\n<li>Socket:\u00a0 LGA1150<\/li>\n<li>T\u1ed1c \u0111\u1ed9: 3.40GHz<\/li>\n<li>Cache: 3Mb<\/li>\n<li>S\u1ed1 nh\u00e2n\/s\u1ed1 lu\u1ed3ng: 2\/4<\/li>\n<li>TDP: 54w<\/li>\n<\/ul>\n","protected":false},"featured_media":932,"comment_status":"open","ping_status":"closed","template":"","meta":{"_acf_changed":false},"product_brand":[],"product_cat":[41],"product_tag":[],"class_list":{"0":"post-931","1":"product","2":"type-product","3":"status-publish","4":"has-post-thumbnail","6":"product_cat-cpu-bo-vi-xu-ly","8":"first","9":"instock","10":"sale","11":"shipping-taxable","12":"purchasable","13":"product-type-simple"},"acf":[],"_links":{"self":[{"href":"https:\/\/shopcongnghehaiphong.com\/index.php?rest_route=\/wp\/v2\/product\/931","targetHints":{"allow":["GET"]}}],"collection":[{"href":"https:\/\/shopcongnghehaiphong.com\/index.php?rest_route=\/wp\/v2\/product"}],"about":[{"href":"https:\/\/shopcongnghehaiphong.com\/index.php?rest_route=\/wp\/v2\/types\/product"}],"replies":[{"embeddable":true,"href":"https:\/\/shopcongnghehaiphong.com\/index.php?rest_route=%2Fwp%2Fv2%2Fcomments&post=931"}],"wp:featuredmedia":[{"embeddable":true,"href":"https:\/\/shopcongnghehaiphong.com\/index.php?rest_route=\/wp\/v2\/media\/932"}],"wp:attachment":[{"href":"https:\/\/shopcongnghehaiphong.com\/index.php?rest_route=%2Fwp%2Fv2%2Fmedia&parent=931"}],"wp:term":[{"taxonomy":"product_brand","embeddable":true,"href":"https:\/\/shopcongnghehaiphong.com\/index.php?rest_route=%2Fwp%2Fv2%2Fproduct_brand&post=931"},{"taxonomy":"product_cat","embeddable":true,"href":"https:\/\/shopcongnghehaiphong.com\/index.php?rest_route=%2Fwp%2Fv2%2Fproduct_cat&post=931"},{"taxonomy":"product_tag","embeddable":true,"href":"https:\/\/shopcongnghehaiphong.com\/index.php?rest_route=%2Fwp%2Fv2%2Fproduct_tag&post=931"}],"curies":[{"name":"wp","href":"https:\/\/api.w.org\/{rel}","templated":true}]}}