{"id":933,"date":"2025-01-09T14:22:43","date_gmt":"2025-01-09T07:22:43","guid":{"rendered":"https:\/\/shopcongnghehaiphong.com\/?post_type=product&#038;p=933"},"modified":"2025-01-09T14:30:11","modified_gmt":"2025-01-09T07:30:11","slug":"cpu-intel-pentium-g4400","status":"publish","type":"product","link":"https:\/\/shopcongnghehaiphong.com\/?product=cpu-intel-pentium-g4400","title":{"rendered":"CPU INTEL PENTIUM G4400"},"content":{"rendered":"<div class=\"col-md-12 col-lg-12 col-xl-8 content-single-product\">\n<div class=\"content-product\">\n<div class=\"content-in\">\n<h2><strong>CPU Intel pentium G4400<\/strong><\/h2>\n<p><strong>B\u1ed9 vi x\u1eed l\u00fd<\/strong>\u00a0<strong>Intel Pentium G4400<\/strong>\u00a0Skylake \u0111\u01b0\u1ee3c x\u00e2y d\u1ef1ng tr\u00ean n\u1ec1n t\u1ea3ng ki\u1ebfn tr\u00fac 14 nm c\u1ee7a Intel,\u00a0cung c\u1ea5p b\u01b0\u1edbc \u0111\u1ed9t ph\u00e1 v\u1ec1 hi\u1ec7u n\u0103ng v\u00e0 hi\u1ec7u qu\u1ea3 n\u0103ng l\u01b0\u1ee3ng so v\u1edbi ki\u1ebfn \u200b\u200btr\u00fac vi th\u1ebf h\u1ec7 tr\u01b0\u1edbc, mang l\u1ea1i hi\u1ec7u qu\u1ea3 v\u00e0 kh\u1ea3 n\u0103ng ph\u1ea3n \u1ee9ng c\u1ee7a h\u1ec7 th\u1ed1ng tuy\u1ec7t v\u1eddi, \u0111\u1ed3 h\u1ecda hi\u1ec7u su\u1ea5t cao, an ninh m\u1ea1nh m\u1ebd.<\/p>\n<p><strong>B\u1ed9 Vi X\u1eed L\u00fd\u00a0CPU Intel pentium G4400\u00a0(3.30GHz, 3M)\u00a0<\/strong>\u0111\u01b0\u1ee3c c\u1ea5u t\u1ea1o b\u1edfi 2 nh\u00e2n, 2 ph\u00e2n lu\u1ed3ng, v\u01a1\u0301i t\u00f4\u0301c \u0111\u00f4\u0323 3.3GHz v\u00e0 ngu\u1ed3n \u0111i\u1ec7n ti\u00eau th\u1ee5 51 watt, giu\u0301p mang \u0111\u1ebfn hi\u1ec7u qu\u1ea3 s\u1eed d\u1ee5ng r\u1ea5t cao cho ng\u01b0\u1eddi d\u00f9ng.<\/p>\n<p>B\u1ed9 vi x\u1eed l\u00fd\u00a0\u00a0<strong>Intel Pentium G4400\u00a0<\/strong>s\u1eed d\u1ee5ng socket LGA1151, s\u1ebd gi\u00fap b\u1ea1n gi\u1ea3m t\u1ed1i \u0111a \u0111\u1ed9 tr\u1ec5 c\u00e1c t\u00e1c v\u1ee5 ch\u01a1i Game c\u0169ng nh\u01b0 l\u00e0m vi\u1ec7c. \u0110\u00e1p \u1ee9ng t\u1ed1t nhu c\u1ea7u ch\u01a1i Game l\u1eabn c\u00f4ng vi\u1ec7c v\u1edbi hi\u1ec7u su\u1ea5t \u1ed5n \u0111\u1ecbnh trong su\u1ed1t qu\u00e1 tr\u00ecnh s\u1eed d\u1ee5ng.<\/p>\n<p><strong>Intel Pentium G4400\u00a0<\/strong>k\u1ebft h\u1ee3p v\u1edbi\u00a0\u0110\u1ed3 h\u1ecda t\u00edch h\u1ee3p Intel HD Graphics 510 cung c\u1ea5p \u0111\u1ed3 h\u1ecda c\u00f3 \u0111\u1ed9 n\u00e9t cao v\u00e0 tr\u1ea3i nghi\u1ec7m ph\u00e1t l\u1ea1i video ch\u1ea5t l\u01b0\u1ee3ng cao \u0111\u1ec3 \u0111\u00e1p \u1ee9ng m\u1ecdi nhu c\u1ea7u gi\u1ea3i tr\u00ed c\u1ee7a b\u1ea1n. \u0110\u1ed3ng th\u1eddi h\u1ed7 tr\u1ee3 4K, 3D, v\u00e0 th\u1eadm ch\u00ed thi\u1ebft l\u1eadp ba m\u00e0n h\u00ecnh.<\/p>\n<p><strong>Th\u00f4ng s\u1ed1 k\u1ef9 thu\u1eadt<\/strong><\/p>\n<h3><strong>Thi\u1ebft y\u1ebfu<\/strong><\/h3>\n<p><span class=\"label\">B\u1ed9 s\u01b0u t\u1eadp s\u1ea3n ph\u1ea9m:\u00a0<\/span><span class=\"value\" data-key=\"ProductGroup\">B\u1ed9 x\u1eed l\u00fd chu\u1ed7i Intel\u00ae Pentium\u00ae G<\/span><\/p>\n<p><span class=\"label\">T\u00ean m\u00e3:\u00a0<\/span><span class=\"value\" data-key=\"CodeNameText\">Skylake tr\u01b0\u1edbc \u0111\u00e2y c\u1ee7a ca\u0301c s\u1ea3n ph\u1ea9m<\/span><\/p>\n<p><span class=\"label\">Ph\u00e2n \u0111o\u1ea1n th\u1eb3ng:\u00a0<\/span><span class=\"value\" data-key=\"MarketSegment\">Desktop<\/span><\/p>\n<p><span class=\"label\">S\u00f4\u0301 hi\u00ea\u0323u B\u00f4\u0323 x\u01b0\u0309 ly\u0301:\u00a0<\/span><span class=\"value\" data-key=\"ProcessorNumber\">G4400<\/span><\/p>\n<p><span class=\"label\">Ti\u0300nh tra\u0323ng:\u00a0<\/span><span class=\"value\" data-key=\"StatusCodeText\">Launched<\/span><\/p>\n<p><span class=\"label\">Ng\u00e0y ph\u00e1t h\u00e0nh:\u00a0<\/span><span class=\"value\" data-key=\"BornOnDate\">Q3\u201915<\/span><\/p>\n<p><span class=\"label\">Thu\u1eadt in th\u1ea1ch b\u1ea3n:\u00a0<\/span><span class=\"value\" data-key=\"Lithography\">14 nm<\/span><\/p>\n<p><span class=\"label\">C\u00e1c h\u1ea1ng m\u1ee5c k\u00e8m theo:\u00a0<\/span><span class=\"value\" data-key=\"ItemsIncluded\">Thermal Solution \u2013 E97379<\/span><\/p>\n<p><span class=\"label\">\u0110i\u1ec1u ki\u1ec7n s\u1eed d\u1ee5ng:\u00a0<\/span><span class=\"value\" data-key=\"CertifiedUseConditions\">Embedded Broad Market Commercial Temp, PC\/Client\/Tablet<\/span><\/p>\n<h4 class=\"h2\"><strong>Hi\u1ec7u n\u0103ng<\/strong><\/h4>\n<p><span class=\"label\">S\u1ed1 l\u00f5i:\u00a0<\/span><span class=\"value\" data-key=\"CoreCount\">2<\/span><\/p>\n<p><span class=\"label\">S\u1ed1 lu\u1ed3ng:\u00a0<\/span><span class=\"value\" data-key=\"ThreadCount\">2<\/span><\/p>\n<p><span class=\"label\">T\u1ea7n s\u1ed1 c\u01a1 s\u1edf c\u1ee7a b\u1ed9 x\u1eed l\u00fd<\/span><span class=\"value\" data-key=\"ClockSpeed\">3.30 GHz<\/span><\/p>\n<p><span class=\"label\">B\u00f4\u0323 nh\u01a1\u0301 \u0111\u00ea\u0323m:\u00a0<\/span><span class=\"value\" data-key=\"Cache\">3 MB SmartCache<\/span><\/p>\n<p><span class=\"label\">Bus Speed:\u00a0<\/span><span class=\"value\" data-key=\"Bus\">8 GT\/s DMI3<\/span><\/p>\n<p><span class=\"label\">TDP:\u00a0<\/span><span class=\"value\" data-key=\"MaxTDP\">54 W<\/span><\/p>\n<h4 class=\"h2\"><strong>Th\u00f4ng s\u1ed1 b\u1ed9 nh\u1edb<\/strong><\/h4>\n<p><span class=\"label\">Dung l\u01b0\u1ee3ng b\u1ed9 nh\u1edb t\u1ed1i \u0110a (t\u00f9y v\u00e0o lo\u1ea1i b\u1ed9 nh\u1edb)<\/span><span class=\"value\" data-key=\"MaxMem\">64 GB<\/span><\/p>\n<p><span class=\"label\">Ca\u0301c loa\u0323i b\u00f4\u0323 nh\u01a1\u0301:\u00a0<\/span><span class=\"value\" data-key=\"MemoryTypes\">DDR4-1866\/2133, DDR3L-1333\/1600 @ 1.35V<\/span><\/p>\n<p><span class=\"label\">S\u1ed1 K\u00eanh B\u1ed9 Nh\u1edb T\u1ed1i \u0110a<\/span><span class=\"value\" data-key=\"NumMemoryChannels\">2<\/span><\/p>\n<p><span class=\"label\">B\u0103ng th\u00f4ng b\u1ed9 nh\u1edb t\u1ed1i \u0111a<\/span><span class=\"value\" data-key=\"MaxMemoryBandwidth\">34.1 GB\/s<\/span><\/p>\n<p><span class=\"label\">H\u1ed7 tr\u1ee3 B\u1ed9 nh\u1edb ECC\u00a0<small><sup>\u2021<\/sup><\/small><\/span><span class=\"value\" data-key=\"ECCMemory\">C\u00f3<\/span><\/p>\n<h4 class=\"h2\"><strong>\u0110\u1ed3 h\u1ecda B\u1ed9 x\u1eed l\u00fd<\/strong><\/h4>\n<p><span class=\"label\">\u0110\u1ed3 h\u1ecda b\u1ed9 x\u1eed l\u00fd\u00a0<small><sup>\u2021<\/sup><\/small><\/span><span class=\"value\" data-key=\"ProcessorGraphicsModelId\">\u0110\u1ed3 h\u1ecda HD Intel\u00ae 510<\/span><\/p>\n<p><span class=\"label\">T\u1ea7n s\u1ed1 c\u01a1 s\u1edf \u0111\u1ed3 h\u1ecda:\u00a0<\/span><span class=\"value\" data-key=\"GraphicsFreq\">350 MHz<\/span><\/p>\n<p><span class=\"label\">T\u1ea7n s\u1ed1 \u0111\u1ed9ng t\u1ed1i \u0111a \u0111\u00f4\u0300 h\u1ecda<\/span><span class=\"value\" data-key=\"GraphicsMaxFreq\">1.00 GHz<\/span><\/p>\n<p><span class=\"label\">B\u1ed9 nh\u1edb t\u1ed1i \u0111a video \u0111\u00f4\u0300 h\u1ecda:\u00a0<\/span><span class=\"value\" data-key=\"GraphicsMaxMem\">64 GB<\/span><\/p>\n<p><span class=\"label\">\u0110\u1ea7u ra \u0111\u1ed3 h\u1ecda:\u00a0<\/span><span class=\"value\" data-key=\"GraphicsOutput\">eDP\/DP\/HDMI\/DVI<\/span><\/p>\n<p><span class=\"label\">H\u1ed7 Tr\u1ee3 4K:\u00a0<\/span><span class=\"value\" data-key=\"Graphics4KSupportLevel\">Yes, at 60Hz<\/span><\/p>\n<p><span class=\"label\">\u0110\u1ed9 Ph\u00e2n Gi\u1ea3i T\u1ed1i \u0110a (HDMI 1.4)\u2021<\/span><span class=\"value\" data-key=\"GraphicsMaxResolutionHDMI\">4096\u00d72304@24Hz<\/span><\/p>\n<p><span class=\"label\">\u0110\u1ed9 Ph\u00e2n Gi\u1ea3i T\u1ed1i \u0110a (DP)\u2021<\/span><span class=\"value\" data-key=\"GraphicsMaxResolutionDP\">4096\u00d72304@60Hz<\/span><\/p>\n<p><span class=\"label\">\u0110\u1ed9 Ph\u00e2n Gi\u1ea3i T\u1ed1i \u0110a (eDP \u2013 Integrated Flat Panel)\u2021<\/span><span class=\"value\" data-key=\"GraphicsMaxResolutionIFP\">4096\u00d72304@60Hz<\/span><\/p>\n<p><span class=\"label\">\u0110\u1ed9 Ph\u00e2n Gi\u1ea3i T\u1ed1i \u0110a (VGA)\u2021<\/span><span class=\"value\" data-key=\"GraphicsMaxResoluionVGA\">N\/A<\/span><\/p>\n<p><span class=\"label\">H\u00f4\u0303 Tr\u1ee3 DirectX*<\/span><span class=\"value\" data-key=\"GraphicsDirectXSupport\">12<\/span><\/p>\n<p><span class=\"label\">H\u00f4\u0303 Tr\u1ee3 OpenGL*<\/span><span class=\"value\" data-key=\"GraphicsOpenGLSupport\">4.4<\/span><\/p>\n<p><span class=\"label\">\u0110\u1ed3ng b\u1ed9 nhanh h\u00ecnh \u1ea3nh Intel\u00ae<\/span><span class=\"value\" data-key=\"QuickSyncVideo\">C\u00f3<\/span><\/p>\n<p><span class=\"label\">C\u00f4ng ngh\u00ea\u0323 Intel\u00ae InTru\u2122 3D:\u00a0<\/span><span class=\"value\" data-key=\"InTru3D\">C\u00f3<\/span><\/p>\n<p><span class=\"label\">C\u00f4ng ngh\u1ec7 video HD r\u00f5 n\u00e9t Intel\u00ae<\/span><span class=\"value\" data-key=\"CVTHD\">C\u00f3<\/span><\/p>\n<p><span class=\"label\">C\u00f4ng ngh\u1ec7 video r\u00f5 n\u00e9t Intel\u00ae<\/span><span class=\"value\" data-key=\"ClearVideoTechnology\">C\u00f3<\/span><\/p>\n<p><span class=\"label\">S\u1ed1 m\u00e0n h\u00ecnh \u0111\u01b0\u1ee3c h\u1ed7 tr\u1ee3\u00a0<small><sup>\u2021<\/sup><\/small><\/span><span class=\"value\" data-key=\"NumDisplaysSupported\">3<\/span><\/p>\n<p><span class=\"label\">ID Thi\u1ebft B\u1ecb\u00a0<\/span><span class=\"value\" data-key=\"GraphicsDeviceId\">0x1902<\/span><\/p>\n<h4 class=\"h2\"><strong>C\u00e1c t\u00f9y ch\u1ecdn m\u1edf r\u1ed9ng<\/strong><\/h4>\n<p><span class=\"label\">Kh\u1ea3 n\u0103ng m\u1edf r\u1ed9ng\u00a0<\/span><span class=\"value\" data-key=\"ScalableSockets\">1S Only<\/span><\/p>\n<p><span class=\"label\">Phi\u00ean b\u1ea3n PCI Express\u00a0<\/span><span class=\"value\" data-key=\"PCIExpressRevision\">3.0<\/span><\/p>\n<p><span class=\"label\">C\u1ea5u h\u00ecnh PCI Express\u00a0<small><sup>\u2021<\/sup><\/small><\/span><span class=\"value\" data-key=\"PCIExpressConfigs\">Up to 1\u00d716, 2\u00d78, 1\u00d78+2\u00d74<\/span><\/p>\n<p><span class=\"label\">S\u1ed1 c\u1ed5ng PCI Express t\u1ed1i \u0111a\u00a0<\/span><span class=\"value\" data-key=\"NumPCIExpressPorts\">16<\/span><\/p>\n<h4 class=\"h2\"><strong>Th\u00f4ng s\u1ed1 g\u00f3i<\/strong><\/h4>\n<p><span class=\"label\">H\u1ed7 tr\u1ee3 socket\u00a0<\/span><span class=\"value\" data-key=\"SocketsSupported\">FCLGA1151<\/span><\/p>\n<p><span class=\"label\">C\u1ea5u h\u00ecnh CPU t\u1ed1i \u0111a\u00a0<\/span><span class=\"value\" data-key=\"MaxCPUs\">1<\/span><\/p>\n<p><span class=\"label\">Th\u00f4ng s\u1ed1 gi\u1ea3i ph\u00e1p Nhi\u1ec7t\u00a0<\/span><span class=\"value\" data-key=\"ThermalSolutionSpecification\">PCG 2015C (65W)<\/span><\/p>\n<p><span class=\"label\">K\u00edch th\u01b0\u1edbc g\u00f3i<\/span><span class=\"value\" data-key=\"PackageSize\">37.5mm x 37.5mm<\/span><\/p>\n<p><span class=\"label\">C\u00f3 s\u1eb5n T\u00f9y ch\u1ecdn halogen th\u1ea5p\u00a0<\/span><span class=\"value\" data-key=\"IsHalogenFree\">No<\/span><\/p>\n<h4 class=\"h2\"><strong>C\u00e1c c\u00f4ng ngh\u1ec7 ti\u00ean ti\u1ebfn<\/strong><\/h4>\n<p><span class=\"label\">H\u1ed7 tr\u1ee3 b\u1ed9 nh\u1edb Intel\u00ae Optane\u2122\u00a0<small><sup>\u2021<\/sup><\/small><\/span><span class=\"value\" data-key=\"OptaneMemorySupport\">Kh\u00f4ng<\/span><\/p>\n<p><span class=\"label\">C\u00f4ng ngh\u1ec7 Intel\u00ae Turbo Boost\u00a0<small><sup>\u2021<\/sup><\/small><\/span><span class=\"value\" data-key=\"TBTVersion\">Kh\u00f4ng<\/span><\/p>\n<p><span class=\"label\">\u0110i\u1ec1u ki\u1ec7n h\u1ee3p l\u1ec7 n\u1ec1n t\u1ea3ng Intel\u00ae vPro\u2122\u00a0<small><sup>\u2021<\/sup><\/small><\/span><span class=\"value\" data-key=\"VProTechnology\">Kh\u00f4ng<\/span><\/p>\n<p><span class=\"label\">C\u00f4ng ngh\u1ec7 si\u00eau Ph\u00e2n lu\u1ed3ng Intel\u00ae\u00a0<small><sup>\u2021<\/sup><\/small><\/span><span class=\"value\" data-key=\"HyperThreading\">Kh\u00f4ng<\/span><\/p>\n<p><span class=\"label\">C\u00f4ng ngh\u1ec7 \u1ea3o h\u00f3a Intel\u00ae (VT-x)\u00a0<small><sup>\u2021<\/sup><\/small><\/span><span class=\"value\" data-key=\"VTX\">C\u00f3<\/span><\/p>\n<p><span class=\"label\">C\u00f4ng ngh\u1ec7 \u1ea3o h\u00f3a Intel\u00ae cho nh\u1eadp\/xu\u1ea5t \u0111\u01b0\u1ee3c h\u01b0\u1edbng v\u00e0o (VT-d)\u00a0<small><sup>\u2021<\/sup><\/small><\/span><span class=\"value\" data-key=\"VTD\">C\u00f3<\/span><\/p>\n<p><span class=\"label\">Intel\u00ae VT-x v\u1edbi b\u1ea3ng trang m\u1edf r\u1ed9ng\u00a0<small><sup>\u2021<\/sup><\/small><\/span><span class=\"value\" data-key=\"ExtendedPageTables\">C\u00f3<\/span><\/p>\n<p><span class=\"label\">Intel\u00ae TSX-NI\u00a0<\/span><span class=\"value\" data-key=\"TransactionalSynchronizationExtensionVersion\">Kh\u00f4ng<\/span><\/p>\n<p><span class=\"label\">Intel\u00ae 64\u00a0<small><sup>\u2021<\/sup><\/small><\/span><span class=\"value\" data-key=\"EM64\">C\u00f3<\/span><\/p>\n<p><span class=\"label\">B\u1ed9 h\u01b0\u1edbng d\u1eabn\u00a0<\/span><span class=\"value\" data-key=\"InstructionSet\">64-bit<\/span><\/p>\n<p><span class=\"label\">Ph\u1ea7n m\u1edf r\u1ed9ng b\u1ed9 h\u01b0\u1edbng d\u1eabn\u00a0<\/span><span class=\"value\" data-key=\"InstructionSetExtensions\">Intel\u00ae SSE4.1, Intel\u00ae SSE4.2<\/span><\/p>\n<p><span class=\"label\">Tr\u1ea1ng th\u00e1i ch\u1ea1y kh\u00f4ng<\/span><span class=\"value\" data-key=\"HaltState\">C\u00f3<\/span><\/p>\n<p><span class=\"label\">C\u00f4ng ngh\u1ec7 Intel SpeedStep\u00ae n\u00e2ng cao\u00a0<\/span><span class=\"value\" data-key=\"SpeedstepTechnology\">C\u00f3<\/span><\/p>\n<p><span class=\"label\">C\u00f4ng ngh\u1ec7 theo d\u00f5i nhi\u1ec7t\u00a0<\/span><span class=\"value\" data-key=\"ThermalMonitoring2Indicator\">C\u00f3<\/span><\/p>\n<p><span class=\"label\">C\u00f4ng ngh\u1ec7 b\u1ea3o v\u1ec7 danh t\u00ednh Intel\u00ae\u00a0<small><sup>\u2021<\/sup><\/small><\/span><span class=\"value\" data-key=\"IdentityProtectionTechVersion\">C\u00f3<\/span><\/p>\n<p><span class=\"label\">Ch\u01b0\u01a1ng tr\u00ecnh n\u1ec1n \u1ea3nh c\u1ed1 \u0111\u1ecbnh Intel\u00ae (SIPP)<\/span><span class=\"value\" data-key=\"StableImagePlatformProgramVersion\">Kh\u00f4ng<\/span><\/p>\n<h4 class=\"h2\"><strong>B\u1ea3o m\u1eadt &amp; \u0111\u1ed9 tin c\u1eady<\/strong><\/h4>\n<p><span class=\"label\">Intel\u00ae AES New Instructions\u00a0<\/span><span class=\"value\" data-key=\"AESTech\">C\u00f3<\/span><\/p>\n<p><span class=\"label\">Kh\u00f3a b\u1ea3o m\u1eadt\u00a0<\/span><span class=\"value\" data-key=\"SecureKeyTechVersion\">C\u00f3<\/span><\/p>\n<p><span class=\"label\">M\u1edf R\u1ed9ng B\u1ea3o V\u1ec7 Ph\u1ea7n M\u1ec1m Intel\u00ae (Intel\u00ae SGX)<\/span><span class=\"value\" data-key=\"SoftwareGuardExtensions\">Yes with Intel\u00ae ME<\/span><\/p>\n<p><span class=\"label\">Intel\u00ae Memory Protection Extensions (Intel\u00ae MPX)<\/span><span class=\"value\" data-key=\"MemoryProtectionExtensionsVersion\">Kh\u00f4ng<\/span><\/p>\n<p><span class=\"label\">Intel\u00ae OS Guard\u00a0<\/span><span class=\"value\" data-key=\"OSGuardTechVersion\">Kh\u00f4ng<\/span><\/p>\n<p><span class=\"label\">C\u00f4ng ngh\u1ec7 Intel\u00ae Trusted Execution\u00a0<small><sup>\u2021<\/sup><\/small><\/span><span class=\"value\" data-key=\"TXT\">Kh\u00f4ng<\/span><\/p>\n<p><span class=\"label\">Bit v\u00f4 hi\u1ec7u h\u00f3a th\u1ef1c thi\u00a0<small><sup>\u2021<\/sup><\/small><\/span><span class=\"value\" data-key=\"ExecuteDisable\">C\u00f3<\/span><\/p>\n<p><span class=\"label\">Intel\u00ae Boot Guard\u00a0<\/span><span class=\"value\" data-key=\"DeviceProtectionTechBootGuardVersion\">C\u00f3<\/span><\/p>\n<p><img decoding=\"async\" class=\"aligncenter\" src=\"https:\/\/haiphongcomputer.vn\/wp-content\/uploads\/2021\/03\/hpc.jpg\" \/><\/p>\n<p><em><strong>D\u1ecbch v\u1ee5 \u0111i k\u00e8m c\u1ee7a H\u1ea3i Ph\u00f2ng Computer<\/strong><\/em><\/p>\n<ul>\n<li>Linh ki\u1ec7n ch\u00ednh h\u00e3ng ,b\u1ea3o h\u00e0nh d\u00e0i l\u00e2u<\/li>\n<li>H\u1ed7 tr\u1ee3 c\u00e0i \u0111\u1eb7t ph\u1ea7n m\u1ec1m \u1ee9ng d\u1ee5ng<\/li>\n<li>Linh ki\u1ec7n \u0111\u01b0\u1ee3c l\u1ef1a ch\u1ecdn , s\u00e0ng l\u1ecdc k\u1ef9 c\u00e0ng v\u1edbi \u0111\u1ed9 b\u1ec1n cao, ch\u1ebf \u0111\u1ed9 b\u1ea3o h\u00e0nh t\u1eadn nh\u00e0 t\u1ea1i H\u1ea3i Ph\u00f2ng v\u00e0 giao h\u00e0ng t\u1eadn n\u01a1i .<\/li>\n<li>Ch\u1ebf \u0111\u1ed9 b\u1ea3o h\u00e0nh d\u00e0i l\u00e2u . H\u1ed7 tr\u1ee3 v\u1ec7 sinh b\u1ea3o d\u01b0\u1ee1ng Pc mi\u1ec5n ph\u00ed cho kh\u00e1ch h\u00e0ng s\u1eed d\u1ee5ng s\u1ea3n ph\u1ea9m c\u1ee7a\u00a0<strong>H\u1ea3i Ph\u00f2ng Computer<\/strong>\u00a0.<\/li>\n<li>\u0110\u1ec3 \u0111\u01b0\u1ee3c t\u01b0 v\u1ea5n th\u00eam v\u1ec1 c\u1ea5u h\u00ecnh n\u00e0o ph\u00f9 h\u1ee3p nh\u1ea5t v\u1edbi b\u1ea1n , ch\u1ec9 c\u1ea7n nh\u1ea5c m\u00e1y li\u00ean h\u1ec7 ngay cho ch\u00fang t\u00f4i\u00a0<strong>HOTLINE : 0899.256.166<\/strong>\u00a0ho\u1eb7c li\u00ean h\u1ec7\u00a0<strong>Fanpage : H\u1ea3i Ph\u00f2ng Computer<\/strong><\/li>\n<\/ul>\n<p>H\u1ebft r\u1ed3i ! H\u1ea3i Ph\u00f2ng Computer ch\u00fac b\u1ea1n t\u00ecm \u0111\u01b0\u1ee3c s\u1ea3n ph\u1ea9m ph\u00f9 h\u1ee3p v\u1edbi nhu c\u1ea7u v\u00e0 c\u00f4ng vi\u1ec7c .<\/p>\n<p><strong>H\u1ea3i Ph\u00f2ng Computer chuy\u00ean cung c\u1ea5p\u00a0pc v\u0103n ph\u00f2ng gi\u00e1 r\u1ebb\u00a0,\u00a0pc gaming\u00a0c\u1ea5u h\u00ecnh cao ,\u00a0m\u00e1y case \u0111\u1ed3ng b\u1ed9 ,..<\/strong><\/p>\n<div>\n<div>\n<p><strong>Linh ki\u1ec7n m\u00e1y t\u00ednh gi\u00e1 r\u1ebb H\u1ea3i Ph\u00f2ng<\/strong><\/p>\n<\/div>\n<\/div>\n<\/div>\n<\/div>\n<\/div>\n<div class=\"d-none d-sm-block col-md-12 col-lg-12 col-xl-4 content-single-product\">\n<div class=\"content-product\"><\/div>\n<\/div>\n","protected":false},"excerpt":{"rendered":"<div class=\"title-list-h\">Th\u00f4ng s\u1ed1 s\u1ea3n ph\u1ea9m<\/div>\n<ul>\n<li>CPU: Pentium G4400<\/li>\n<li>Socket: LGA 1151<\/li>\n<li>Ki\u00ea\u0301n tru\u0301c: Skylake (14 nm)<\/li>\n<li>Code name: Skylake<\/li>\n<\/ul>\n","protected":false},"featured_media":934,"comment_status":"open","ping_status":"closed","template":"","meta":{"_acf_changed":false},"product_brand":[],"product_cat":[41],"product_tag":[],"class_list":{"0":"post-933","1":"product","2":"type-product","3":"status-publish","4":"has-post-thumbnail","6":"product_cat-cpu-bo-vi-xu-ly","8":"first","9":"instock","10":"sale","11":"shipping-taxable","12":"purchasable","13":"product-type-simple"},"acf":[],"_links":{"self":[{"href":"https:\/\/shopcongnghehaiphong.com\/index.php?rest_route=\/wp\/v2\/product\/933","targetHints":{"allow":["GET"]}}],"collection":[{"href":"https:\/\/shopcongnghehaiphong.com\/index.php?rest_route=\/wp\/v2\/product"}],"about":[{"href":"https:\/\/shopcongnghehaiphong.com\/index.php?rest_route=\/wp\/v2\/types\/product"}],"replies":[{"embeddable":true,"href":"https:\/\/shopcongnghehaiphong.com\/index.php?rest_route=%2Fwp%2Fv2%2Fcomments&post=933"}],"wp:featuredmedia":[{"embeddable":true,"href":"https:\/\/shopcongnghehaiphong.com\/index.php?rest_route=\/wp\/v2\/media\/934"}],"wp:attachment":[{"href":"https:\/\/shopcongnghehaiphong.com\/index.php?rest_route=%2Fwp%2Fv2%2Fmedia&parent=933"}],"wp:term":[{"taxonomy":"product_brand","embeddable":true,"href":"https:\/\/shopcongnghehaiphong.com\/index.php?rest_route=%2Fwp%2Fv2%2Fproduct_brand&post=933"},{"taxonomy":"product_cat","embeddable":true,"href":"https:\/\/shopcongnghehaiphong.com\/index.php?rest_route=%2Fwp%2Fv2%2Fproduct_cat&post=933"},{"taxonomy":"product_tag","embeddable":true,"href":"https:\/\/shopcongnghehaiphong.com\/index.php?rest_route=%2Fwp%2Fv2%2Fproduct_tag&post=933"}],"curies":[{"name":"wp","href":"https:\/\/api.w.org\/{rel}","templated":true}]}}