{"id":948,"date":"2025-01-09T14:43:31","date_gmt":"2025-01-09T07:43:31","guid":{"rendered":"https:\/\/shopcongnghehaiphong.com\/?post_type=product&#038;p=948"},"modified":"2025-01-09T14:43:31","modified_gmt":"2025-01-09T07:43:31","slug":"cpu-intel-celeron-g5905","status":"publish","type":"product","link":"https:\/\/shopcongnghehaiphong.com\/?product=cpu-intel-celeron-g5905","title":{"rendered":"CPU INTEL Celeron G5905"},"content":{"rendered":"<h3 align=\"center\">CPU Intel Celeron G5905 (Upto 3.50 GHz | 2 nh\u00e2n 2 lu\u1ed3ng | FCLGA1200 | 4MB)<\/h3>\n<p><strong>B\u1ed9 x\u1eed l\u00fd\u00a0Intel\u00a0Celeron G5905<\/strong>\u00a0l\u00e0 s\u1ea3n ph\u1ea9m\u00a0<strong>CPU<\/strong>\u00a0ph\u00f9 h\u1ee3p \u0111\u1ec3 c\u00e2y d\u1ef1ng h\u1ec7 th\u1ed1ng c\u00e1c m\u00e1y t\u00ednh v\u0103n ph\u00f2ng v\u00e0 tr\u01b0\u1eddng h\u1ecdc, v\u1edbi chi ph\u00ed th\u1ea5p nh\u01b0ng \u0111em l\u1ea1i<em class=\"Highlight\">\u00a0hi\u1ec7u qu\u1ea3\u00a0<\/em><em class=\"Highlight\">c\u00f4<\/em>ng vi\u1ec7c cao.<\/p>\n<p><strong><em class=\"Highlight\">C\u00f4<\/em>ng ngh\u1ec7 ti\u00ean ti\u1ebfn th\u00fac \u0111\u1ea9y\u00a0<em class=\"Highlight\">c\u00f4<\/em>ng vi\u1ec7c<\/strong><\/p>\n<p><strong>B\u1ed9 x\u1eed l\u00fd\u00a0Intel Celeron G5905\u00a0<\/strong>l\u00e0 s\u1ea3n ph\u1ea9m thu\u1ed9c d\u00f2ng\u00a0Comet Lake \u0111\u01b0\u1ee3c s\u1ea3n xu\u1ea5t tr\u00ean ti\u1ebfn tringh 14nm c\u1ee7a Intel, h\u1ed7 tr\u1ee3 socket FCLGA1200 t\u01b0\u01a1ng th\u00edch v\u1edbi c\u00e1c bo m\u1ea1ch ch\u1ee7 d\u1ef1a tr\u00ean Chipset 400 series c\u1ee7a Intel.<\/p>\n<p>S\u1ea3n ph\u1ea9m \u0111\u01b0\u1ee3c t\u00edch h\u1ee3p s\u1eb5n\u00a0<em class=\"Highlight\">c\u00f4<\/em>ng ngh\u1ec7 x\u1eed l\u00fd \u0111\u1ed3 h\u1ecda Intel\u00ae UHD Graphics 610, ti\u1ebft ki\u1ec7m chi ph\u00ed khi ng\u01b0\u1eddi d\u00f9ng kh\u00f4ng ph\u1ea3i \u0111\u1ea7u t\u01b0 th\u00eam cho card \u0111\u1ed3 h\u1ecda r\u1eddi.<\/p>\n<p><strong>Intel Celeron G5905<\/strong>\u00a0h\u1ed7 tr\u1ee3 b\u1ed9 nh\u1edb RAM\u00a0DDR4-2666 v\u1edbi dung l\u01b0\u1ee3ng l\u00ean \u0111\u1ebfn 128GB. CPU Intel s\u1eed h\u1eefu 2 nh\u00e2n 2 lu\u1ed3ng v\u1edbi b\u1ed9 nh\u1edb \u0111\u1ec7m 4MB, xung nh\u1ecbp c\u01a1 b\u1ea3n 3.50GHz.<\/p>\n<p>Ti\u1ebft ki\u1ec7m chi ph\u00ed v\u1edbi \u0111i\u1ec7n \u00e1p ti\u00eau th\u1ee5 t\u1ed1i \u0111a ch\u1ec9 58W.<\/p>\n<p><strong>CPU Intel Celeron G590 \u0111\u00e1ng tin c\u1eady cho h\u1ec7 th\u1ed1ng<\/strong><\/p>\n<p><strong>B\u1ed9 x\u1eed l\u00fd\u00a0Intel Celeron G5905\u00a0<\/strong>ph\u00f9 h\u1ee3p cho nh\u1eefng h\u1ec7 th\u1ed1ng m\u00e1y t\u00ednh ph\u1ee5c v\u1ee5 c\u00e1c\u00a0<em class=\"Highlight\">c\u00f4<\/em>ng vi\u1ec7c t\u00ednh to\u00e1n, k\u1ebf to\u00e1n c\u01a1 b\u1ea3n c\u1ee7a c\u00e1c v\u0103n ph\u00f2ng, hay h\u1ec7 th\u1ed1ng m\u00e1y t\u00ednh t\u1ea1i c\u00e1c tr\u01b0\u1eddng h\u1ecdc \u0111\u1ec3 ph\u1ee5c v\u1ee5\u00a0<em class=\"Highlight\">c\u00f4<\/em>ng vi\u1ec7c h\u1ecdc t\u1eadp, \u0111\u00e0o t\u1ea1o, gi\u1ea3ng d\u1ea1y.<\/p>\n<p>\u0110\u00f4ng th\u1eddi s\u1ea3n ph\u1ea9m c\u0169ng ph\u00f9 h\u1ee3p cho c\u00e1c h\u1ed9 gia \u0111\u00ecnh v\u1edbi nhu c\u1ea7u v\u1ec1 m\u1ed9t m\u00e1y t\u00ednh kh\u00f4ng qu\u00e1 \u0111\u1eaft ti\u1ec1n ph\u1ee5c v\u1ee5 cho c\u00e1c\u00a0<em class=\"Highlight\">c\u00f4<\/em>ng vi\u1ec7c nh\u01b0 \u0111\u1ecdc b\u00e1o, nghe nh\u1ea1c, xem phim, l\u01b0\u1edbt web hay c\u00f3 th\u1ec3 l\u00e0m m\u1ed9t m\u00e1y chi\u1ebfu phim HD ch\u1ea5t l\u01b0\u1ee3ng cao cho nh\u1eefng bu\u1ed5i t\u1ee5 t\u1eadp.<\/p>\n","protected":false},"excerpt":{"rendered":"<div class=\"title-list-h\">Th\u00f4ng s\u1ed1 s\u1ea3n ph\u1ea9m<\/div>\n<ul>\n<li>Socket: FCLGA1200<\/li>\n<li>S\u1ed1 l\u00f5i\/lu\u1ed3ng: 2\/2<\/li>\n<li>T\u1ea7n s\u1ed1 c\u01a1 b\u1ea3n\/turbo: Upto 3.50 GHz<\/li>\n<li>B\u1ed9 nh\u1edb \u0111\u1ec7m: 4MB<\/li>\n<\/ul>\n","protected":false},"featured_media":949,"comment_status":"open","ping_status":"closed","template":"","meta":{"_acf_changed":false},"product_brand":[],"product_cat":[41],"product_tag":[],"class_list":{"0":"post-948","1":"product","2":"type-product","3":"status-publish","4":"has-post-thumbnail","6":"product_cat-cpu-bo-vi-xu-ly","8":"first","9":"instock","10":"sale","11":"shipping-taxable","12":"purchasable","13":"product-type-simple"},"acf":[],"_links":{"self":[{"href":"https:\/\/shopcongnghehaiphong.com\/index.php?rest_route=\/wp\/v2\/product\/948","targetHints":{"allow":["GET"]}}],"collection":[{"href":"https:\/\/shopcongnghehaiphong.com\/index.php?rest_route=\/wp\/v2\/product"}],"about":[{"href":"https:\/\/shopcongnghehaiphong.com\/index.php?rest_route=\/wp\/v2\/types\/product"}],"replies":[{"embeddable":true,"href":"https:\/\/shopcongnghehaiphong.com\/index.php?rest_route=%2Fwp%2Fv2%2Fcomments&post=948"}],"wp:featuredmedia":[{"embeddable":true,"href":"https:\/\/shopcongnghehaiphong.com\/index.php?rest_route=\/wp\/v2\/media\/949"}],"wp:attachment":[{"href":"https:\/\/shopcongnghehaiphong.com\/index.php?rest_route=%2Fwp%2Fv2%2Fmedia&parent=948"}],"wp:term":[{"taxonomy":"product_brand","embeddable":true,"href":"https:\/\/shopcongnghehaiphong.com\/index.php?rest_route=%2Fwp%2Fv2%2Fproduct_brand&post=948"},{"taxonomy":"product_cat","embeddable":true,"href":"https:\/\/shopcongnghehaiphong.com\/index.php?rest_route=%2Fwp%2Fv2%2Fproduct_cat&post=948"},{"taxonomy":"product_tag","embeddable":true,"href":"https:\/\/shopcongnghehaiphong.com\/index.php?rest_route=%2Fwp%2Fv2%2Fproduct_tag&post=948"}],"curies":[{"name":"wp","href":"https:\/\/api.w.org\/{rel}","templated":true}]}}