{"id":950,"date":"2025-01-09T14:46:07","date_gmt":"2025-01-09T07:46:07","guid":{"rendered":"https:\/\/shopcongnghehaiphong.com\/?post_type=product&#038;p=950"},"modified":"2025-01-09T14:46:07","modified_gmt":"2025-01-09T07:46:07","slug":"cpu-intel-core-i3-10100f-tray","status":"publish","type":"product","link":"https:\/\/shopcongnghehaiphong.com\/?product=cpu-intel-core-i3-10100f-tray","title":{"rendered":"CPU INTEL CORE I3-10100F TRAY"},"content":{"rendered":"<div class=\"col-md-12 col-lg-12 col-xl-8 content-single-product\">\n<div class=\"content-product\">\n<div class=\"content-in\">\n<h2 class=\"ddnb-title spct-title\">\u0110\u00e1nh gi\u00e1 s\u1ea3n ph\u1ea9m CPU Intel Core i3-10100F<\/h2>\n<p><strong>CPU Intel Core i3-10100F\u00a0(3.6GHz turbo up to 4.3Ghz, 4 nh\u00e2n 8 lu\u1ed3ng, 6MB Cache, 65W) \u2013 Socket Intel LGA 1200.<\/strong>l\u00e0 CPU ho\u00e0n h\u1ea3o cho c\u00e1c b\u1ed9 m\u00e1y ch\u01a1i game c\u01a1 b\u1ea3n v\u00e0 t\u1ea7m trung v\u1edbi vi\u1ec7c l\u01b0\u1ee3c b\u1ecf GPU t\u00edch h\u1ee3p \u0111\u00e3 khi\u1ebfn cho gi\u00e1 th\u00e0nh d\u1ec5 ti\u1ebfp c\u1eadn h\u01a1n r\u1ea5t nhi\u1ec1u.<\/p>\n<h3>Si\u00eau ph\u00e2n lu\u1ed3ng tr\u1edf l\u1ea1i v\u1edbi d\u00f2ng i3<\/h3>\n<p>Sau g\u1ea7n 3 n\u0103m d\u00e0i \u0111\u1eb1ng \u0111\u1eb5ng, nay c\u00e1c CPU i3 \u0111\u00e3 \u0111\u01b0\u1ee3c cung c\u1ea5p c\u00f4ng ngh\u1ec7 si\u00eau ph\u00e2n lu\u1ed3ng tr\u1edf l\u1ea1i. V\u1edbi s\u1ed1 nh\u00e2n s\u1ed1 lu\u1ed3ng v\u01b0\u1ee3t tr\u1ed9i so v\u1edbi c\u00e1c th\u1ebf h\u1ec7 c\u0169, i3-10100F \u0111\u00e3 c\u00f3 th\u1ec3 s\u00e1nh ngang th\u1eadm ch\u00ed m\u1ea1nh h\u01a1n so v\u1edbi chi\u1ebfc i7-7700 c\u1ee7a n\u0103m 2017.<\/p>\n<h3>H\u1ec7 sinh th\u00e1i \u0111\u00e3 kh\u1eb3ng \u0111\u1ecbnh \u0111\u01b0\u1ee3c \u0111\u1eb3ng c\u1ea5p<\/h3>\n<p>Intel \u0111\u00e3 l\u00e0m vi\u1ec7c ch\u1eb7t ch\u1ebd v\u1edbi nh\u1eefng nh\u00e0 s\u1ea3n xu\u1ea5t ph\u1ea7n c\u1ee9ng c\u0169ng nh\u01b0 ph\u1ea7n m\u1ec1m \u0111\u1ec3 \u0111\u1ea3m b\u1ea3o m\u1ecdi th\u1ee9 c\u00f3 th\u1ec3 ch\u1ea1y m\u1ed9t c\u00e1ch ho\u00e0n h\u1ea3o tr\u00ean nh\u1eefng h\u1ec7 th\u1ed1ng c\u1ee7a h\u00e3ng. Nh\u1eefng ai y\u00eau th\u00edch s\u1ef1 l\u00e0nh t\u00ednh ch\u1eafc ch\u1eafn s\u1ebd kh\u00f4ng th\u1ec3 b\u1ecf qua nh\u1eefng g\u00ec m\u00e0 Intel mang l\u1ea1i.<\/p>\n<h3>Game l\u00e0 s\u1edf tr\u01b0\u1eddng c\u1ee7a i3-10100F<\/h3>\n<p>Chi ph\u00ed \u0111\u1ea7u t\u01b0 ban \u0111\u1ea7u r\u1ea5t r\u1ebb nh\u01b0ng nh\u1eefng g\u00ec m\u00e0 10100F mang l\u1ea1i s\u1ebd kh\u00f4ng l\u00e0m b\u1ea1n ph\u1ea3i th\u1ea5t v\u1ecdng. C\u00e1c t\u1ef1a game online \u0111\u00f2i h\u1ecfi c\u1ea5u h\u00ecnh cao nh\u01b0 COD:WZ, Apex Legends, Dota 2, LOL \u2026\u00a0 \u0111\u1ec1u \u0111\u01b0\u1ee3c CPU n\u00e0y x\u1eed l\u00fd nh\u1eb9 nh\u00e0ng.<\/p>\n<h3>N\u00f2ng c\u1ed1t c\u1ee7a nh\u1eefng c\u1ed7 m\u00e1y gi\u00e1 r\u1ebb<\/h3>\n<p>Kh\u00f4ng y\u00eau c\u1ea7u bo m\u1ea1ch ch\u1ee7 ph\u1ea3i qu\u00e1 \u0111\u1eaft ti\u1ec1n, i3-10100F c\u00f3 th\u1ec3 ch\u1ea1y t\u1ed1t tr\u00ean nh\u1eefng b\u1ea3ng m\u1ea1ch b\u00ecnh d\u00e2n nh\u01b0 H410, tuy nhi\u00ean theo kinh nghi\u1ec7m c\u1ee7a HPC, b\u1ea1n n\u00ean \u0111\u1ea7u t\u01b0 cho n\u00f3 chi\u1ebfc bo m\u1ea1ch ch\u1ee7 B460 \u0111\u1ec3 c\u00f3 \u0111\u01b0\u1ee3c hi\u1ec7u su\u1ea5t t\u1ed1t nh\u1ea5t trong qu\u00e1 tr\u00ecnh s\u1eed d\u1ee5ng.<\/p>\n<h3>Intel Core i3-10100F s\u1ebd d\u00e0nh cho ai?<\/h3>\n<p>Chi\u1ebfc\u00a0CPU Intel\u00a0n\u00e0y s\u1ebd l\u00e0 1 trong nh\u1eefng l\u1ef1a ch\u1ecdn tuy\u1ec7t v\u1eddi nh\u1ea5t cho game th\u1ee7, nh\u1eefng nh\u00e0 s\u00e1ng t\u1ea1o n\u1ed9i dung c\u0169ng nh\u01b0 d\u00e2n v\u0103n ph\u00f2ng \u0111ang mong mu\u1ed1n hi\u1ec7u n\u0103ng \u0111\u1ec9nh cao c\u00f9ng tr\u1ea3i nghi\u1ec7m m\u1edbi m\u1ebb sau nhi\u1ec1u n\u0103m th\u00e1ng s\u1eed d\u1ee5ng nh\u1eefng chi\u1ebfc m\u00e1y qu\u00e1 l\u00e2u \u0111\u1eddi.<\/p>\n<p><em><strong>D\u1ecbch v\u1ee5 \u0111i k\u00e8m c\u1ee7a H\u1ea3i Ph\u00f2ng Computer<\/strong><\/em><\/p>\n<ul>\n<li>Linh ki\u1ec7n ch\u00ednh h\u00e3ng ,b\u1ea3o h\u00e0nh d\u00e0i l\u00e2u<\/li>\n<li>H\u1ed7 tr\u1ee3 c\u00e0i \u0111\u1eb7t ph\u1ea7n m\u1ec1m \u1ee9ng d\u1ee5ng<\/li>\n<li>Linh ki\u1ec7n \u0111\u01b0\u1ee3c l\u1ef1a ch\u1ecdn , s\u00e0ng l\u1ecdc k\u1ef9 c\u00e0ng v\u1edbi \u0111\u1ed9 b\u1ec1n cao, ch\u1ebf \u0111\u1ed9 b\u1ea3o h\u00e0nh t\u1eadn nh\u00e0 t\u1ea1i H\u1ea3i Ph\u00f2ng v\u00e0 giao h\u00e0ng t\u1eadn n\u01a1i .<\/li>\n<li>Ch\u1ebf \u0111\u1ed9 b\u1ea3o h\u00e0nh d\u00e0i l\u00e2u . H\u1ed7 tr\u1ee3 v\u1ec7 sinh b\u1ea3o d\u01b0\u1ee1ng Pc mi\u1ec5n ph\u00ed cho kh\u00e1ch h\u00e0ng s\u1eed d\u1ee5ng s\u1ea3n ph\u1ea9m c\u1ee7a\u00a0<strong>H\u1ea3i Ph\u00f2ng Computer<\/strong>\u00a0.<\/li>\n<li>\u0110\u1ec3 \u0111\u01b0\u1ee3c t\u01b0 v\u1ea5n th\u00eam v\u1ec1 c\u1ea5u h\u00ecnh n\u00e0o ph\u00f9 h\u1ee3p nh\u1ea5t v\u1edbi b\u1ea1n , ch\u1ec9 c\u1ea7n nh\u1ea5c m\u00e1y li\u00ean h\u1ec7 ngay cho ch\u00fang t\u00f4i\u00a0<strong>HOTLINE : 0899.256.166<\/strong>\u00a0ho\u1eb7c li\u00ean h\u1ec7\u00a0<strong>Fanpage : H\u1ea3i Ph\u00f2ng Computer<\/strong><\/li>\n<\/ul>\n<p>H\u1ebft r\u1ed3i ! H\u1ea3i Ph\u00f2ng Computer ch\u00fac b\u1ea1n t\u00ecm \u0111\u01b0\u1ee3c s\u1ea3n ph\u1ea9m ph\u00f9 h\u1ee3p v\u1edbi nhu c\u1ea7u v\u00e0 c\u00f4ng vi\u1ec7c .<\/p>\n<p><strong>H\u1ea3i Ph\u00f2ng Computer chuy\u00ean cung c\u1ea5p\u00a0pc v\u0103n ph\u00f2ng gi\u00e1 r\u1ebb\u00a0,\u00a0pc gaming\u00a0c\u1ea5u h\u00ecnh cao ,\u00a0m\u00e1y case \u0111\u1ed3ng b\u1ed9 ,..<\/strong><\/p>\n<div>\n<div>\n<p><strong>Linh ki\u1ec7n m\u00e1y t\u00ednh gi\u00e1 r\u1ebb H\u1ea3i Ph\u00f2ng<\/strong><\/p>\n<\/div>\n<\/div>\n<\/div>\n<\/div>\n<\/div>\n<div class=\"d-none d-sm-block col-md-12 col-lg-12 col-xl-4 content-single-product\">\n<div class=\"content-product\"><\/div>\n<\/div>\n","protected":false},"excerpt":{"rendered":"<div class=\"title-list-h\">Th\u00f4ng s\u1ed1 s\u1ea3n ph\u1ea9m<\/div>\n<ul>\n<li>D\u00f2ng Core i3 th\u1ebf h\u1ec7 th\u1ee9 10 d\u00e0nh cho m\u00e1y b\u00e0n c\u1ee7a Intel<\/li>\n<li>4 nh\u00e2n &amp; 8 lu\u1ed3ng<\/li>\n<li>Xung nh\u1ecbp: 3.6GHz (C\u01a1 b\u1ea3n) \/ 4.3GHz (Boost)<\/li>\n<li>Socket: LGA1200<\/li>\n<li>\u0110\u00e3 k\u00e8m s\u1eb5n t\u1ea3n nhi\u1ec7t t\u1eeb h\u00e3ng<\/li>\n<li>Kh\u00f4ng k\u00e8m s\u1eb5n iGPU, c\u1ea7n s\u1eed d\u1ee5ng c\u00f9ng VGA r\u1eddi<\/li>\n<\/ul>\n","protected":false},"featured_media":951,"comment_status":"open","ping_status":"closed","template":"","meta":{"_acf_changed":false},"product_brand":[],"product_cat":[41],"product_tag":[],"class_list":{"0":"post-950","1":"product","2":"type-product","3":"status-publish","4":"has-post-thumbnail","6":"product_cat-cpu-bo-vi-xu-ly","8":"first","9":"instock","10":"shipping-taxable","11":"purchasable","12":"product-type-simple"},"acf":[],"_links":{"self":[{"href":"https:\/\/shopcongnghehaiphong.com\/index.php?rest_route=\/wp\/v2\/product\/950","targetHints":{"allow":["GET"]}}],"collection":[{"href":"https:\/\/shopcongnghehaiphong.com\/index.php?rest_route=\/wp\/v2\/product"}],"about":[{"href":"https:\/\/shopcongnghehaiphong.com\/index.php?rest_route=\/wp\/v2\/types\/product"}],"replies":[{"embeddable":true,"href":"https:\/\/shopcongnghehaiphong.com\/index.php?rest_route=%2Fwp%2Fv2%2Fcomments&post=950"}],"wp:featuredmedia":[{"embeddable":true,"href":"https:\/\/shopcongnghehaiphong.com\/index.php?rest_route=\/wp\/v2\/media\/951"}],"wp:attachment":[{"href":"https:\/\/shopcongnghehaiphong.com\/index.php?rest_route=%2Fwp%2Fv2%2Fmedia&parent=950"}],"wp:term":[{"taxonomy":"product_brand","embeddable":true,"href":"https:\/\/shopcongnghehaiphong.com\/index.php?rest_route=%2Fwp%2Fv2%2Fproduct_brand&post=950"},{"taxonomy":"product_cat","embeddable":true,"href":"https:\/\/shopcongnghehaiphong.com\/index.php?rest_route=%2Fwp%2Fv2%2Fproduct_cat&post=950"},{"taxonomy":"product_tag","embeddable":true,"href":"https:\/\/shopcongnghehaiphong.com\/index.php?rest_route=%2Fwp%2Fv2%2Fproduct_tag&post=950"}],"curies":[{"name":"wp","href":"https:\/\/api.w.org\/{rel}","templated":true}]}}