{"id":964,"date":"2025-01-09T15:20:24","date_gmt":"2025-01-09T08:20:24","guid":{"rendered":"https:\/\/shopcongnghehaiphong.com\/?post_type=product&#038;p=964"},"modified":"2025-01-09T15:21:18","modified_gmt":"2025-01-09T08:21:18","slug":"vo-case-kenoo-esport-g362-white-no-fan","status":"publish","type":"product","link":"https:\/\/shopcongnghehaiphong.com\/?product=vo-case-kenoo-esport-g362-white-no-fan","title":{"rendered":"V\u1ece CASE KENOO ESPORT G362 WHITE (NO FAN)"},"content":{"rendered":"<div class=\"col-md-12 col-lg-12 col-xl-8 content-single-product\">\n<div class=\"content-product\">\n<div class=\"content-in\">\n<h2>V\u1ece CASE KENOO ESPORT G362 WHITE (NO FAN)<\/h2>\n<p><img decoding=\"async\" class=\"aligncenter\" src=\"https:\/\/anphat.com.vn\/media\/lib\/20-07-2021\/thongsog362.jpg\" alt=\"\" \/><\/p>\n<p>V\u1ecf case KENOO ESPORT\u00a0 l\u00e0 s\u1ea3n ph\u1ea9m v\u1ecf case c\u1ee7a h\u00e3ng KENOO, v\u1edbi \u0111\u1ed1i t\u01b0\u1ee3ng kh\u00e1ch h\u00e0ng x\u00e2y d\u1ef1ng c\u00e1c h\u1ec7 th\u1ed1ng PC v\u1eeba v\u00e0 nh\u1ecf, v\u1edbi c\u00e1c linh ki\u1ec7n t\u1ea7m trung, nh\u1eb1m t\u1ed1i \u0111a h\u00f3a hi\u1ec7u n\u0103ng v\u00e0 ti\u1ebft ki\u1ec7m di\u1ec7n t\u00edch. S\u1ea3n ph\u1ea9m \u0111\u01b0\u1ee3c l\u00e0m b\u1eb1ng th\u00e9p m\u1ea1 SECC c\u00e1ch \u0111i\u1ec7n, m\u1eb7t b\u00ean \u0111\u01b0\u1ee3c l\u00e0m b\u1eb1ng k\u00ednh c\u01b0\u1eddng l\u1ef1c trong su\u1ed1t, v\u00e0 m\u1eb7t tr\u00ean v\u00e0 m\u1eb7t tr\u01b0\u1edbc \u0111\u01b0\u1ee3c thi\u1ebft k\u1ebf d\u1ea1ng l\u01b0\u1edbi \u0111\u1ec3 c\u00f3 th\u1ec3 tho\u00e1t kh\u00ed t\u1ed1t nh\u1ea5t, n\u00e2ng cao hi\u1ec7u qu\u1ea3 t\u1ea3n nhi\u1ec7t.<\/p>\n<p><a href=\"https:\/\/shopcongnghehaiphong.com\/wp-content\/uploads\/Screenshot-2025-01-09-151746.png\"><img loading=\"lazy\" decoding=\"async\" class=\"size-full wp-image-967 aligncenter\" src=\"https:\/\/shopcongnghehaiphong.com\/wp-content\/uploads\/Screenshot-2025-01-09-151746.png\" alt=\"\" width=\"476\" height=\"421\" srcset=\"https:\/\/shopcongnghehaiphong.com\/wp-content\/uploads\/Screenshot-2025-01-09-151746.png 476w, https:\/\/shopcongnghehaiphong.com\/wp-content\/uploads\/Screenshot-2025-01-09-151746-24x21.png 24w, https:\/\/shopcongnghehaiphong.com\/wp-content\/uploads\/Screenshot-2025-01-09-151746-36x32.png 36w, https:\/\/shopcongnghehaiphong.com\/wp-content\/uploads\/Screenshot-2025-01-09-151746-48x42.png 48w\" sizes=\"auto, (max-width: 476px) 100vw, 476px\" \/><\/a><\/p>\n<p>Tuy s\u1ea3n ph\u1ea9m c\u00f3 k\u00edch c\u1ee1 kh\u00e1 nh\u1ecf so v\u1edbi m\u1eb7t b\u1eb1ng chung ( D\u00e0i 361mm R\u1ed9ng 200mm Cao 393mm), nh\u01b0ng v\u1eabn c\u00f3 th\u1ec3 \u0111\u00e1p \u1ee9ng \u0111\u01b0\u1ee3c nhu c\u1ea7u l\u1eafp \u0111\u1eb7t v\u00e0 n\u00e2ng c\u1ea5p c\u1ee7a Game th\u1ee7, khi n\u00f3 h\u1ed7 tr\u1ee3 c\u00e1c lo\u1ea1i bo m\u1ea1ch ch\u1ee7 M-ATX, ITX ph\u1ed5 bi\u1ebfn tr\u00ean th\u1ecb tr\u01b0\u1eddng hi\u1ec7n nay. Ngo\u00e0i ra, v\u1ecf case h\u1ed7 tr\u1ee3 l\u1eafp t\u1ea3n nhi\u1ec7t kh\u00ed c\u00f3 chi\u1ec1u cao t\u1ed1i \u0111a 160mm, v\u00e0 c\u00e1c lo\u1ea1i t\u1ea3n nhi\u1ec7t AIO Rad 240mm.<\/p>\n<p>Do ch\u01b0a c\u00f3 qu\u1ea1t \u0111i k\u00e8m s\u1eb5n, n\u00ean ng\u01b0\u1eddi d\u00f9ng c\u00f3 th\u1ec3 tho\u1ea3i m\u00e1i t\u1ef1 do l\u1ef1a ch\u1ecdn c\u00e1c lo\u1ea1i qu\u1ea1t d\u1ea1ng 12cm ph\u1ed5 bi\u1ebfn tr\u00ean th\u1ecb tr\u01b0\u1eddng \u0111\u1ec3 l\u1eafp \u0111\u1eb7t v\u1edbi nhu c\u1ea7u t\u1ea3n nhi\u1ec7t v\u00e0 trang tr\u00ed, v\u1edbi kh\u1ea3 n\u0103ng l\u1eafp \u0111\u1eb7t r\u1ea5t \u0111a d\u1ea1ng: 3 Fan m\u1eb7t tr\u01b0\u1edbc, 1 Fan m\u1eb7t sau, 2 Fan m\u1eb7t tr\u00ean. Nh\u1eefng ng\u01b0\u1eddi c\u1ea7n s\u1eed d\u1ee5ng nhi\u1ec1u \u1ed5 c\u1ee9ng s\u1ebd kh\u00f4ng c\u1ea7n qu\u00e1 lo l\u1eafng v\u1ec1 vi\u1ec7c thi\u1ebfu di\u1ec7n t\u00edch, khi v\u1ecf case c\u00f3 t\u1edbi 4 khe m\u1edf r\u1ed9ng g\u1ed3m 2 khe HDD v\u00e0 2 khe SSD (d\u1ea1ng Sata III).<\/p>\n<\/div>\n<\/div>\n<\/div>\n","protected":false},"excerpt":{"rendered":"<div class=\"title-list-h\">Th\u00f4ng s\u1ed1 s\u1ea3n ph\u1ea9m<\/div>\n<ul>\n<li>Loa\u0323i case: Micro-ATX,ITX<\/li>\n<li>K\u00edch th\u01b0\u1edbc case : L361 x W200 x H393 mm<\/li>\n<li>K\u00edch th\u01b0\u1edbc c\u1ea3 b\u1ea3o b\u00ec : L453 x 260 x H425mm<\/li>\n<li>H\u1ec7 th\u1ed1ng L\u00e0m m\u00e1t : CASE CH\u01afA C\u00d3 FAN<\/li>\n<\/ul>\n","protected":false},"featured_media":967,"comment_status":"open","ping_status":"closed","template":"","meta":{"_acf_changed":false},"product_brand":[],"product_cat":[40],"product_tag":[],"class_list":{"0":"post-964","1":"product","2":"type-product","3":"status-publish","4":"has-post-thumbnail","6":"product_cat-case-vo-may-tinh","8":"first","9":"instock","10":"shipping-taxable","11":"purchasable","12":"product-type-simple"},"acf":[],"_links":{"self":[{"href":"https:\/\/shopcongnghehaiphong.com\/index.php?rest_route=\/wp\/v2\/product\/964","targetHints":{"allow":["GET"]}}],"collection":[{"href":"https:\/\/shopcongnghehaiphong.com\/index.php?rest_route=\/wp\/v2\/product"}],"about":[{"href":"https:\/\/shopcongnghehaiphong.com\/index.php?rest_route=\/wp\/v2\/types\/product"}],"replies":[{"embeddable":true,"href":"https:\/\/shopcongnghehaiphong.com\/index.php?rest_route=%2Fwp%2Fv2%2Fcomments&post=964"}],"wp:featuredmedia":[{"embeddable":true,"href":"https:\/\/shopcongnghehaiphong.com\/index.php?rest_route=\/wp\/v2\/media\/967"}],"wp:attachment":[{"href":"https:\/\/shopcongnghehaiphong.com\/index.php?rest_route=%2Fwp%2Fv2%2Fmedia&parent=964"}],"wp:term":[{"taxonomy":"product_brand","embeddable":true,"href":"https:\/\/shopcongnghehaiphong.com\/index.php?rest_route=%2Fwp%2Fv2%2Fproduct_brand&post=964"},{"taxonomy":"product_cat","embeddable":true,"href":"https:\/\/shopcongnghehaiphong.com\/index.php?rest_route=%2Fwp%2Fv2%2Fproduct_cat&post=964"},{"taxonomy":"product_tag","embeddable":true,"href":"https:\/\/shopcongnghehaiphong.com\/index.php?rest_route=%2Fwp%2Fv2%2Fproduct_tag&post=964"}],"curies":[{"name":"wp","href":"https:\/\/api.w.org\/{rel}","templated":true}]}}