{"id":969,"date":"2025-01-09T15:32:16","date_gmt":"2025-01-09T08:32:16","guid":{"rendered":"https:\/\/shopcongnghehaiphong.com\/?post_type=product&#038;p=969"},"modified":"2025-01-09T15:32:16","modified_gmt":"2025-01-09T08:32:16","slug":"vo-case-centaur-timber-trangsize-nho","status":"publish","type":"product","link":"https:\/\/shopcongnghehaiphong.com\/?product=vo-case-centaur-timber-trangsize-nho","title":{"rendered":"V\u1ece CASE CENTAUR TIMBER TR\u1eaeNG(SIZE NH\u1ece)"},"content":{"rendered":"<div class=\"col-md-12 col-lg-12 col-xl-8 content-single-product\">\n<div class=\"content-product\">\n<div class=\"content-in\">\n<p><strong>V\u1ecf Case Timber \u2013 S\u1ef1 L\u1ef1a Ch\u1ecdn Ho\u00e0n H\u1ea3o Cho M\u00e1y T\u00ednh C\u00e1 Nh\u00e2n<\/strong><\/p>\n<p>B\u1ea1n \u0111ang t\u00ecm ki\u1ebfm m\u1ed9t v\u1ecf case m\u00e1y t\u00ednh ch\u1ea5t l\u01b0\u1ee3ng v\u00e0 \u0111a d\u1ea1ng t\u00ednh n\u0103ng \u0111\u1ec3 t\u1ea1o ra m\u1ed9t h\u1ec7 th\u1ed1ng m\u00e1y t\u00ednh c\u00e1 nh\u00e2n ho\u00e0n h\u1ea3o? V\u1edbi s\u1ef1 k\u1ebft h\u1ee3p gi\u1eefa thi\u1ebft k\u1ebf hi\u1ec7n \u0111\u1ea1i, ch\u1ea5t l\u01b0\u1ee3ng v\u1eadt li\u1ec7u v\u00e0 t\u00ednh n\u0103ng linh ho\u1ea1t, v\u1ecf case Timber \u0111\u00e1ng \u0111\u1ec3 b\u1ea1n xem x\u00e9t. H\u00e3y c\u00f9ng kh\u00e1m ph\u00e1 chi ti\u1ebft v\u1ec1 s\u1ea3n ph\u1ea9m n\u00e0y qua b\u00e0i vi\u1ebft d\u01b0\u1edbi \u0111\u00e2y.<\/p>\n<p><img loading=\"lazy\" decoding=\"async\" class=\"aligncenter\" src=\"https:\/\/haiphongcomputer.vn\/wp-content\/uploads\/2024\/03\/Group-13.jpg\" alt=\"\" width=\"750\" height=\"536\" \/><\/p>\n<p><strong>1. V\u1eadt Li\u1ec7u Ch\u1ea5t L\u01b0\u1ee3ng:<\/strong>\u00a0V\u1ecf case Timber \u0111\u01b0\u1ee3c ch\u1ebf t\u1ea1o t\u1eeb v\u1eadt li\u1ec7u SPCC paint, mang l\u1ea1i \u0111\u1ed9 b\u1ec1n v\u00e0 ch\u1eafc ch\u1eafn cho c\u1ea5u tr\u00fac t\u1ed5ng th\u1ec3 c\u1ee7a s\u1ea3n ph\u1ea9m. Ch\u1ea5t li\u1ec7u n\u00e0y cung c\u1ea5p s\u1ef1 b\u1ea3o v\u1ec7 t\u1ed1t cho c\u00e1c linh ki\u1ec7n b\u00ean trong m\u00e1y t\u00ednh.<\/p>\n<p><img loading=\"lazy\" decoding=\"async\" class=\"aligncenter\" src=\"https:\/\/haiphongcomputer.vn\/wp-content\/uploads\/2024\/03\/Group-8.jpg\" alt=\"\" width=\"752\" height=\"537\" \/><\/p>\n<p><strong>2. K\u00edch Th\u01b0\u1edbc L\u00fd T\u01b0\u1edfng:<\/strong>\u00a0V\u1edbi k\u00edch th\u01b0\u1edbc 350mm (L)x210mm (w) x380mm (H), v\u1ecf case Timber \u0111\u1ee7 r\u1ed9ng r\u00e3i \u0111\u1ec3 ch\u1ee9a m\u1ecdi linh ki\u1ec7n c\u1ea7n thi\u1ebft cho m\u1ed9t h\u1ec7 th\u1ed1ng m\u00e1y t\u00ednh c\u00e1 nh\u00e2n ho\u00e0n ch\u1ec9nh.<\/p>\n<p><img loading=\"lazy\" decoding=\"async\" class=\"aligncenter\" src=\"https:\/\/haiphongcomputer.vn\/wp-content\/uploads\/2024\/03\/Group-7.jpg\" alt=\"\" width=\"750\" height=\"536\" \/><\/p>\n<p><strong>3. Ph\u1ea7n M\u1edf R\u1ed9ng HDD:<\/strong>\u00a0Timber case c\u00f3 kh\u1ea3 n\u0103ng h\u1ed7 tr\u1ee3 l\u1eafp \u0111\u1eb7t SSD 2.5\u201d x1 v\u00e0 HDD 3.5\u201d x1, gi\u00fap b\u1ea1n d\u1ec5 d\u00e0ng m\u1edf r\u1ed9ng kh\u00f4ng gian l\u01b0u tr\u1eef cho d\u1eef li\u1ec7u quan tr\u1ecdng.<\/p>\n<p><img loading=\"lazy\" decoding=\"async\" class=\"aligncenter\" src=\"https:\/\/haiphongcomputer.vn\/wp-content\/uploads\/2024\/03\/Group-12.jpg\" alt=\"\" width=\"750\" height=\"536\" \/><\/p>\n<p><strong>4. Khe M\u1edf R\u1ed9ng PCI:<\/strong>\u00a0V\u1edbi 4 khe m\u1edf r\u1ed9ng PCI, b\u1ea1n c\u00f3 \u0111\u1ee7 kh\u00f4ng gian \u0111\u1ec3 th\u00eam c\u00e1c linh ki\u1ec7n m\u1edf r\u1ed9ng nh\u01b0 card \u0111\u1ed3 h\u1ecda, card m\u1ea1ng, card \u00e2m thanh v\u00e0 nhi\u1ec1u h\u01a1n n\u1eefa.<\/p>\n<p><strong>5. H\u1ed7 Tr\u1ee3 Bo M\u1ea1ch Ch\u1ee7:<\/strong>\u00a0Timber case t\u01b0\u01a1ng th\u00edch v\u1edbi c\u00e1c lo\u1ea1i bo m\u1ea1ch ch\u1ee7 Micro-ATX v\u00e0 Mini-ITX, gi\u00fap b\u1ea1n linh ho\u1ea1t trong vi\u1ec7c l\u1ef1a ch\u1ecdn linh ki\u1ec7n cho h\u1ec7 th\u1ed1ng m\u00e1y t\u00ednh c\u00e1 nh\u00e2n c\u1ee7a m\u00ecnh.<\/p>\n<p><img loading=\"lazy\" decoding=\"async\" class=\"aligncenter\" src=\"https:\/\/haiphongcomputer.vn\/wp-content\/uploads\/2024\/03\/Group-9.jpg\" alt=\"\" width=\"753\" height=\"538\" \/><\/p>\n<p><strong>6. H\u1ed7 Tr\u1ee3 Qu\u1ea1t v\u00e0 T\u1ea3n Nhi\u1ec7t N\u01b0\u1edbc:<\/strong>\u00a0V\u1edbi c\u00e1c v\u1ecb tr\u00ed l\u1eafp \u0111\u1eb7t qu\u1ea1t \u0111a d\u1ea1ng, bao g\u1ed3m c\u1ea3 top plate, motherboard v\u00e0 bottom plate, b\u1ea1n c\u00f3 th\u1ec3 t\u00f9y ch\u1ec9nh h\u1ec7 th\u1ed1ng l\u00e0m m\u00e1t theo nhu c\u1ea7u s\u1eed d\u1ee5ng c\u1ee7a m\u00ecnh. Timber case c\u0169ng h\u1ed7 tr\u1ee3 l\u1eafp \u0111\u1eb7t h\u1ec7 th\u1ed1ng t\u1ea3n nhi\u1ec7t n\u01b0\u1edbc v\u1edbi top plate c\u00f3 th\u1ec3 l\u1eafp \u0111\u1eb7t \u0111\u01b0\u1ee3c t\u1ea3n nhi\u1ec7t 240mm.<\/p>\n<p><img loading=\"lazy\" decoding=\"async\" class=\"aligncenter\" src=\"https:\/\/haiphongcomputer.vn\/wp-content\/uploads\/2024\/03\/Group-10.jpg\" alt=\"\" width=\"749\" height=\"535\" \/><\/p>\n<p>V\u1edbi nh\u1eefng t\u00ednh n\u0103ng v\u00e0 thi\u1ebft k\u1ebf th\u00f4ng minh, v\u1ecf case Timber l\u00e0 s\u1ef1 l\u1ef1a ch\u1ecdn l\u00fd t\u01b0\u1edfng \u0111\u1ec3 t\u1ea1o ra m\u1ed9t h\u1ec7 th\u1ed1ng m\u00e1y t\u00ednh c\u00e1 nh\u00e2n \u0111a n\u0103ng v\u00e0 hi\u1ec7u qu\u1ea3. H\u00e3y trang b\u1ecb cho m\u00ecnh m\u1ed9t chi\u1ebfc Timber case v\u00e0 tr\u1ea3i nghi\u1ec7m s\u1ef1 ho\u00e0n h\u1ea3o t\u1eebng ch\u00fat m\u1ed9t!<\/p>\n<p><img loading=\"lazy\" decoding=\"async\" class=\"aligncenter\" src=\"https:\/\/haiphongcomputer.vn\/wp-content\/uploads\/2024\/03\/Group-11.jpg\" alt=\"\" width=\"752\" height=\"537\" \/><\/p>\n<p>&nbsp;<\/p>\n<\/div>\n<\/div>\n<\/div>\n<div class=\"d-none d-sm-block col-md-12 col-lg-12 col-xl-4 content-single-product\">\n<div class=\"content-product\"><\/div>\n<\/div>\n","protected":false},"excerpt":{"rendered":"<div class=\"title-list-h\">Th\u00f4ng s\u1ed1 s\u1ea3n ph\u1ea9m<\/div>\n<ul>\n<li>Th\u01b0\u01a1ng Hi\u1ec7u: Centaur<\/li>\n<li>Model: Case\u00a0Timber<\/li>\n<li>M\u00e0u S\u1eafc: White<\/li>\n<li>Ch\u1ea5t Li\u1ec7u: Steel<\/li>\n<li>H\u1ed7 Tr\u1ee3 Mainboad:\u00a0MICRO-ATX\/MINI-ITX<\/li>\n<li>C\u1ed5ng K\u1ebft N\u1ed1i:1x USB 3.0, 1x USB 1.1, 1x HD audio<\/li>\n<li>H\u1ed7 Tr\u1ee3 T\u1ea3n nhi\u1ec7t n\u01b0\u1edbc:\u00a0240mm<\/li>\n<li>K\u00edch Th\u01b0\u1edbc: 350mm (L)x210mm (w) x380mm (H)<\/li>\n<\/ul>\n","protected":false},"featured_media":975,"comment_status":"open","ping_status":"closed","template":"","meta":{"_acf_changed":false},"product_brand":[],"product_cat":[40],"product_tag":[],"class_list":{"0":"post-969","1":"product","2":"type-product","3":"status-publish","4":"has-post-thumbnail","6":"product_cat-case-vo-may-tinh","8":"first","9":"instock","10":"shipping-taxable","11":"purchasable","12":"product-type-simple"},"acf":[],"_links":{"self":[{"href":"https:\/\/shopcongnghehaiphong.com\/index.php?rest_route=\/wp\/v2\/product\/969","targetHints":{"allow":["GET"]}}],"collection":[{"href":"https:\/\/shopcongnghehaiphong.com\/index.php?rest_route=\/wp\/v2\/product"}],"about":[{"href":"https:\/\/shopcongnghehaiphong.com\/index.php?rest_route=\/wp\/v2\/types\/product"}],"replies":[{"embeddable":true,"href":"https:\/\/shopcongnghehaiphong.com\/index.php?rest_route=%2Fwp%2Fv2%2Fcomments&post=969"}],"wp:featuredmedia":[{"embeddable":true,"href":"https:\/\/shopcongnghehaiphong.com\/index.php?rest_route=\/wp\/v2\/media\/975"}],"wp:attachment":[{"href":"https:\/\/shopcongnghehaiphong.com\/index.php?rest_route=%2Fwp%2Fv2%2Fmedia&parent=969"}],"wp:term":[{"taxonomy":"product_brand","embeddable":true,"href":"https:\/\/shopcongnghehaiphong.com\/index.php?rest_route=%2Fwp%2Fv2%2Fproduct_brand&post=969"},{"taxonomy":"product_cat","embeddable":true,"href":"https:\/\/shopcongnghehaiphong.com\/index.php?rest_route=%2Fwp%2Fv2%2Fproduct_cat&post=969"},{"taxonomy":"product_tag","embeddable":true,"href":"https:\/\/shopcongnghehaiphong.com\/index.php?rest_route=%2Fwp%2Fv2%2Fproduct_tag&post=969"}],"curies":[{"name":"wp","href":"https:\/\/api.w.org\/{rel}","templated":true}]}}