{"id":991,"date":"2025-01-09T16:03:29","date_gmt":"2025-01-09T09:03:29","guid":{"rendered":"https:\/\/shopcongnghehaiphong.com\/?post_type=product&#038;p=991"},"modified":"2025-01-09T16:04:18","modified_gmt":"2025-01-09T09:04:18","slug":"vo-case-vsp-esport-republic-of-gamers-es4","status":"publish","type":"product","link":"https:\/\/shopcongnghehaiphong.com\/?product=vo-case-vsp-esport-republic-of-gamers-es4","title":{"rendered":"V\u1ece CASE VSP ESPORT REPUBLIC OF GAMERS ES4"},"content":{"rendered":"<div class=\"col-md-12 col-lg-12 col-xl-8 content-single-product\">\n<div class=\"content-product\">\n<div class=\"content-in\">\n<h2 class=\"box-title\">Th\u00f4ng tin s\u1ea3n ph\u1ea9m V\u1ecf case VSP E-ROG ES4 Gaming<\/h2>\n<div id=\"js-product-desc\" class=\"product-desc active\">\n<div id=\"js-desc-holder\">\n<p><strong>V\u1ecf case VSP E-ROG ES4 Gaming<\/strong> \u0111\u01b0\u1ee3c ph\u00e1t tri\u1ec3n d\u1ef1a tr\u00ean c\u00e1c ph\u1ea7n t\u1eed h\u00ecnh tam gi\u00e1c v\u1edbi c\u1ea5u tr\u00fac \u0111\u1ed9c \u0111\u00e1o, n\u00f3 c\u00f3 th\u1ec3 l\u1eafp \u0111\u1eb7t b\u1ed9 t\u1ea3n nhi\u1ec7t n\u01b0\u1edbc RAD 370mm v\u00e0 b\u1ed9 t\u1ea3n nhi\u1ec7t kh\u00ed chi\u1ec1u cao 170mm. B\u00ean c\u1ea1nh \u0111\u00f3, card m\u00e0n h\u00ecnh c\u00f3 k\u00edch th\u01b0\u1edbc l\u00ean \u0111\u1ebfn 460mm \u0111\u01b0\u1ee3c h\u1ed7 tr\u1ee3 v\u00e0 l\u1eafp \u0111\u1eb7t theo chi\u1ec1u ngang<\/p>\n<p><a href=\"https:\/\/shopcongnghehaiphong.com\/wp-content\/uploads\/image-removebg-preview-35.png\"><img loading=\"lazy\" decoding=\"async\" class=\"size-full wp-image-992 aligncenter\" src=\"https:\/\/shopcongnghehaiphong.com\/wp-content\/uploads\/image-removebg-preview-35.png\" alt=\"\" width=\"500\" height=\"499\" srcset=\"https:\/\/shopcongnghehaiphong.com\/wp-content\/uploads\/image-removebg-preview-35.png 500w, https:\/\/shopcongnghehaiphong.com\/wp-content\/uploads\/image-removebg-preview-35-300x300.png 300w, https:\/\/shopcongnghehaiphong.com\/wp-content\/uploads\/image-removebg-preview-35-100x100.png 100w, https:\/\/shopcongnghehaiphong.com\/wp-content\/uploads\/image-removebg-preview-35-24x24.png 24w, https:\/\/shopcongnghehaiphong.com\/wp-content\/uploads\/image-removebg-preview-35-36x36.png 36w, https:\/\/shopcongnghehaiphong.com\/wp-content\/uploads\/image-removebg-preview-35-48x48.png 48w\" sizes=\"auto, (max-width: 500px) 100vw, 500px\" \/><\/a><\/p>\n<p>\u0110\u1ed1i v\u1edbi hi\u1ec3n th\u1ecb hi\u1ec7u \u1ee9ng \u00e1nh s\u00e1ng, VSP E-ROG ES4 Gaming cung c\u1ea5p cho ng\u01b0\u1eddi d\u00f9ng nhi\u1ec1u c\u00e1ch hi\u1ec3n th\u1ecb kh\u00e1c nhau, v\u1edbi ph\u1ea7n c\u1ee9ng c\u00f3 th\u1ec3 th\u00e1o r\u1eddi b\u00ean trong. N\u00f3 c\u00f3 th\u1ec3 l\u1eafp l\u00ean \u0111\u1ebfn 4\u00a0qu\u1ea1t t\u1ea3n nhi\u1ec7t\u00a0LED cho ph\u00e9p ng\u01b0\u1eddi d\u00f9ng hi\u1ec3n th\u1ecb hi\u1ec7u \u1ee9ng \u00e1nh s\u00e1ng \u0111a g\u00f3c nh\u00ecn.<\/p>\n<p><a href=\"https:\/\/shopcongnghehaiphong.com\/wp-content\/uploads\/image-removebg-preview-38.png\"><img loading=\"lazy\" decoding=\"async\" class=\"size-full wp-image-993 aligncenter\" src=\"https:\/\/shopcongnghehaiphong.com\/wp-content\/uploads\/image-removebg-preview-38.png\" alt=\"\" width=\"499\" height=\"500\" srcset=\"https:\/\/shopcongnghehaiphong.com\/wp-content\/uploads\/image-removebg-preview-38.png 499w, https:\/\/shopcongnghehaiphong.com\/wp-content\/uploads\/image-removebg-preview-38-300x300.png 300w, https:\/\/shopcongnghehaiphong.com\/wp-content\/uploads\/image-removebg-preview-38-100x100.png 100w, https:\/\/shopcongnghehaiphong.com\/wp-content\/uploads\/image-removebg-preview-38-24x24.png 24w, https:\/\/shopcongnghehaiphong.com\/wp-content\/uploads\/image-removebg-preview-38-36x36.png 36w, https:\/\/shopcongnghehaiphong.com\/wp-content\/uploads\/image-removebg-preview-38-48x48.png 48w\" sizes=\"auto, (max-width: 499px) 100vw, 499px\" \/><\/a><\/p>\n<\/div>\n<\/div>\n<\/div>\n<\/div>\n<\/div>\n<div class=\"d-none d-sm-block col-md-12 col-lg-12 col-xl-4 content-single-product\">\n<div class=\"content-product\"><\/div>\n<\/div>\n","protected":false},"excerpt":{"rendered":"<div class=\"title-list-h\">Th\u00f4ng s\u1ed1 s\u1ea3n ph\u1ea9m<\/div>\n<ul>\n<li>Model ES4<\/li>\n<li>Chassis Super gaming case<\/li>\n<li>V\u1eadt li\u1ec7u SPCC panel 1.2m + Tempered class 4.0mm<\/li>\n<li>PSU Foam Factor ATX<\/li>\n<li>Tr\u1ecdng l\u01b0\u1ee3ng 7.2Kg\/8.5Kg<\/li>\n<li>Khay HDD\/SSD 3.5\u201d HDD x 2; 2.5\u201d SSDx2<\/li>\n<li>Khe m\u1edf r\u1ed9ng 7 slot<\/li>\n<\/ul>\n","protected":false},"featured_media":992,"comment_status":"open","ping_status":"closed","template":"","meta":{"_acf_changed":false},"product_brand":[],"product_cat":[40],"product_tag":[],"class_list":{"0":"post-991","1":"product","2":"type-product","3":"status-publish","4":"has-post-thumbnail","6":"product_cat-case-vo-may-tinh","8":"first","9":"instock","10":"shipping-taxable","11":"purchasable","12":"product-type-simple"},"acf":[],"_links":{"self":[{"href":"https:\/\/shopcongnghehaiphong.com\/index.php?rest_route=\/wp\/v2\/product\/991","targetHints":{"allow":["GET"]}}],"collection":[{"href":"https:\/\/shopcongnghehaiphong.com\/index.php?rest_route=\/wp\/v2\/product"}],"about":[{"href":"https:\/\/shopcongnghehaiphong.com\/index.php?rest_route=\/wp\/v2\/types\/product"}],"replies":[{"embeddable":true,"href":"https:\/\/shopcongnghehaiphong.com\/index.php?rest_route=%2Fwp%2Fv2%2Fcomments&post=991"}],"wp:featuredmedia":[{"embeddable":true,"href":"https:\/\/shopcongnghehaiphong.com\/index.php?rest_route=\/wp\/v2\/media\/992"}],"wp:attachment":[{"href":"https:\/\/shopcongnghehaiphong.com\/index.php?rest_route=%2Fwp%2Fv2%2Fmedia&parent=991"}],"wp:term":[{"taxonomy":"product_brand","embeddable":true,"href":"https:\/\/shopcongnghehaiphong.com\/index.php?rest_route=%2Fwp%2Fv2%2Fproduct_brand&post=991"},{"taxonomy":"product_cat","embeddable":true,"href":"https:\/\/shopcongnghehaiphong.com\/index.php?rest_route=%2Fwp%2Fv2%2Fproduct_cat&post=991"},{"taxonomy":"product_tag","embeddable":true,"href":"https:\/\/shopcongnghehaiphong.com\/index.php?rest_route=%2Fwp%2Fv2%2Fproduct_tag&post=991"}],"curies":[{"name":"wp","href":"https:\/\/api.w.org\/{rel}","templated":true}]}}