{"id":996,"date":"2025-01-09T16:11:53","date_gmt":"2025-01-09T09:11:53","guid":{"rendered":"https:\/\/shopcongnghehaiphong.com\/?post_type=product&#038;p=996"},"modified":"2025-01-09T16:30:08","modified_gmt":"2025-01-09T09:30:08","slug":"keo-tan-nhiet-pc-size-nho","status":"publish","type":"product","link":"https:\/\/shopcongnghehaiphong.com\/?product=keo-tan-nhiet-pc-size-nho","title":{"rendered":"KEO T\u1ea2N NHI\u1ec6T PC SIZE NH\u1ece"},"content":{"rendered":"","protected":false},"excerpt":{"rendered":"<div class=\"title-list-h\">Th\u00f4ng s\u1ed1 s\u1ea3n ph\u1ea9m<\/div>\n<ul>\n<li id=\"input_line_0\"><span id=\"input_part_0\" class=\"\" data-mention=\"T\u00ean s\u1ea3n ph\u1ea9m\">T\u00ean s\u1ea3n ph\u1ea9m:\u00a0<\/span>Keo T\u1ea3n Nhi\u1ec7t CPU<\/li>\n<li>Lo\u1ea1i s\u1ea3n ph\u1ea9m: Keo t\u1ea3n nhi\u1ec7t<\/li>\n<li>Th\u00e0nh ph\u1ea7n ch\u00ednh: H\u1ee3p ch\u1ea5t silicone C\u00e1c h\u1ee3p ch\u1ea5t oxit kim lo\u1ea1i (nh\u01b0 oxit nh\u00f4m, oxit k\u1ebdm)<\/li>\n<li>\u0110\u1ed9 d\u1eabn nhi\u1ec7t: Th\u00f4ng th\u01b0\u1eddng t\u1eeb 1.5 \u0111\u1ebfn 9.0 W\/mK (Watt tr\u00ean m\u00e9t-Kelvin), t\u00f9y thu\u1ed9c v\u00e0o lo\u1ea1i s\u1ea3n ph\u1ea9m c\u1ee5 th\u1ec3<\/li>\n<\/ul>\n","protected":false},"featured_media":1018,"comment_status":"open","ping_status":"closed","template":"","meta":{"_acf_changed":false},"product_brand":[],"product_cat":[49],"product_tag":[],"class_list":{"0":"post-996","1":"product","2":"type-product","3":"status-publish","4":"has-post-thumbnail","6":"product_cat-tan-nhiet-va-phu-kien","8":"first","9":"instock","10":"shipping-taxable","11":"purchasable","12":"product-type-simple"},"acf":[],"_links":{"self":[{"href":"https:\/\/shopcongnghehaiphong.com\/index.php?rest_route=\/wp\/v2\/product\/996","targetHints":{"allow":["GET"]}}],"collection":[{"href":"https:\/\/shopcongnghehaiphong.com\/index.php?rest_route=\/wp\/v2\/product"}],"about":[{"href":"https:\/\/shopcongnghehaiphong.com\/index.php?rest_route=\/wp\/v2\/types\/product"}],"replies":[{"embeddable":true,"href":"https:\/\/shopcongnghehaiphong.com\/index.php?rest_route=%2Fwp%2Fv2%2Fcomments&post=996"}],"wp:featuredmedia":[{"embeddable":true,"href":"https:\/\/shopcongnghehaiphong.com\/index.php?rest_route=\/wp\/v2\/media\/1018"}],"wp:attachment":[{"href":"https:\/\/shopcongnghehaiphong.com\/index.php?rest_route=%2Fwp%2Fv2%2Fmedia&parent=996"}],"wp:term":[{"taxonomy":"product_brand","embeddable":true,"href":"https:\/\/shopcongnghehaiphong.com\/index.php?rest_route=%2Fwp%2Fv2%2Fproduct_brand&post=996"},{"taxonomy":"product_cat","embeddable":true,"href":"https:\/\/shopcongnghehaiphong.com\/index.php?rest_route=%2Fwp%2Fv2%2Fproduct_cat&post=996"},{"taxonomy":"product_tag","embeddable":true,"href":"https:\/\/shopcongnghehaiphong.com\/index.php?rest_route=%2Fwp%2Fv2%2Fproduct_tag&post=996"}],"curies":[{"name":"wp","href":"https:\/\/api.w.org\/{rel}","templated":true}]}}